{"id":4083,"date":"2021-11-29T10:38:57","date_gmt":"2021-11-29T09:38:57","guid":{"rendered":"https:\/\/www.stretchhood.it\/la-empresa\/"},"modified":"2021-12-30T12:48:48","modified_gmt":"2021-12-30T11:48:48","slug":"la-empresa","status":"publish","type":"page","link":"https:\/\/mail.stretchhood.it\/es\/la-empresa\/","title":{"rendered":"La Empresa"},"content":{"rendered":"\n<div class=\"wp-block-columns is-layout-flex wp-container-core-columns-is-layout-1 wp-block-columns-is-layout-flex\">\n<div class=\"wp-block-column is-layout-flow wp-block-column-is-layout-flow\">\n<h3 class=\"wp-block-heading\">Bocedi srl<\/h3>\n\n\n\n<p>Con sede en el norte de Italia, Officina Bocedi srl, es fabricante de <a href=\"\/es\/sistemas-de-embalaje\/\">sistemas de embalaje<\/a> de final de l\u00ednea de gran confiabilidad. Su gama completa de productos incluye m\u00e1quinas de enfundado en fr\u00edo <a href=\"\/es\/sistemas-de-embalaje\/stretch-hood\/\">stretch hood<\/a> y <a href=\"\/es\/sistemas-de-embalaje\/termo-retractil\/\">retr\u00e1ctil<\/a>, <a href=\"\/es\/sistemas-de-embalaje\/accesorios\/#04\">l\u00edneas de transporte<\/a>, <a href=\"\/es\/sistemas-de-embalaje\/maquinas-flejadoras\/\">flejadoras<\/a> verticales y horizontales, <a href=\"\/es\/sistemas-de-embalaje\/in-box-bagmaker\/\">m\u00e1quinas para embolsado al interior de cajas<\/a> y una gran variedad de <a href=\"\/es\/sistemas-de-embalaje\/accesorios\/\">accesorios<\/a> que pueden adaptarse al ciclo de embalaje m\u00e1s exigente.<\/p>\n\n\n\n<h3 class=\"wp-block-heading\">50 a\u00f1os de experiencia<\/h3>\n\n\n\n<p>La compa\u00f1\u00eda ha diversificado h\u00e1bilmente su producci\u00f3n utilizando los m\u00e1s de 50 a\u00f1os de experiencia mundial en el mercado para dise\u00f1ar e instalar soluciones dedicadas para sectores espec\u00edficos como materiales en <a href=\"\/es\/industrias\/sacos\/\">bolsas<\/a>, <a href=\"\/es\/industrias\/ceramica-y-construccion\/\">cer\u00e1mica y construcci\u00f3n<\/a>, <a href=\"\/es\/industrias\/alimentos-y-bebidas\/\">alimentos y bebidas<\/a>, <a href=\"\/es\/industrias\/papel-y-carton\/\">papel e impresi\u00f3n<\/a>, <a href=\"\/es\/industrias\/electrodomesticos\/\">electrodom\u00e9sticos<\/a>, <a href=\"\/es\/industrias\/aislamiento\/\">aislamientos<\/a> y <a href=\"\/es\/industrias\/\">muchos m\u00e1s<\/a>.<\/p>\n\n\n\n<h3 class=\"wp-block-heading\">Soluciones de embalaje de \u00faltima generaci\u00f3n<\/h3>\n\n\n\n<p>Las necesidades y satisfacci\u00f3n de los clientes son la prioridad para todo el equipo Bocedi a la hora de dise\u00f1ar soluciones de embalaje de \u00faltima generaci\u00f3n, m\u00e1quinas a la medida de los ciclos de embalaje requeridos, para ofrecer un sistema llave en mano y de ajuste perfecto.<\/p>\n\n\n\n<p>Todas las m\u00e1quinas de embalaje est\u00e1n dise\u00f1adas para asegurar la carga durante el tr\u00e1nsito de env\u00edo, protegi\u00e9ndola contra condiciones clim\u00e1ticas adversas y preservando la integridad original de los productos.<\/p>\n<\/div>\n\n\n\n<div class=\"wp-block-column is-layout-flow wp-block-column-is-layout-flow\"><div class=\"wp-block-getwid-images-slider has-arrows-inside has-dots-inside has-images-center has-cropped-images has-fixed-height\"><div class=\"wp-block-getwid-images-slider__wrapper\" data-effect=\"fade\" data-slides-show=\"1\" data-slides-show-laptop=\"1\" data-slides-show-tablet=\"1\" data-slides-show-mobile=\"1\" data-slides-scroll=\"1\" data-autoplay=\"true\" data-autoplay-speed=\"5000\" data-infinite=\"true\" data-animation-speed=\"800\" data-center-mode=\"false\" data-variable-width=\"false\" data-arrows=\"inside\" data-dots=\"inside\" data-spacing=\"none\"><div class=\"wp-block-getwid-images-slider__item\" style=\"height:350px\"><figure><img loading=\"lazy\" decoding=\"async\" width=\"1200\" height=\"800\" src=\"https:\/\/www.stretchhood.it\/wp-content\/uploads\/2021\/12\/image-company-01.jpg\" data-id=\"2082\" data-link=\"https:\/\/www.stretchhood.it\/company\/attachment\/image-company-01\/\" data-original-link=\"https:\/\/www.stretchhood.it\/wp-content\/uploads\/2021\/12\/image-company-01.jpg\" class=\"wp-block-getwid-images-slider__image wp-image-2082\" srcset=\"https:\/\/www.stretchhood.it\/wp-content\/uploads\/2021\/12\/image-company-01.jpg 1200w, https:\/\/www.stretchhood.it\/wp-content\/uploads\/2021\/12\/image-company-01-980x653.jpg 980w, https:\/\/www.stretchhood.it\/wp-content\/uploads\/2021\/12\/image-company-01-480x320.jpg 480w\" sizes=\"(min-width: 0px) and (max-width: 480px) 480px, (min-width: 481px) and (max-width: 980px) 980px, (min-width: 981px) 1200px, 100vw\" \/><\/figure><\/div><div class=\"wp-block-getwid-images-slider__item\" style=\"height:350px\"><figure><img loading=\"lazy\" decoding=\"async\" width=\"1200\" height=\"800\" src=\"https:\/\/www.stretchhood.it\/wp-content\/uploads\/2021\/12\/image-company-02.jpg\" data-id=\"2083\" data-link=\"https:\/\/www.stretchhood.it\/company\/attachment\/image-company-02\/\" data-original-link=\"https:\/\/www.stretchhood.it\/wp-content\/uploads\/2021\/12\/image-company-02.jpg\" class=\"wp-block-getwid-images-slider__image wp-image-2083\" srcset=\"https:\/\/www.stretchhood.it\/wp-content\/uploads\/2021\/12\/image-company-02.jpg 1200w, https:\/\/www.stretchhood.it\/wp-content\/uploads\/2021\/12\/image-company-02-980x653.jpg 980w, https:\/\/www.stretchhood.it\/wp-content\/uploads\/2021\/12\/image-company-02-480x320.jpg 480w\" sizes=\"(min-width: 0px) and (max-width: 480px) 480px, (min-width: 481px) and (max-width: 980px) 980px, (min-width: 981px) 1200px, 100vw\" \/><\/figure><\/div><div class=\"wp-block-getwid-images-slider__item\" style=\"height:350px\"><figure><img loading=\"lazy\" decoding=\"async\" width=\"1200\" height=\"800\" src=\"https:\/\/www.stretchhood.it\/wp-content\/uploads\/2021\/12\/image-company-03.jpg\" data-id=\"2084\" data-link=\"https:\/\/www.stretchhood.it\/company\/attachment\/image-company-03\/\" data-original-link=\"https:\/\/www.stretchhood.it\/wp-content\/uploads\/2021\/12\/image-company-03.jpg\" class=\"wp-block-getwid-images-slider__image wp-image-2084\" srcset=\"https:\/\/www.stretchhood.it\/wp-content\/uploads\/2021\/12\/image-company-03.jpg 1200w, https:\/\/www.stretchhood.it\/wp-content\/uploads\/2021\/12\/image-company-03-980x653.jpg 980w, https:\/\/www.stretchhood.it\/wp-content\/uploads\/2021\/12\/image-company-03-480x320.jpg 480w\" sizes=\"(min-width: 0px) and (max-width: 480px) 480px, (min-width: 481px) and (max-width: 980px) 980px, (min-width: 981px) 1200px, 100vw\" \/><\/figure><\/div><div class=\"wp-block-getwid-images-slider__item\" style=\"height:350px\"><figure><img loading=\"lazy\" decoding=\"async\" width=\"1200\" height=\"800\" src=\"https:\/\/www.stretchhood.it\/wp-content\/uploads\/2021\/12\/image-company-04.jpg\" data-id=\"2372\" data-link=\"https:\/\/www.stretchhood.it\/company\/attachment\/image-company-04\/\" data-original-link=\"https:\/\/www.stretchhood.it\/wp-content\/uploads\/2021\/12\/image-company-04.jpg\" class=\"wp-block-getwid-images-slider__image wp-image-2372\" srcset=\"https:\/\/www.stretchhood.it\/wp-content\/uploads\/2021\/12\/image-company-04.jpg 1200w, https:\/\/www.stretchhood.it\/wp-content\/uploads\/2021\/12\/image-company-04-980x653.jpg 980w, https:\/\/www.stretchhood.it\/wp-content\/uploads\/2021\/12\/image-company-04-480x320.jpg 480w\" sizes=\"(min-width: 0px) and (max-width: 480px) 480px, (min-width: 481px) and (max-width: 980px) 980px, (min-width: 981px) 1200px, 100vw\" \/><\/figure><\/div><\/div><\/div>\r\n<\/div>\n<\/div>\n","protected":false},"excerpt":{"rendered":"<p>Bocedi srl Con sede en el norte de Italia, Officina Bocedi srl, es fabricante de sistemas de embalaje de final de l\u00ednea de gran confiabilidad. Su gama completa de productos incluye m\u00e1quinas de enfundado en fr\u00edo stretch hood y retr\u00e1ctil, l\u00edneas de transporte, flejadoras verticales y horizontales, m\u00e1quinas para embolsado al interior de cajas y [&hellip;]<\/p>\n","protected":false},"author":1,"featured_media":2904,"parent":0,"menu_order":0,"comment_status":"closed","ping_status":"closed","template":"","meta":{"_acf_changed":false,"_et_pb_use_builder":"off","_et_pb_old_content":"","_et_gb_content_width":"","footnotes":""},"acf":[],"yoast_head":"<!-- This site is optimized with the Yoast SEO plugin v22.7 - https:\/\/yoast.com\/wordpress\/plugins\/seo\/ -->\n<title>La Empresa - Bocedi srl<\/title>\n<meta name=\"description\" content=\"Con sede en el norte de Italia, Officina Bocedi srl, es fabricante de sistemas de embalaje de final de l\u00ednea de gran confiabilidad\" \/>\n<meta name=\"robots\" content=\"index, follow, max-snippet:-1, max-image-preview:large, max-video-preview:-1\" \/>\n<link rel=\"canonical\" href=\"https:\/\/mail.stretchhood.it\/es\/la-empresa\/\" \/>\n<meta property=\"og:locale\" content=\"es_ES\" \/>\n<meta property=\"og:type\" content=\"article\" \/>\n<meta property=\"og:title\" content=\"La Empresa - Bocedi srl\" \/>\n<meta property=\"og:description\" content=\"Con sede en el norte de Italia, Officina Bocedi srl, es fabricante de sistemas de embalaje de final de l\u00ednea de gran confiabilidad\" \/>\n<meta property=\"og:url\" content=\"https:\/\/mail.stretchhood.it\/es\/la-empresa\/\" \/>\n<meta property=\"og:site_name\" content=\"Bocedi srl\" \/>\n<meta property=\"article:modified_time\" content=\"2021-12-30T11:48:48+00:00\" \/>\n<meta property=\"og:image\" content=\"https:\/\/stretchhood.it\/wp-content\/uploads\/2021\/12\/banner-company.jpg\" \/>\n\t<meta property=\"og:image:width\" content=\"1200\" \/>\n\t<meta property=\"og:image:height\" content=\"800\" \/>\n\t<meta property=\"og:image:type\" content=\"image\/jpeg\" \/>\n<meta name=\"twitter:card\" content=\"summary_large_image\" \/>\n<meta name=\"twitter:label1\" content=\"Tiempo de lectura\" \/>\n\t<meta name=\"twitter:data1\" content=\"1 minuto\" \/>\n<script type=\"application\/ld+json\" class=\"yoast-schema-graph\">{\"@context\":\"https:\/\/schema.org\",\"@graph\":[{\"@type\":\"WebPage\",\"@id\":\"https:\/\/mail.stretchhood.it\/es\/la-empresa\/\",\"url\":\"https:\/\/mail.stretchhood.it\/es\/la-empresa\/\",\"name\":\"La Empresa - Bocedi srl\",\"isPartOf\":{\"@id\":\"https:\/\/bocedisrl.com\/#website\"},\"primaryImageOfPage\":{\"@id\":\"https:\/\/mail.stretchhood.it\/es\/la-empresa\/#primaryimage\"},\"image\":{\"@id\":\"https:\/\/mail.stretchhood.it\/es\/la-empresa\/#primaryimage\"},\"thumbnailUrl\":\"https:\/\/mail.stretchhood.it\/wp-content\/uploads\/2021\/12\/banner-company.jpg\",\"datePublished\":\"2021-11-29T09:38:57+00:00\",\"dateModified\":\"2021-12-30T11:48:48+00:00\",\"description\":\"Con sede en el norte de Italia, Officina Bocedi srl, es fabricante de sistemas de embalaje de final de l\u00ednea de gran confiabilidad\",\"breadcrumb\":{\"@id\":\"https:\/\/mail.stretchhood.it\/es\/la-empresa\/#breadcrumb\"},\"inLanguage\":\"es\",\"potentialAction\":[{\"@type\":\"ReadAction\",\"target\":[\"https:\/\/mail.stretchhood.it\/es\/la-empresa\/\"]}]},{\"@type\":\"ImageObject\",\"inLanguage\":\"es\",\"@id\":\"https:\/\/mail.stretchhood.it\/es\/la-empresa\/#primaryimage\",\"url\":\"https:\/\/mail.stretchhood.it\/wp-content\/uploads\/2021\/12\/banner-company.jpg\",\"contentUrl\":\"https:\/\/mail.stretchhood.it\/wp-content\/uploads\/2021\/12\/banner-company.jpg\",\"width\":1200,\"height\":800},{\"@type\":\"BreadcrumbList\",\"@id\":\"https:\/\/mail.stretchhood.it\/es\/la-empresa\/#breadcrumb\",\"itemListElement\":[{\"@type\":\"ListItem\",\"position\":1,\"name\":\"Home\",\"item\":\"https:\/\/mail.stretchhood.it\/es\/\"},{\"@type\":\"ListItem\",\"position\":2,\"name\":\"La Empresa\"}]},{\"@type\":\"WebSite\",\"@id\":\"https:\/\/bocedisrl.com\/#website\",\"url\":\"https:\/\/bocedisrl.com\/\",\"name\":\"Bocedi srl\",\"description\":\"Pallet Packaging Systems\",\"publisher\":{\"@id\":\"https:\/\/bocedisrl.com\/#organization\"},\"potentialAction\":[{\"@type\":\"SearchAction\",\"target\":{\"@type\":\"EntryPoint\",\"urlTemplate\":\"https:\/\/bocedisrl.com\/?s={search_term_string}\"},\"query-input\":\"required name=search_term_string\"}],\"inLanguage\":\"es\"},{\"@type\":\"Organization\",\"@id\":\"https:\/\/bocedisrl.com\/#organization\",\"name\":\"Bocedi srl\",\"url\":\"https:\/\/bocedisrl.com\/\",\"logo\":{\"@type\":\"ImageObject\",\"inLanguage\":\"es\",\"@id\":\"https:\/\/bocedisrl.com\/#\/schema\/logo\/image\/\",\"url\":\"https:\/\/www.bocedisrl.com\/wp-content\/uploads\/2021\/11\/logo-bocedi.png\",\"contentUrl\":\"https:\/\/www.bocedisrl.com\/wp-content\/uploads\/2021\/11\/logo-bocedi.png\",\"width\":800,\"height\":480,\"caption\":\"Bocedi srl\"},\"image\":{\"@id\":\"https:\/\/bocedisrl.com\/#\/schema\/logo\/image\/\"}}]}<\/script>\n<!-- \/ Yoast SEO plugin. -->","yoast_head_json":{"title":"La Empresa - Bocedi srl","description":"Con sede en el norte de Italia, Officina Bocedi srl, es fabricante de sistemas de embalaje de final de l\u00ednea de gran confiabilidad","robots":{"index":"index","follow":"follow","max-snippet":"max-snippet:-1","max-image-preview":"max-image-preview:large","max-video-preview":"max-video-preview:-1"},"canonical":"https:\/\/mail.stretchhood.it\/es\/la-empresa\/","og_locale":"es_ES","og_type":"article","og_title":"La Empresa - Bocedi srl","og_description":"Con sede en el norte de Italia, Officina Bocedi srl, es fabricante de sistemas de embalaje de final de l\u00ednea de gran confiabilidad","og_url":"https:\/\/mail.stretchhood.it\/es\/la-empresa\/","og_site_name":"Bocedi srl","article_modified_time":"2021-12-30T11:48:48+00:00","og_image":[{"width":1200,"height":800,"url":"https:\/\/stretchhood.it\/wp-content\/uploads\/2021\/12\/banner-company.jpg","type":"image\/jpeg"}],"twitter_card":"summary_large_image","twitter_misc":{"Tiempo de lectura":"1 minuto"},"schema":{"@context":"https:\/\/schema.org","@graph":[{"@type":"WebPage","@id":"https:\/\/mail.stretchhood.it\/es\/la-empresa\/","url":"https:\/\/mail.stretchhood.it\/es\/la-empresa\/","name":"La Empresa - Bocedi srl","isPartOf":{"@id":"https:\/\/bocedisrl.com\/#website"},"primaryImageOfPage":{"@id":"https:\/\/mail.stretchhood.it\/es\/la-empresa\/#primaryimage"},"image":{"@id":"https:\/\/mail.stretchhood.it\/es\/la-empresa\/#primaryimage"},"thumbnailUrl":"https:\/\/mail.stretchhood.it\/wp-content\/uploads\/2021\/12\/banner-company.jpg","datePublished":"2021-11-29T09:38:57+00:00","dateModified":"2021-12-30T11:48:48+00:00","description":"Con sede en el norte de Italia, Officina Bocedi srl, es fabricante de sistemas de embalaje de final de l\u00ednea de gran confiabilidad","breadcrumb":{"@id":"https:\/\/mail.stretchhood.it\/es\/la-empresa\/#breadcrumb"},"inLanguage":"es","potentialAction":[{"@type":"ReadAction","target":["https:\/\/mail.stretchhood.it\/es\/la-empresa\/"]}]},{"@type":"ImageObject","inLanguage":"es","@id":"https:\/\/mail.stretchhood.it\/es\/la-empresa\/#primaryimage","url":"https:\/\/mail.stretchhood.it\/wp-content\/uploads\/2021\/12\/banner-company.jpg","contentUrl":"https:\/\/mail.stretchhood.it\/wp-content\/uploads\/2021\/12\/banner-company.jpg","width":1200,"height":800},{"@type":"BreadcrumbList","@id":"https:\/\/mail.stretchhood.it\/es\/la-empresa\/#breadcrumb","itemListElement":[{"@type":"ListItem","position":1,"name":"Home","item":"https:\/\/mail.stretchhood.it\/es\/"},{"@type":"ListItem","position":2,"name":"La Empresa"}]},{"@type":"WebSite","@id":"https:\/\/bocedisrl.com\/#website","url":"https:\/\/bocedisrl.com\/","name":"Bocedi srl","description":"Pallet Packaging Systems","publisher":{"@id":"https:\/\/bocedisrl.com\/#organization"},"potentialAction":[{"@type":"SearchAction","target":{"@type":"EntryPoint","urlTemplate":"https:\/\/bocedisrl.com\/?s={search_term_string}"},"query-input":"required name=search_term_string"}],"inLanguage":"es"},{"@type":"Organization","@id":"https:\/\/bocedisrl.com\/#organization","name":"Bocedi srl","url":"https:\/\/bocedisrl.com\/","logo":{"@type":"ImageObject","inLanguage":"es","@id":"https:\/\/bocedisrl.com\/#\/schema\/logo\/image\/","url":"https:\/\/www.bocedisrl.com\/wp-content\/uploads\/2021\/11\/logo-bocedi.png","contentUrl":"https:\/\/www.bocedisrl.com\/wp-content\/uploads\/2021\/11\/logo-bocedi.png","width":800,"height":480,"caption":"Bocedi srl"},"image":{"@id":"https:\/\/bocedisrl.com\/#\/schema\/logo\/image\/"}}]}},"_links":{"self":[{"href":"https:\/\/mail.stretchhood.it\/es\/wp-json\/wp\/v2\/pages\/4083"}],"collection":[{"href":"https:\/\/mail.stretchhood.it\/es\/wp-json\/wp\/v2\/pages"}],"about":[{"href":"https:\/\/mail.stretchhood.it\/es\/wp-json\/wp\/v2\/types\/page"}],"author":[{"embeddable":true,"href":"https:\/\/mail.stretchhood.it\/es\/wp-json\/wp\/v2\/users\/1"}],"replies":[{"embeddable":true,"href":"https:\/\/mail.stretchhood.it\/es\/wp-json\/wp\/v2\/comments?post=4083"}],"version-history":[{"count":4,"href":"https:\/\/mail.stretchhood.it\/es\/wp-json\/wp\/v2\/pages\/4083\/revisions"}],"predecessor-version":[{"id":4112,"href":"https:\/\/mail.stretchhood.it\/es\/wp-json\/wp\/v2\/pages\/4083\/revisions\/4112"}],"wp:featuredmedia":[{"embeddable":true,"href":"https:\/\/mail.stretchhood.it\/es\/wp-json\/wp\/v2\/media\/2904"}],"wp:attachment":[{"href":"https:\/\/mail.stretchhood.it\/es\/wp-json\/wp\/v2\/media?parent=4083"}],"curies":[{"name":"wp","href":"https:\/\/api.w.org\/{rel}","templated":true}]}}