{"id":4119,"date":"2021-11-30T14:15:27","date_gmt":"2021-11-30T13:15:27","guid":{"rendered":"https:\/\/www.stretchhood.it\/la-empresa\/calidad-y-patentes\/"},"modified":"2025-11-05T15:56:35","modified_gmt":"2025-11-05T14:56:35","slug":"calidad-y-patentes","status":"publish","type":"page","link":"https:\/\/mail.stretchhood.it\/es\/la-empresa\/calidad-y-patentes\/","title":{"rendered":"Calidad y Patentes"},"content":{"rendered":"\n<div class=\"wp-block-columns is-layout-flex wp-container-core-columns-is-layout-1 wp-block-columns-is-layout-flex\">\n<div class=\"wp-block-column is-layout-flow wp-block-column-is-layout-flow\">\n<h3 class=\"wp-block-heading\">Fabrican en Italia<\/h3>\n\n\n\n<p>Todas las piezas que componen las m\u00e1quinas de embalaje est\u00e1n dise\u00f1adas con la experiencia de la oficina t\u00e9cnica de Bocedi; los componentes principales de las m\u00e1quinas Bocedi se obtienen y fabrican en Italia; una calidad global perfecta es la base de las l\u00edneas de producci\u00f3n de la empresa.<\/p>\n\n\n\n<h3 class=\"wp-block-heading\">Personal altamente capacitado<\/h3>\n\n\n\n<p>Todas las m\u00e1quinas se montan en la propia empresa por personal altamente capacitado; el 100% de la producci\u00f3n se somete a&nbsp;<a href=\"\/es\/servicios\/#02\">pruebas estrictas<\/a>&nbsp;antes de ser enviada de acuerdo con las especificaciones del cliente y del ciclo de producci\u00f3n.<\/p>\n\n\n\n<h3 class=\"wp-block-heading\">La simplicidad y la innovaci\u00f3n<\/h3>\n\n\n\n<p>A lo largo de su historia, la empresa Bocedi ha logrado 4 diferentes sistemas patentados en sus enfundado&nbsp;<a href=\"\/es\/sistemas-de-embalaje\/stretch-hood\/\">stretch hood<\/a>, manteniendo un equilibrio perfecto entre simplicidad e innovaci\u00f3n.<\/p>\n\n\n\n<h3 class=\"wp-block-heading\" style=\"text-decoration:underline\"><a href=\"https:\/\/www.bocedisrl.com\/wp-content\/uploads\/pdf\/2025_Politica_Integrata_9001-14001_ES.pdf\">Pol\u00edtica Integrata<\/a><\/h3>\n<\/div>\n\n\n\n<div class=\"wp-block-column is-layout-flow wp-block-column-is-layout-flow\">\n<div class=\"wp-block-getwid-images-slider has-arrows-inside has-dots-inside has-images-center has-cropped-images has-fixed-height\"><div class=\"wp-block-getwid-images-slider__wrapper\" data-effect=\"fade\" data-slides-show=\"1\" data-slides-show-laptop=\"1\" data-slides-show-tablet=\"1\" data-slides-show-mobile=\"1\" data-slides-scroll=\"1\" data-autoplay=\"true\" data-autoplay-speed=\"5000\" data-infinite=\"true\" data-animation-speed=\"800\" data-center-mode=\"false\" data-variable-width=\"false\" data-arrows=\"inside\" data-dots=\"inside\" data-spacing=\"none\"><div class=\"wp-block-getwid-images-slider__item\" style=\"height:350px\"><figure><img loading=\"lazy\" decoding=\"async\" width=\"1200\" height=\"800\" src=\"https:\/\/www.stretchhood.it\/wp-content\/uploads\/2021\/12\/image-quality-and-patents-01.jpg\" data-id=\"2033\" data-link=\"https:\/\/www.stretchhood.it\/company\/quality-and-patents\/attachment\/image-quality-and-patents-01\/\" data-original-link=\"https:\/\/www.stretchhood.it\/wp-content\/uploads\/2021\/12\/image-quality-and-patents-01.jpg\" class=\"wp-block-getwid-images-slider__image wp-image-2033\" srcset=\"https:\/\/www.stretchhood.it\/wp-content\/uploads\/2021\/12\/image-quality-and-patents-01.jpg 1200w, https:\/\/www.stretchhood.it\/wp-content\/uploads\/2021\/12\/image-quality-and-patents-01-980x653.jpg 980w, https:\/\/www.stretchhood.it\/wp-content\/uploads\/2021\/12\/image-quality-and-patents-01-480x320.jpg 480w\" sizes=\"(min-width: 0px) and (max-width: 480px) 480px, (min-width: 481px) and (max-width: 980px) 980px, (min-width: 981px) 1200px, 100vw\" \/><\/figure><\/div><\/div><\/div>\n\n\n\n<h3 class=\"wp-block-heading\">Patentes<\/h3>\n\n\n\n<figure class=\"wp-block-table is-style-stripes\"><table class=\"has-fixed-layout\"><tbody><tr><td>Stretch Hooder 4.0<\/td><td>EP 3144233<\/td><\/tr><tr><td>Stretch Hooder FB2000 <\/td><td>EP 2792599<\/td><\/tr><tr><td>Stretch Hooder FB3000<\/td><td>102019000024781<\/td><\/tr><tr><td>Stretch Hooder FB1000 <\/td><td>N 271900<\/td><\/tr><\/tbody><\/table><\/figure>\n<\/div>\n<\/div>\n","protected":false},"excerpt":{"rendered":"<p>Fabrican en Italia Todas las piezas que componen las m\u00e1quinas de embalaje est\u00e1n dise\u00f1adas con la experiencia de la oficina t\u00e9cnica de Bocedi; los componentes principales de las m\u00e1quinas Bocedi se obtienen y fabrican en Italia; una calidad global perfecta es la base de las l\u00edneas de producci\u00f3n de la empresa. Personal altamente capacitado Todas [&hellip;]<\/p>\n","protected":false},"author":1,"featured_media":2952,"parent":4083,"menu_order":0,"comment_status":"closed","ping_status":"closed","template":"","meta":{"_acf_changed":false,"_et_pb_use_builder":"","_et_pb_old_content":"","_et_gb_content_width":"","footnotes":""},"acf":[],"yoast_head":"<!-- This site is optimized with the Yoast SEO plugin v22.7 - https:\/\/yoast.com\/wordpress\/plugins\/seo\/ -->\n<title>Calidad y Patentes - Bocedi srl<\/title>\n<meta name=\"description\" content=\"Bocedi se jacta de la mejor calidad general en las l\u00edneas de producci\u00f3n de la compa\u00f1\u00eda y tres diferentes sistemas patentados.\" \/>\n<meta name=\"robots\" content=\"index, follow, max-snippet:-1, max-image-preview:large, max-video-preview:-1\" \/>\n<link rel=\"canonical\" href=\"https:\/\/mail.stretchhood.it\/es\/la-empresa\/calidad-y-patentes\/\" \/>\n<meta property=\"og:locale\" content=\"es_ES\" \/>\n<meta property=\"og:type\" content=\"article\" \/>\n<meta property=\"og:title\" content=\"Calidad y Patentes - Bocedi srl\" \/>\n<meta property=\"og:description\" content=\"Bocedi se jacta de la mejor calidad general en las l\u00edneas de producci\u00f3n de la compa\u00f1\u00eda y tres diferentes sistemas patentados.\" \/>\n<meta property=\"og:url\" content=\"https:\/\/mail.stretchhood.it\/es\/la-empresa\/calidad-y-patentes\/\" \/>\n<meta property=\"og:site_name\" content=\"Bocedi srl\" \/>\n<meta property=\"article:modified_time\" content=\"2025-11-05T14:56:35+00:00\" \/>\n<meta property=\"og:image\" content=\"https:\/\/bocedisrl.com\/wp-content\/uploads\/2021\/12\/banner-quality-and-patents.jpg\" \/>\n\t<meta property=\"og:image:width\" content=\"1200\" \/>\n\t<meta property=\"og:image:height\" content=\"800\" \/>\n\t<meta property=\"og:image:type\" content=\"image\/jpeg\" \/>\n<meta name=\"twitter:card\" content=\"summary_large_image\" \/>\n<meta name=\"twitter:label1\" content=\"Tiempo de lectura\" \/>\n\t<meta name=\"twitter:data1\" content=\"1 minuto\" \/>\n<script type=\"application\/ld+json\" class=\"yoast-schema-graph\">{\"@context\":\"https:\/\/schema.org\",\"@graph\":[{\"@type\":\"WebPage\",\"@id\":\"https:\/\/mail.stretchhood.it\/es\/la-empresa\/calidad-y-patentes\/\",\"url\":\"https:\/\/mail.stretchhood.it\/es\/la-empresa\/calidad-y-patentes\/\",\"name\":\"Calidad y Patentes - Bocedi srl\",\"isPartOf\":{\"@id\":\"https:\/\/www.stretchhood.it\/#website\"},\"primaryImageOfPage\":{\"@id\":\"https:\/\/mail.stretchhood.it\/es\/la-empresa\/calidad-y-patentes\/#primaryimage\"},\"image\":{\"@id\":\"https:\/\/mail.stretchhood.it\/es\/la-empresa\/calidad-y-patentes\/#primaryimage\"},\"thumbnailUrl\":\"https:\/\/mail.stretchhood.it\/wp-content\/uploads\/2021\/12\/banner-quality-and-patents.jpg\",\"datePublished\":\"2021-11-30T13:15:27+00:00\",\"dateModified\":\"2025-11-05T14:56:35+00:00\",\"description\":\"Bocedi se jacta de la mejor calidad general en las l\u00edneas de producci\u00f3n de la compa\u00f1\u00eda y tres diferentes sistemas patentados.\",\"breadcrumb\":{\"@id\":\"https:\/\/mail.stretchhood.it\/es\/la-empresa\/calidad-y-patentes\/#breadcrumb\"},\"inLanguage\":\"es\",\"potentialAction\":[{\"@type\":\"ReadAction\",\"target\":[\"https:\/\/mail.stretchhood.it\/es\/la-empresa\/calidad-y-patentes\/\"]}]},{\"@type\":\"ImageObject\",\"inLanguage\":\"es\",\"@id\":\"https:\/\/mail.stretchhood.it\/es\/la-empresa\/calidad-y-patentes\/#primaryimage\",\"url\":\"https:\/\/mail.stretchhood.it\/wp-content\/uploads\/2021\/12\/banner-quality-and-patents.jpg\",\"contentUrl\":\"https:\/\/mail.stretchhood.it\/wp-content\/uploads\/2021\/12\/banner-quality-and-patents.jpg\",\"width\":1200,\"height\":800},{\"@type\":\"BreadcrumbList\",\"@id\":\"https:\/\/mail.stretchhood.it\/es\/la-empresa\/calidad-y-patentes\/#breadcrumb\",\"itemListElement\":[{\"@type\":\"ListItem\",\"position\":1,\"name\":\"Home\",\"item\":\"https:\/\/mail.stretchhood.it\/es\/\"},{\"@type\":\"ListItem\",\"position\":2,\"name\":\"La Empresa\",\"item\":\"https:\/\/mail.stretchhood.it\/es\/la-empresa\/\"},{\"@type\":\"ListItem\",\"position\":3,\"name\":\"Calidad y Patentes\"}]},{\"@type\":\"WebSite\",\"@id\":\"https:\/\/www.stretchhood.it\/#website\",\"url\":\"https:\/\/www.stretchhood.it\/\",\"name\":\"Bocedi srl\",\"description\":\"Pallet Packaging Systems\",\"publisher\":{\"@id\":\"https:\/\/www.stretchhood.it\/#organization\"},\"potentialAction\":[{\"@type\":\"SearchAction\",\"target\":{\"@type\":\"EntryPoint\",\"urlTemplate\":\"https:\/\/www.stretchhood.it\/?s={search_term_string}\"},\"query-input\":\"required name=search_term_string\"}],\"inLanguage\":\"es\"},{\"@type\":\"Organization\",\"@id\":\"https:\/\/www.stretchhood.it\/#organization\",\"name\":\"Bocedi srl\",\"url\":\"https:\/\/www.stretchhood.it\/\",\"logo\":{\"@type\":\"ImageObject\",\"inLanguage\":\"es\",\"@id\":\"https:\/\/www.stretchhood.it\/#\/schema\/logo\/image\/\",\"url\":\"https:\/\/www.bocedisrl.com\/wp-content\/uploads\/2021\/11\/logo-bocedi.png\",\"contentUrl\":\"https:\/\/www.bocedisrl.com\/wp-content\/uploads\/2021\/11\/logo-bocedi.png\",\"width\":800,\"height\":480,\"caption\":\"Bocedi srl\"},\"image\":{\"@id\":\"https:\/\/www.stretchhood.it\/#\/schema\/logo\/image\/\"}}]}<\/script>\n<!-- \/ Yoast SEO plugin. -->","yoast_head_json":{"title":"Calidad y Patentes - Bocedi srl","description":"Bocedi se jacta de la mejor calidad general en las l\u00edneas de producci\u00f3n de la compa\u00f1\u00eda y tres diferentes sistemas patentados.","robots":{"index":"index","follow":"follow","max-snippet":"max-snippet:-1","max-image-preview":"max-image-preview:large","max-video-preview":"max-video-preview:-1"},"canonical":"https:\/\/mail.stretchhood.it\/es\/la-empresa\/calidad-y-patentes\/","og_locale":"es_ES","og_type":"article","og_title":"Calidad y Patentes - Bocedi srl","og_description":"Bocedi se jacta de la mejor calidad general en las l\u00edneas de producci\u00f3n de la compa\u00f1\u00eda y tres diferentes sistemas patentados.","og_url":"https:\/\/mail.stretchhood.it\/es\/la-empresa\/calidad-y-patentes\/","og_site_name":"Bocedi srl","article_modified_time":"2025-11-05T14:56:35+00:00","og_image":[{"width":1200,"height":800,"url":"https:\/\/bocedisrl.com\/wp-content\/uploads\/2021\/12\/banner-quality-and-patents.jpg","type":"image\/jpeg"}],"twitter_card":"summary_large_image","twitter_misc":{"Tiempo de lectura":"1 minuto"},"schema":{"@context":"https:\/\/schema.org","@graph":[{"@type":"WebPage","@id":"https:\/\/mail.stretchhood.it\/es\/la-empresa\/calidad-y-patentes\/","url":"https:\/\/mail.stretchhood.it\/es\/la-empresa\/calidad-y-patentes\/","name":"Calidad y Patentes - Bocedi srl","isPartOf":{"@id":"https:\/\/www.stretchhood.it\/#website"},"primaryImageOfPage":{"@id":"https:\/\/mail.stretchhood.it\/es\/la-empresa\/calidad-y-patentes\/#primaryimage"},"image":{"@id":"https:\/\/mail.stretchhood.it\/es\/la-empresa\/calidad-y-patentes\/#primaryimage"},"thumbnailUrl":"https:\/\/mail.stretchhood.it\/wp-content\/uploads\/2021\/12\/banner-quality-and-patents.jpg","datePublished":"2021-11-30T13:15:27+00:00","dateModified":"2025-11-05T14:56:35+00:00","description":"Bocedi se jacta de la mejor calidad general en las l\u00edneas de producci\u00f3n de la compa\u00f1\u00eda y tres diferentes sistemas patentados.","breadcrumb":{"@id":"https:\/\/mail.stretchhood.it\/es\/la-empresa\/calidad-y-patentes\/#breadcrumb"},"inLanguage":"es","potentialAction":[{"@type":"ReadAction","target":["https:\/\/mail.stretchhood.it\/es\/la-empresa\/calidad-y-patentes\/"]}]},{"@type":"ImageObject","inLanguage":"es","@id":"https:\/\/mail.stretchhood.it\/es\/la-empresa\/calidad-y-patentes\/#primaryimage","url":"https:\/\/mail.stretchhood.it\/wp-content\/uploads\/2021\/12\/banner-quality-and-patents.jpg","contentUrl":"https:\/\/mail.stretchhood.it\/wp-content\/uploads\/2021\/12\/banner-quality-and-patents.jpg","width":1200,"height":800},{"@type":"BreadcrumbList","@id":"https:\/\/mail.stretchhood.it\/es\/la-empresa\/calidad-y-patentes\/#breadcrumb","itemListElement":[{"@type":"ListItem","position":1,"name":"Home","item":"https:\/\/mail.stretchhood.it\/es\/"},{"@type":"ListItem","position":2,"name":"La Empresa","item":"https:\/\/mail.stretchhood.it\/es\/la-empresa\/"},{"@type":"ListItem","position":3,"name":"Calidad y Patentes"}]},{"@type":"WebSite","@id":"https:\/\/www.stretchhood.it\/#website","url":"https:\/\/www.stretchhood.it\/","name":"Bocedi srl","description":"Pallet Packaging Systems","publisher":{"@id":"https:\/\/www.stretchhood.it\/#organization"},"potentialAction":[{"@type":"SearchAction","target":{"@type":"EntryPoint","urlTemplate":"https:\/\/www.stretchhood.it\/?s={search_term_string}"},"query-input":"required name=search_term_string"}],"inLanguage":"es"},{"@type":"Organization","@id":"https:\/\/www.stretchhood.it\/#organization","name":"Bocedi srl","url":"https:\/\/www.stretchhood.it\/","logo":{"@type":"ImageObject","inLanguage":"es","@id":"https:\/\/www.stretchhood.it\/#\/schema\/logo\/image\/","url":"https:\/\/www.bocedisrl.com\/wp-content\/uploads\/2021\/11\/logo-bocedi.png","contentUrl":"https:\/\/www.bocedisrl.com\/wp-content\/uploads\/2021\/11\/logo-bocedi.png","width":800,"height":480,"caption":"Bocedi srl"},"image":{"@id":"https:\/\/www.stretchhood.it\/#\/schema\/logo\/image\/"}}]}},"_links":{"self":[{"href":"https:\/\/mail.stretchhood.it\/es\/wp-json\/wp\/v2\/pages\/4119"}],"collection":[{"href":"https:\/\/mail.stretchhood.it\/es\/wp-json\/wp\/v2\/pages"}],"about":[{"href":"https:\/\/mail.stretchhood.it\/es\/wp-json\/wp\/v2\/types\/page"}],"author":[{"embeddable":true,"href":"https:\/\/mail.stretchhood.it\/es\/wp-json\/wp\/v2\/users\/1"}],"replies":[{"embeddable":true,"href":"https:\/\/mail.stretchhood.it\/es\/wp-json\/wp\/v2\/comments?post=4119"}],"version-history":[{"count":3,"href":"https:\/\/mail.stretchhood.it\/es\/wp-json\/wp\/v2\/pages\/4119\/revisions"}],"predecessor-version":[{"id":16610,"href":"https:\/\/mail.stretchhood.it\/es\/wp-json\/wp\/v2\/pages\/4119\/revisions\/16610"}],"up":[{"embeddable":true,"href":"https:\/\/mail.stretchhood.it\/es\/wp-json\/wp\/v2\/pages\/4083"}],"wp:featuredmedia":[{"embeddable":true,"href":"https:\/\/mail.stretchhood.it\/es\/wp-json\/wp\/v2\/media\/2952"}],"wp:attachment":[{"href":"https:\/\/mail.stretchhood.it\/es\/wp-json\/wp\/v2\/media?parent=4119"}],"curies":[{"name":"wp","href":"https:\/\/api.w.org\/{rel}","templated":true}]}}