{"id":4290,"date":"2021-11-29T14:17:13","date_gmt":"2021-11-29T13:17:13","guid":{"rendered":"https:\/\/www.stretchhood.it\/sistemas-de-embalaje\/maquinas-flejadoras\/"},"modified":"2021-12-30T12:45:55","modified_gmt":"2021-12-30T11:45:55","slug":"maquinas-flejadoras","status":"publish","type":"page","link":"https:\/\/mail.stretchhood.it\/es\/sistemas-de-embalaje\/maquinas-flejadoras\/","title":{"rendered":"M\u00e1quinas Flejadoras"},"content":{"rendered":"\n<div class=\"wp-block-columns is-layout-flex wp-container-core-columns-is-layout-1 wp-block-columns-is-layout-flex\">\n<div class=\"wp-block-column is-layout-flow wp-block-column-is-layout-flow\">\n<h3 class=\"wp-block-heading\">Fuerte y confiable<\/h3>\n\n\n\n<p>Las m\u00e1quinas flejadoras verticales y horizontales con dispositivo de compactaci\u00f3n de Bocedi son el resultado de 45 a\u00f1os de experiencia en el mercado. Son un aliado fuerte y fiable cuando se trata de estabilizar y proporcionar compacidad a su carga.<\/p>\n\n\n\n<h3 class=\"wp-block-heading\">Integraci\u00f3n perfecta<\/h3>\n\n\n\n<p>Las m\u00e1quinas flejadoras Bocedi est\u00e1n dise\u00f1adas para funcionar aut\u00f3nomamente o integrarse en una\u00a0<a href=\"\/es\/sistemas-de-embalaje\/\">l\u00ednea de embalaje<\/a>\u00a0completa.<\/p>\n\n\n\n<p>Tanto las m\u00e1quinas flejadoras horizontales como las verticales est\u00e1n disponibles en versiones autom\u00e1ticas o semiautom\u00e1ticas, ideales para cualquier aplicaci\u00f3n. Aseguran la carga paletizada con flejes de polipropileno (PP) y poli\u00e9ster (PET).&#13;\nLas m\u00e1quinas son intuitivas, f\u00e1ciles de manejar y se adaptan a las necesidades de su carga.<\/p>\n\n\n\n<p>Los\u00a0<a href=\"\/es\/sistemas-de-embalaje\/accesorios\/#01\">aplicadores de protecciones para bordes<\/a>\u00a0y los\u00a0<a href=\"\/es\/sistemas-de-embalaje\/accesorios\/#03\">dispositivos de prensado\/compactaci\u00f3n<\/a>\u00a0est\u00e1n disponibles en todas las versiones.<\/p>\n<\/div>\n\n\n\n<div class=\"wp-block-column is-layout-flow wp-block-column-is-layout-flow\"><div class=\"wp-block-getwid-images-slider has-arrows-inside has-dots-inside has-images-center has-cropped-images has-fixed-height\"><div class=\"wp-block-getwid-images-slider__wrapper\" data-effect=\"fade\" data-slides-show=\"1\" data-slides-show-laptop=\"1\" data-slides-show-tablet=\"1\" data-slides-show-mobile=\"1\" data-slides-scroll=\"1\" data-autoplay=\"true\" data-autoplay-speed=\"5000\" data-infinite=\"true\" data-animation-speed=\"800\" data-center-mode=\"false\" data-variable-width=\"false\" data-arrows=\"inside\" data-dots=\"inside\" data-spacing=\"none\"><div class=\"wp-block-getwid-images-slider__item\" style=\"height:350px\"><figure><img loading=\"lazy\" decoding=\"async\" width=\"1200\" height=\"800\" src=\"https:\/\/www.stretchhood.it\/wp-content\/uploads\/2021\/12\/image-strapping-machines-01.jpg\" data-id=\"2065\" data-link=\"https:\/\/www.stretchhood.it\/packaging-systems\/strapping-machines\/attachment\/image-strapping-machines-01\/\" data-original-link=\"https:\/\/www.stretchhood.it\/wp-content\/uploads\/2021\/12\/image-strapping-machines-01.jpg\" class=\"wp-block-getwid-images-slider__image wp-image-2065\" srcset=\"https:\/\/www.stretchhood.it\/wp-content\/uploads\/2021\/12\/image-strapping-machines-01.jpg 1200w, https:\/\/www.stretchhood.it\/wp-content\/uploads\/2021\/12\/image-strapping-machines-01-980x653.jpg 980w, https:\/\/www.stretchhood.it\/wp-content\/uploads\/2021\/12\/image-strapping-machines-01-480x320.jpg 480w\" sizes=\"(min-width: 0px) and (max-width: 480px) 480px, (min-width: 481px) and (max-width: 980px) 980px, (min-width: 981px) 1200px, 100vw\" \/><\/figure><\/div><div class=\"wp-block-getwid-images-slider__item\" style=\"height:350px\"><figure><img loading=\"lazy\" decoding=\"async\" width=\"1200\" height=\"800\" src=\"https:\/\/www.stretchhood.it\/wp-content\/uploads\/2021\/12\/image-strapping-machines-02.jpg\" data-id=\"2066\" data-link=\"https:\/\/www.stretchhood.it\/packaging-systems\/strapping-machines\/attachment\/image-strapping-machines-02\/\" data-original-link=\"https:\/\/www.stretchhood.it\/wp-content\/uploads\/2021\/12\/image-strapping-machines-02.jpg\" class=\"wp-block-getwid-images-slider__image wp-image-2066\" srcset=\"https:\/\/www.stretchhood.it\/wp-content\/uploads\/2021\/12\/image-strapping-machines-02.jpg 1200w, https:\/\/www.stretchhood.it\/wp-content\/uploads\/2021\/12\/image-strapping-machines-02-980x653.jpg 980w, https:\/\/www.stretchhood.it\/wp-content\/uploads\/2021\/12\/image-strapping-machines-02-480x320.jpg 480w\" sizes=\"(min-width: 0px) and (max-width: 480px) 480px, (min-width: 481px) and (max-width: 980px) 980px, (min-width: 981px) 1200px, 100vw\" \/><\/figure><\/div><div class=\"wp-block-getwid-images-slider__item\" style=\"height:350px\"><figure><img loading=\"lazy\" decoding=\"async\" width=\"1200\" height=\"800\" src=\"https:\/\/www.stretchhood.it\/wp-content\/uploads\/2021\/12\/image-strapping-machines-03.jpg\" data-id=\"2067\" data-link=\"https:\/\/www.stretchhood.it\/packaging-systems\/strapping-machines\/attachment\/image-strapping-machines-03\/\" data-original-link=\"https:\/\/www.stretchhood.it\/wp-content\/uploads\/2021\/12\/image-strapping-machines-03.jpg\" class=\"wp-block-getwid-images-slider__image wp-image-2067\" srcset=\"https:\/\/www.stretchhood.it\/wp-content\/uploads\/2021\/12\/image-strapping-machines-03.jpg 1200w, https:\/\/www.stretchhood.it\/wp-content\/uploads\/2021\/12\/image-strapping-machines-03-980x653.jpg 980w, https:\/\/www.stretchhood.it\/wp-content\/uploads\/2021\/12\/image-strapping-machines-03-480x320.jpg 480w\" sizes=\"(min-width: 0px) and (max-width: 480px) 480px, (min-width: 481px) and (max-width: 980px) 980px, (min-width: 981px) 1200px, 100vw\" \/><\/figure><\/div><div class=\"wp-block-getwid-images-slider__item\" style=\"height:350px\"><figure><img loading=\"lazy\" decoding=\"async\" width=\"1200\" height=\"800\" src=\"https:\/\/www.stretchhood.it\/wp-content\/uploads\/2021\/12\/image-strapping-machines-04.jpg\" data-id=\"2068\" data-link=\"https:\/\/www.stretchhood.it\/packaging-systems\/strapping-machines\/attachment\/image-strapping-machines-04\/\" data-original-link=\"https:\/\/www.stretchhood.it\/wp-content\/uploads\/2021\/12\/image-strapping-machines-04.jpg\" class=\"wp-block-getwid-images-slider__image wp-image-2068\" srcset=\"https:\/\/www.stretchhood.it\/wp-content\/uploads\/2021\/12\/image-strapping-machines-04.jpg 1200w, https:\/\/www.stretchhood.it\/wp-content\/uploads\/2021\/12\/image-strapping-machines-04-980x653.jpg 980w, https:\/\/www.stretchhood.it\/wp-content\/uploads\/2021\/12\/image-strapping-machines-04-480x320.jpg 480w\" sizes=\"(min-width: 0px) and (max-width: 480px) 480px, (min-width: 481px) and (max-width: 980px) 980px, (min-width: 981px) 1200px, 100vw\" \/><\/figure><\/div><div class=\"wp-block-getwid-images-slider__item\" style=\"height:350px\"><figure><img loading=\"lazy\" decoding=\"async\" width=\"1200\" height=\"800\" src=\"https:\/\/www.stretchhood.it\/wp-content\/uploads\/2021\/12\/image-strapping-machines-05.jpg\" data-id=\"2069\" data-link=\"https:\/\/www.stretchhood.it\/packaging-systems\/strapping-machines\/attachment\/image-strapping-machines-05\/\" data-original-link=\"https:\/\/www.stretchhood.it\/wp-content\/uploads\/2021\/12\/image-strapping-machines-05.jpg\" class=\"wp-block-getwid-images-slider__image wp-image-2069\" srcset=\"https:\/\/www.stretchhood.it\/wp-content\/uploads\/2021\/12\/image-strapping-machines-05.jpg 1200w, https:\/\/www.stretchhood.it\/wp-content\/uploads\/2021\/12\/image-strapping-machines-05-980x653.jpg 980w, https:\/\/www.stretchhood.it\/wp-content\/uploads\/2021\/12\/image-strapping-machines-05-480x320.jpg 480w\" sizes=\"(min-width: 0px) and (max-width: 480px) 480px, (min-width: 481px) and (max-width: 980px) 980px, (min-width: 981px) 1200px, 100vw\" \/><\/figure><\/div><div class=\"wp-block-getwid-images-slider__item\" style=\"height:350px\"><figure><img loading=\"lazy\" decoding=\"async\" width=\"1200\" height=\"800\" src=\"https:\/\/www.stretchhood.it\/wp-content\/uploads\/2021\/12\/image-strapping-machines-06.jpg\" data-id=\"2070\" data-link=\"https:\/\/www.stretchhood.it\/packaging-systems\/strapping-machines\/attachment\/image-strapping-machines-06\/\" data-original-link=\"https:\/\/www.stretchhood.it\/wp-content\/uploads\/2021\/12\/image-strapping-machines-06.jpg\" class=\"wp-block-getwid-images-slider__image wp-image-2070\" srcset=\"https:\/\/www.stretchhood.it\/wp-content\/uploads\/2021\/12\/image-strapping-machines-06.jpg 1200w, https:\/\/www.stretchhood.it\/wp-content\/uploads\/2021\/12\/image-strapping-machines-06-980x653.jpg 980w, https:\/\/www.stretchhood.it\/wp-content\/uploads\/2021\/12\/image-strapping-machines-06-480x320.jpg 480w\" sizes=\"(min-width: 0px) and (max-width: 480px) 480px, (min-width: 481px) and (max-width: 980px) 980px, (min-width: 981px) 1200px, 100vw\" \/><\/figure><\/div><\/div><\/div>\r\n\n\n\n<h3 class=\"wp-block-heading\">Datos t\u00e9cnicos<\/h3>\n\n\n\n<figure class=\"wp-block-table is-style-stripes\"><table class=\"has-fixed-layout\"><tbody><tr><td>Productividad<\/td><td>m\u00e1s de 180+ tarimas\/h<\/td><\/tr><tr><td>Tama\u00f1o m\u00ednimo de la carga<\/td><td>600&#215;800\u00a0mm<\/td><\/tr><tr><td>Tama\u00f1o m\u00e1ximo de la carga<\/td><td>1800&#215;1200\u00a0mm<\/td><\/tr><\/tbody><\/table><\/figure>\n\n\n\n<div class=\"wp-block-buttons is-layout-flex wp-block-buttons-is-layout-flex\">\n<div class=\"wp-block-button button-quotation\"><a class=\"wp-block-button__link\" href=\"\/es\/contacto\/\">Solicitar Presupuesto<\/a><\/div>\n\n\n\n<div class=\"wp-block-button button-pdf\"><a class=\"wp-block-button__link\">Descargar Cat\u00e1logo<\/a><\/div>\n\n\n\n<div class=\"wp-block-button button-video\"><a class=\"wp-block-button__link\">Ver el V\u00eddeo<\/a><\/div>\n<\/div>\n\n\n\n<figure class=\"wp-block-video watch-video\"><video controls=\"\" poster=\"https:\/\/www.stretchhood.it\/wp-content\/uploads\/2021\/12\/video-thumb.jpg\" src=\"\/wp-content\/uploads\/video\/video-strapping-machines.mp4\"><\/video><\/figure>\n<\/div>\n<\/div>\n","protected":false},"excerpt":{"rendered":"<p>Fuerte y confiable Las m\u00e1quinas flejadoras verticales y horizontales con dispositivo de compactaci\u00f3n de Bocedi son el resultado de 45 a\u00f1os de experiencia en el mercado. Son un aliado fuerte y fiable cuando se trata de estabilizar y proporcionar compacidad a su carga. Integraci\u00f3n perfecta Las m\u00e1quinas flejadoras Bocedi est\u00e1n dise\u00f1adas para funcionar aut\u00f3nomamente o [&hellip;]<\/p>\n","protected":false},"author":1,"featured_media":2961,"parent":4011,"menu_order":0,"comment_status":"closed","ping_status":"closed","template":"","meta":{"_acf_changed":false,"_et_pb_use_builder":"off","_et_pb_old_content":"","_et_gb_content_width":"","footnotes":""},"acf":[],"yoast_head":"<!-- This site is optimized with the Yoast SEO plugin v22.7 - https:\/\/yoast.com\/wordpress\/plugins\/seo\/ -->\n<title>M\u00e1quinas Flejadoras - Bocedi srl<\/title>\n<meta name=\"description\" content=\"Las flejadoras horizontales y verticales de Bocedi aseguran fuertemente la carga paletizada mediante flejes de PP y PET.\" \/>\n<meta name=\"robots\" content=\"index, follow, max-snippet:-1, max-image-preview:large, max-video-preview:-1\" \/>\n<link rel=\"canonical\" href=\"https:\/\/mail.stretchhood.it\/es\/sistemas-de-embalaje\/maquinas-flejadoras\/\" \/>\n<meta property=\"og:locale\" content=\"es_ES\" \/>\n<meta property=\"og:type\" content=\"article\" \/>\n<meta property=\"og:title\" content=\"M\u00e1quinas Flejadoras - Bocedi srl\" \/>\n<meta property=\"og:description\" content=\"Las flejadoras horizontales y verticales de Bocedi aseguran fuertemente la carga paletizada mediante flejes de PP y PET.\" \/>\n<meta property=\"og:url\" content=\"https:\/\/mail.stretchhood.it\/es\/sistemas-de-embalaje\/maquinas-flejadoras\/\" \/>\n<meta property=\"og:site_name\" content=\"Bocedi srl\" \/>\n<meta property=\"article:modified_time\" content=\"2021-12-30T11:45:55+00:00\" \/>\n<meta property=\"og:image\" content=\"https:\/\/bocedisrl.com\/wp-content\/uploads\/2021\/12\/banner-strapping-machines.jpg\" \/>\n\t<meta property=\"og:image:width\" content=\"1200\" \/>\n\t<meta property=\"og:image:height\" content=\"800\" \/>\n\t<meta property=\"og:image:type\" content=\"image\/jpeg\" \/>\n<meta name=\"twitter:card\" content=\"summary_large_image\" \/>\n<meta name=\"twitter:label1\" content=\"Tiempo de lectura\" \/>\n\t<meta name=\"twitter:data1\" content=\"1 minuto\" \/>\n<script type=\"application\/ld+json\" class=\"yoast-schema-graph\">{\"@context\":\"https:\/\/schema.org\",\"@graph\":[{\"@type\":\"WebPage\",\"@id\":\"https:\/\/mail.stretchhood.it\/es\/sistemas-de-embalaje\/maquinas-flejadoras\/\",\"url\":\"https:\/\/mail.stretchhood.it\/es\/sistemas-de-embalaje\/maquinas-flejadoras\/\",\"name\":\"M\u00e1quinas Flejadoras - Bocedi srl\",\"isPartOf\":{\"@id\":\"https:\/\/www.stretchhood.it\/#website\"},\"primaryImageOfPage\":{\"@id\":\"https:\/\/mail.stretchhood.it\/es\/sistemas-de-embalaje\/maquinas-flejadoras\/#primaryimage\"},\"image\":{\"@id\":\"https:\/\/mail.stretchhood.it\/es\/sistemas-de-embalaje\/maquinas-flejadoras\/#primaryimage\"},\"thumbnailUrl\":\"https:\/\/mail.stretchhood.it\/wp-content\/uploads\/2021\/12\/banner-strapping-machines.jpg\",\"datePublished\":\"2021-11-29T13:17:13+00:00\",\"dateModified\":\"2021-12-30T11:45:55+00:00\",\"description\":\"Las flejadoras horizontales y verticales de Bocedi aseguran fuertemente la carga paletizada mediante flejes de PP y PET.\",\"breadcrumb\":{\"@id\":\"https:\/\/mail.stretchhood.it\/es\/sistemas-de-embalaje\/maquinas-flejadoras\/#breadcrumb\"},\"inLanguage\":\"es\",\"potentialAction\":[{\"@type\":\"ReadAction\",\"target\":[\"https:\/\/mail.stretchhood.it\/es\/sistemas-de-embalaje\/maquinas-flejadoras\/\"]}]},{\"@type\":\"ImageObject\",\"inLanguage\":\"es\",\"@id\":\"https:\/\/mail.stretchhood.it\/es\/sistemas-de-embalaje\/maquinas-flejadoras\/#primaryimage\",\"url\":\"https:\/\/mail.stretchhood.it\/wp-content\/uploads\/2021\/12\/banner-strapping-machines.jpg\",\"contentUrl\":\"https:\/\/mail.stretchhood.it\/wp-content\/uploads\/2021\/12\/banner-strapping-machines.jpg\",\"width\":1200,\"height\":800},{\"@type\":\"BreadcrumbList\",\"@id\":\"https:\/\/mail.stretchhood.it\/es\/sistemas-de-embalaje\/maquinas-flejadoras\/#breadcrumb\",\"itemListElement\":[{\"@type\":\"ListItem\",\"position\":1,\"name\":\"Home\",\"item\":\"https:\/\/mail.stretchhood.it\/es\/\"},{\"@type\":\"ListItem\",\"position\":2,\"name\":\"Sistemas de Embalaje\",\"item\":\"https:\/\/stretchhood.it\/es\/sistemas-de-embalaje\/\"},{\"@type\":\"ListItem\",\"position\":3,\"name\":\"M\u00e1quinas Flejadoras\"}]},{\"@type\":\"WebSite\",\"@id\":\"https:\/\/www.stretchhood.it\/#website\",\"url\":\"https:\/\/www.stretchhood.it\/\",\"name\":\"Bocedi srl\",\"description\":\"Pallet Packaging Systems\",\"publisher\":{\"@id\":\"https:\/\/www.stretchhood.it\/#organization\"},\"potentialAction\":[{\"@type\":\"SearchAction\",\"target\":{\"@type\":\"EntryPoint\",\"urlTemplate\":\"https:\/\/www.stretchhood.it\/?s={search_term_string}\"},\"query-input\":\"required name=search_term_string\"}],\"inLanguage\":\"es\"},{\"@type\":\"Organization\",\"@id\":\"https:\/\/www.stretchhood.it\/#organization\",\"name\":\"Bocedi srl\",\"url\":\"https:\/\/www.stretchhood.it\/\",\"logo\":{\"@type\":\"ImageObject\",\"inLanguage\":\"es\",\"@id\":\"https:\/\/www.stretchhood.it\/#\/schema\/logo\/image\/\",\"url\":\"https:\/\/www.bocedisrl.com\/wp-content\/uploads\/2021\/11\/logo-bocedi.png\",\"contentUrl\":\"https:\/\/www.bocedisrl.com\/wp-content\/uploads\/2021\/11\/logo-bocedi.png\",\"width\":800,\"height\":480,\"caption\":\"Bocedi srl\"},\"image\":{\"@id\":\"https:\/\/www.stretchhood.it\/#\/schema\/logo\/image\/\"}}]}<\/script>\n<!-- \/ Yoast SEO plugin. -->","yoast_head_json":{"title":"M\u00e1quinas Flejadoras - Bocedi srl","description":"Las flejadoras horizontales y verticales de Bocedi aseguran fuertemente la carga paletizada mediante flejes de PP y PET.","robots":{"index":"index","follow":"follow","max-snippet":"max-snippet:-1","max-image-preview":"max-image-preview:large","max-video-preview":"max-video-preview:-1"},"canonical":"https:\/\/mail.stretchhood.it\/es\/sistemas-de-embalaje\/maquinas-flejadoras\/","og_locale":"es_ES","og_type":"article","og_title":"M\u00e1quinas Flejadoras - Bocedi srl","og_description":"Las flejadoras horizontales y verticales de Bocedi aseguran fuertemente la carga paletizada mediante flejes de PP y PET.","og_url":"https:\/\/mail.stretchhood.it\/es\/sistemas-de-embalaje\/maquinas-flejadoras\/","og_site_name":"Bocedi srl","article_modified_time":"2021-12-30T11:45:55+00:00","og_image":[{"width":1200,"height":800,"url":"https:\/\/bocedisrl.com\/wp-content\/uploads\/2021\/12\/banner-strapping-machines.jpg","type":"image\/jpeg"}],"twitter_card":"summary_large_image","twitter_misc":{"Tiempo de lectura":"1 minuto"},"schema":{"@context":"https:\/\/schema.org","@graph":[{"@type":"WebPage","@id":"https:\/\/mail.stretchhood.it\/es\/sistemas-de-embalaje\/maquinas-flejadoras\/","url":"https:\/\/mail.stretchhood.it\/es\/sistemas-de-embalaje\/maquinas-flejadoras\/","name":"M\u00e1quinas Flejadoras - Bocedi srl","isPartOf":{"@id":"https:\/\/www.stretchhood.it\/#website"},"primaryImageOfPage":{"@id":"https:\/\/mail.stretchhood.it\/es\/sistemas-de-embalaje\/maquinas-flejadoras\/#primaryimage"},"image":{"@id":"https:\/\/mail.stretchhood.it\/es\/sistemas-de-embalaje\/maquinas-flejadoras\/#primaryimage"},"thumbnailUrl":"https:\/\/mail.stretchhood.it\/wp-content\/uploads\/2021\/12\/banner-strapping-machines.jpg","datePublished":"2021-11-29T13:17:13+00:00","dateModified":"2021-12-30T11:45:55+00:00","description":"Las flejadoras horizontales y verticales de Bocedi aseguran fuertemente la carga paletizada mediante flejes de PP y PET.","breadcrumb":{"@id":"https:\/\/mail.stretchhood.it\/es\/sistemas-de-embalaje\/maquinas-flejadoras\/#breadcrumb"},"inLanguage":"es","potentialAction":[{"@type":"ReadAction","target":["https:\/\/mail.stretchhood.it\/es\/sistemas-de-embalaje\/maquinas-flejadoras\/"]}]},{"@type":"ImageObject","inLanguage":"es","@id":"https:\/\/mail.stretchhood.it\/es\/sistemas-de-embalaje\/maquinas-flejadoras\/#primaryimage","url":"https:\/\/mail.stretchhood.it\/wp-content\/uploads\/2021\/12\/banner-strapping-machines.jpg","contentUrl":"https:\/\/mail.stretchhood.it\/wp-content\/uploads\/2021\/12\/banner-strapping-machines.jpg","width":1200,"height":800},{"@type":"BreadcrumbList","@id":"https:\/\/mail.stretchhood.it\/es\/sistemas-de-embalaje\/maquinas-flejadoras\/#breadcrumb","itemListElement":[{"@type":"ListItem","position":1,"name":"Home","item":"https:\/\/mail.stretchhood.it\/es\/"},{"@type":"ListItem","position":2,"name":"Sistemas de Embalaje","item":"https:\/\/stretchhood.it\/es\/sistemas-de-embalaje\/"},{"@type":"ListItem","position":3,"name":"M\u00e1quinas Flejadoras"}]},{"@type":"WebSite","@id":"https:\/\/www.stretchhood.it\/#website","url":"https:\/\/www.stretchhood.it\/","name":"Bocedi srl","description":"Pallet Packaging Systems","publisher":{"@id":"https:\/\/www.stretchhood.it\/#organization"},"potentialAction":[{"@type":"SearchAction","target":{"@type":"EntryPoint","urlTemplate":"https:\/\/www.stretchhood.it\/?s={search_term_string}"},"query-input":"required name=search_term_string"}],"inLanguage":"es"},{"@type":"Organization","@id":"https:\/\/www.stretchhood.it\/#organization","name":"Bocedi srl","url":"https:\/\/www.stretchhood.it\/","logo":{"@type":"ImageObject","inLanguage":"es","@id":"https:\/\/www.stretchhood.it\/#\/schema\/logo\/image\/","url":"https:\/\/www.bocedisrl.com\/wp-content\/uploads\/2021\/11\/logo-bocedi.png","contentUrl":"https:\/\/www.bocedisrl.com\/wp-content\/uploads\/2021\/11\/logo-bocedi.png","width":800,"height":480,"caption":"Bocedi srl"},"image":{"@id":"https:\/\/www.stretchhood.it\/#\/schema\/logo\/image\/"}}]}},"_links":{"self":[{"href":"https:\/\/mail.stretchhood.it\/es\/wp-json\/wp\/v2\/pages\/4290"}],"collection":[{"href":"https:\/\/mail.stretchhood.it\/es\/wp-json\/wp\/v2\/pages"}],"about":[{"href":"https:\/\/mail.stretchhood.it\/es\/wp-json\/wp\/v2\/types\/page"}],"author":[{"embeddable":true,"href":"https:\/\/mail.stretchhood.it\/es\/wp-json\/wp\/v2\/users\/1"}],"replies":[{"embeddable":true,"href":"https:\/\/mail.stretchhood.it\/es\/wp-json\/wp\/v2\/comments?post=4290"}],"version-history":[{"count":1,"href":"https:\/\/mail.stretchhood.it\/es\/wp-json\/wp\/v2\/pages\/4290\/revisions"}],"predecessor-version":[{"id":4291,"href":"https:\/\/mail.stretchhood.it\/es\/wp-json\/wp\/v2\/pages\/4290\/revisions\/4291"}],"up":[{"embeddable":true,"href":"https:\/\/mail.stretchhood.it\/es\/wp-json\/wp\/v2\/pages\/4011"}],"wp:featuredmedia":[{"embeddable":true,"href":"https:\/\/mail.stretchhood.it\/es\/wp-json\/wp\/v2\/media\/2961"}],"wp:attachment":[{"href":"https:\/\/mail.stretchhood.it\/es\/wp-json\/wp\/v2\/media?parent=4290"}],"curies":[{"name":"wp","href":"https:\/\/api.w.org\/{rel}","templated":true}]}}