{"id":4369,"date":"2021-12-09T11:04:00","date_gmt":"2021-12-09T10:04:00","guid":{"rendered":"https:\/\/www.stretchhood.it\/sistemas-de-embalaje\/stretch-hood\/fb3000\/"},"modified":"2021-12-30T12:44:19","modified_gmt":"2021-12-30T11:44:19","slug":"fb3000","status":"publish","type":"page","link":"https:\/\/mail.stretchhood.it\/es\/sistemas-de-embalaje\/stretch-hood\/fb3000\/","title":{"rendered":"FB3000"},"content":{"rendered":"\n<div class=\"wp-block-columns is-layout-flex wp-container-core-columns-is-layout-1 wp-block-columns-is-layout-flex\">\n<div class=\"wp-block-column is-layout-flow wp-block-column-is-layout-flow\">\n<h3 class=\"wp-block-heading\">FB3000<\/h3>\n\n\n\n<p>La enfundadora en frio FB3000 ha sido creada para ofrecer soluciones de empaque flexibles. Con el sistema de abertura del pl\u00e1stico de tipo cartesiano se pueden empacar una grande gama de productos de varios tama\u00f1os y formas distintas.<\/p>\n\n\n\n<p>El sistema\u00a0<a href=\"\/es\/la-empresa\/calidad-y-patentes\/\">patentado<\/a>\u00a0de la FB3000 permite hacer\u00a0todas las operaciones de mantenimiento y de uso normal como el cambio de bobina al suelo. Gracias a esta funci\u00f3n del equipo, es posible elegir por separado el sistema de cambio bobina o el grupo con barra de soldadura y cortado para hacer las dos operaciones en total seguridad.<\/p>\n\n\n\n<p>Nuestro dispositivo de abertura del film puede trabajar con varios tipos de pl\u00e1stico, con espesor desde un 20 hasta 200 micras y con pl\u00e1stico imprimido, transparente o colorado.<\/p>\n\n\n\n<p>La capacidad de la FB3000 puede llegar a 80 pallets\/hora. El sistema de detecci\u00f3n autom\u00e1tico de la altura y de las dimensiones de los productos permite crear una funda a medida para cada pallet y configuraci\u00f3n.<\/p>\n\n\n\n<p>La enfundadora FB3000 es un equipo simple, gracias al uso de solamente movimientos neum\u00e1ticos asegura una fiabilidad completa y no necesita de un mantenimiento elevado.<\/p>\n\n\n\n<p>La tecnolog\u00eda Stretch Hood ofrece la posibilidad de hacer varios tipos de acabados del pl\u00e1stico para embalar vuestros pallets en toral seguridad y poder personalizar vuestro empaque.<\/p>\n<\/div>\n\n\n\n<div class=\"wp-block-column is-layout-flow wp-block-column-is-layout-flow\"><div class=\"wp-block-getwid-images-slider has-arrows-inside has-dots-inside has-images-center has-cropped-images has-fixed-height\"><div class=\"wp-block-getwid-images-slider__wrapper\" data-effect=\"fade\" data-slides-show=\"1\" data-slides-show-laptop=\"1\" data-slides-show-tablet=\"1\" data-slides-show-mobile=\"1\" data-slides-scroll=\"1\" data-autoplay=\"true\" data-autoplay-speed=\"5000\" data-infinite=\"true\" data-animation-speed=\"800\" data-center-mode=\"false\" data-variable-width=\"false\" data-arrows=\"inside\" data-dots=\"inside\" data-spacing=\"none\"><div class=\"wp-block-getwid-images-slider__item\" style=\"height:350px\"><figure><img loading=\"lazy\" decoding=\"async\" width=\"1200\" height=\"800\" src=\"https:\/\/www.stretchhood.it\/wp-content\/uploads\/2021\/12\/image-fb3000-01.jpg\" data-id=\"2119\" data-link=\"https:\/\/www.stretchhood.it\/packaging-systems\/stretch-hood-machines\/fb3000\/attachment\/image-fb3000-01\/\" data-original-link=\"https:\/\/www.stretchhood.it\/wp-content\/uploads\/2021\/12\/image-fb3000-01.jpg\" class=\"wp-block-getwid-images-slider__image wp-image-2119\" srcset=\"https:\/\/www.stretchhood.it\/wp-content\/uploads\/2021\/12\/image-fb3000-01.jpg 1200w, https:\/\/www.stretchhood.it\/wp-content\/uploads\/2021\/12\/image-fb3000-01-980x653.jpg 980w, https:\/\/www.stretchhood.it\/wp-content\/uploads\/2021\/12\/image-fb3000-01-480x320.jpg 480w\" sizes=\"(min-width: 0px) and (max-width: 480px) 480px, (min-width: 481px) and (max-width: 980px) 980px, (min-width: 981px) 1200px, 100vw\" \/><\/figure><\/div><div class=\"wp-block-getwid-images-slider__item\" style=\"height:350px\"><figure><img loading=\"lazy\" decoding=\"async\" width=\"1200\" height=\"800\" src=\"https:\/\/www.stretchhood.it\/wp-content\/uploads\/2021\/12\/image-fb3000-02.jpg\" data-id=\"2120\" data-link=\"https:\/\/www.stretchhood.it\/packaging-systems\/stretch-hood-machines\/fb3000\/attachment\/image-fb3000-02\/\" data-original-link=\"https:\/\/www.stretchhood.it\/wp-content\/uploads\/2021\/12\/image-fb3000-02.jpg\" class=\"wp-block-getwid-images-slider__image wp-image-2120\" srcset=\"https:\/\/www.stretchhood.it\/wp-content\/uploads\/2021\/12\/image-fb3000-02.jpg 1200w, https:\/\/www.stretchhood.it\/wp-content\/uploads\/2021\/12\/image-fb3000-02-980x653.jpg 980w, https:\/\/www.stretchhood.it\/wp-content\/uploads\/2021\/12\/image-fb3000-02-480x320.jpg 480w\" sizes=\"(min-width: 0px) and (max-width: 480px) 480px, (min-width: 481px) and (max-width: 980px) 980px, (min-width: 981px) 1200px, 100vw\" \/><\/figure><\/div><div class=\"wp-block-getwid-images-slider__item\" style=\"height:350px\"><figure><img loading=\"lazy\" decoding=\"async\" width=\"1200\" height=\"800\" src=\"https:\/\/www.stretchhood.it\/wp-content\/uploads\/2021\/12\/image-fb3000-03.jpg\" data-id=\"2121\" data-link=\"https:\/\/www.stretchhood.it\/packaging-systems\/stretch-hood-machines\/fb3000\/attachment\/image-fb3000-03\/\" data-original-link=\"https:\/\/www.stretchhood.it\/wp-content\/uploads\/2021\/12\/image-fb3000-03.jpg\" class=\"wp-block-getwid-images-slider__image wp-image-2121\" srcset=\"https:\/\/www.stretchhood.it\/wp-content\/uploads\/2021\/12\/image-fb3000-03.jpg 1200w, https:\/\/www.stretchhood.it\/wp-content\/uploads\/2021\/12\/image-fb3000-03-980x653.jpg 980w, https:\/\/www.stretchhood.it\/wp-content\/uploads\/2021\/12\/image-fb3000-03-480x320.jpg 480w\" sizes=\"(min-width: 0px) and (max-width: 480px) 480px, (min-width: 481px) and (max-width: 980px) 980px, (min-width: 981px) 1200px, 100vw\" \/><\/figure><\/div><div class=\"wp-block-getwid-images-slider__item\" style=\"height:350px\"><figure><img loading=\"lazy\" decoding=\"async\" width=\"1200\" height=\"800\" src=\"https:\/\/www.stretchhood.it\/wp-content\/uploads\/2021\/12\/image-fb3000-04.jpg\" data-id=\"2122\" data-link=\"https:\/\/www.stretchhood.it\/packaging-systems\/stretch-hood-machines\/fb3000\/attachment\/image-fb3000-04\/\" data-original-link=\"https:\/\/www.stretchhood.it\/wp-content\/uploads\/2021\/12\/image-fb3000-04.jpg\" class=\"wp-block-getwid-images-slider__image wp-image-2122\" srcset=\"https:\/\/www.stretchhood.it\/wp-content\/uploads\/2021\/12\/image-fb3000-04.jpg 1200w, https:\/\/www.stretchhood.it\/wp-content\/uploads\/2021\/12\/image-fb3000-04-980x653.jpg 980w, https:\/\/www.stretchhood.it\/wp-content\/uploads\/2021\/12\/image-fb3000-04-480x320.jpg 480w\" sizes=\"(min-width: 0px) and (max-width: 480px) 480px, (min-width: 481px) and (max-width: 980px) 980px, (min-width: 981px) 1200px, 100vw\" \/><\/figure><\/div><div class=\"wp-block-getwid-images-slider__item\" style=\"height:350px\"><figure><img loading=\"lazy\" decoding=\"async\" width=\"1200\" height=\"800\" src=\"https:\/\/www.stretchhood.it\/wp-content\/uploads\/2021\/12\/image-fb3000-05.jpg\" data-id=\"2123\" data-link=\"https:\/\/www.stretchhood.it\/packaging-systems\/stretch-hood-machines\/fb3000\/attachment\/image-fb3000-05\/\" data-original-link=\"https:\/\/www.stretchhood.it\/wp-content\/uploads\/2021\/12\/image-fb3000-05.jpg\" class=\"wp-block-getwid-images-slider__image wp-image-2123\" srcset=\"https:\/\/www.stretchhood.it\/wp-content\/uploads\/2021\/12\/image-fb3000-05.jpg 1200w, https:\/\/www.stretchhood.it\/wp-content\/uploads\/2021\/12\/image-fb3000-05-980x653.jpg 980w, https:\/\/www.stretchhood.it\/wp-content\/uploads\/2021\/12\/image-fb3000-05-480x320.jpg 480w\" sizes=\"(min-width: 0px) and (max-width: 480px) 480px, (min-width: 481px) and (max-width: 980px) 980px, (min-width: 981px) 1200px, 100vw\" \/><\/figure><\/div><\/div><\/div>\r\n\n\n\n<h3 class=\"wp-block-heading\">Datos t\u00e9cnicos<\/h3>\n\n\n\n<figure class=\"wp-block-table is-style-stripes\"><table class=\"has-fixed-layout\"><tbody><tr><td>Productividad<\/td><td>280 tarimas\/h<\/td><\/tr><tr><td>Tama\u00f1o m\u00ednimo de la carga<\/td><td>600&#215;600\u00a0mm<\/td><\/tr><tr><td>Tama\u00f1o m\u00e1ximo de la carga<\/td><td>2600&#215;1400\u00a0mm<\/td><\/tr><\/tbody><\/table><\/figure>\n\n\n\n<figure class=\"wp-block-table is-style-stripes\"><table class=\"has-fixed-layout\"><tbody><tr><td><strong>Modelo<\/strong><\/td><td><strong>Tama\u00f1o m\u00e1ximo de palet (LxW)<\/strong><\/td><\/tr><tr><td>FB3000 Peque\u00f1a<\/td><td>950&#215;800 mm<\/td><\/tr><tr><td>FB3000 Est\u00e1ndar<\/td><td>1350&#215;1150 mm<\/td><\/tr><tr><td>FB3000 XL<\/td><td>1800&#215;1400 mm<\/td><\/tr><tr><td>FB3000 XXL<\/td><td>2600&#215;1400 mm<\/td><\/tr><\/tbody><\/table><\/figure>\n\n\n\n<div class=\"wp-block-buttons is-layout-flex wp-block-buttons-is-layout-flex\">\n<div class=\"wp-block-button button-quotation\"><a class=\"wp-block-button__link\" href=\"\/es\/contacto\/\">Solicitar Presupuesto<\/a><\/div>\n\n\n\n<div class=\"wp-block-button button-pdf inactive\"><a class=\"wp-block-button__link\">Descargar Cat\u00e1logo<\/a><\/div>\n\n\n\n<div class=\"wp-block-button button-video\"><a class=\"wp-block-button__link\">Ver el V\u00eddeo<\/a><\/div>\n<\/div>\n\n\n\n<figure class=\"wp-block-video watch-video\"><video controls=\"\" poster=\"https:\/\/www.stretchhood.it\/wp-content\/uploads\/2021\/12\/video-thumb.jpg\" src=\"\/wp-content\/uploads\/video\/video-fb3000.mp4\"><\/video><\/figure>\n<\/div>\n<\/div>\n","protected":false},"excerpt":{"rendered":"<p>FB3000 La enfundadora en frio FB3000 ha sido creada para ofrecer soluciones de empaque flexibles. Con el sistema de abertura del pl\u00e1stico de tipo cartesiano se pueden empacar una grande gama de productos de varios tama\u00f1os y formas distintas. El sistema\u00a0patentado\u00a0de la FB3000 permite hacer\u00a0todas las operaciones de mantenimiento y de uso normal como el [&hellip;]<\/p>\n","protected":false},"author":1,"featured_media":2883,"parent":4139,"menu_order":0,"comment_status":"closed","ping_status":"closed","template":"","meta":{"_acf_changed":false,"_et_pb_use_builder":"off","_et_pb_old_content":"","_et_gb_content_width":"","footnotes":""},"acf":[],"yoast_head":"<!-- This site is optimized with the Yoast SEO plugin v22.7 - https:\/\/yoast.com\/wordpress\/plugins\/seo\/ -->\n<title>FB3000 - Bocedi srl<\/title>\n<meta name=\"description\" content=\"La enfundadora en frio FB3000 ha sido creada para ofrecer soluciones de empaque flexibles y te permite empacar una grande gama de productos de varios tama\u00f1os y formas distintas.\" \/>\n<meta name=\"robots\" content=\"index, follow, max-snippet:-1, max-image-preview:large, max-video-preview:-1\" \/>\n<link rel=\"canonical\" href=\"https:\/\/mail.stretchhood.it\/es\/sistemas-de-embalaje\/stretch-hood\/fb3000\/\" \/>\n<meta property=\"og:locale\" content=\"es_ES\" \/>\n<meta property=\"og:type\" content=\"article\" \/>\n<meta property=\"og:title\" content=\"FB3000 - Bocedi srl\" \/>\n<meta property=\"og:description\" content=\"La enfundadora en frio FB3000 ha sido creada para ofrecer soluciones de empaque flexibles y te permite empacar una grande gama de productos de varios tama\u00f1os y formas distintas.\" \/>\n<meta property=\"og:url\" content=\"https:\/\/mail.stretchhood.it\/es\/sistemas-de-embalaje\/stretch-hood\/fb3000\/\" \/>\n<meta property=\"og:site_name\" content=\"Bocedi srl\" \/>\n<meta property=\"article:modified_time\" content=\"2021-12-30T11:44:19+00:00\" \/>\n<meta property=\"og:image\" content=\"https:\/\/bocedisrl.com\/wp-content\/uploads\/2021\/12\/3d-fb3000.jpg\" \/>\n\t<meta property=\"og:image:width\" content=\"1200\" \/>\n\t<meta property=\"og:image:height\" content=\"800\" \/>\n\t<meta property=\"og:image:type\" content=\"image\/jpeg\" \/>\n<meta name=\"twitter:card\" content=\"summary_large_image\" \/>\n<meta name=\"twitter:label1\" content=\"Tiempo de lectura\" \/>\n\t<meta name=\"twitter:data1\" content=\"1 minuto\" \/>\n<script type=\"application\/ld+json\" class=\"yoast-schema-graph\">{\"@context\":\"https:\/\/schema.org\",\"@graph\":[{\"@type\":\"WebPage\",\"@id\":\"https:\/\/mail.stretchhood.it\/es\/sistemas-de-embalaje\/stretch-hood\/fb3000\/\",\"url\":\"https:\/\/mail.stretchhood.it\/es\/sistemas-de-embalaje\/stretch-hood\/fb3000\/\",\"name\":\"FB3000 - Bocedi srl\",\"isPartOf\":{\"@id\":\"https:\/\/www.stretchhood.it\/#website\"},\"primaryImageOfPage\":{\"@id\":\"https:\/\/mail.stretchhood.it\/es\/sistemas-de-embalaje\/stretch-hood\/fb3000\/#primaryimage\"},\"image\":{\"@id\":\"https:\/\/mail.stretchhood.it\/es\/sistemas-de-embalaje\/stretch-hood\/fb3000\/#primaryimage\"},\"thumbnailUrl\":\"https:\/\/mail.stretchhood.it\/wp-content\/uploads\/2021\/12\/3d-fb3000.jpg\",\"datePublished\":\"2021-12-09T10:04:00+00:00\",\"dateModified\":\"2021-12-30T11:44:19+00:00\",\"description\":\"La enfundadora en frio FB3000 ha sido creada para ofrecer soluciones de empaque flexibles y te permite empacar una grande gama de productos de varios tama\u00f1os y formas distintas.\",\"breadcrumb\":{\"@id\":\"https:\/\/mail.stretchhood.it\/es\/sistemas-de-embalaje\/stretch-hood\/fb3000\/#breadcrumb\"},\"inLanguage\":\"es\",\"potentialAction\":[{\"@type\":\"ReadAction\",\"target\":[\"https:\/\/mail.stretchhood.it\/es\/sistemas-de-embalaje\/stretch-hood\/fb3000\/\"]}]},{\"@type\":\"ImageObject\",\"inLanguage\":\"es\",\"@id\":\"https:\/\/mail.stretchhood.it\/es\/sistemas-de-embalaje\/stretch-hood\/fb3000\/#primaryimage\",\"url\":\"https:\/\/mail.stretchhood.it\/wp-content\/uploads\/2021\/12\/3d-fb3000.jpg\",\"contentUrl\":\"https:\/\/mail.stretchhood.it\/wp-content\/uploads\/2021\/12\/3d-fb3000.jpg\",\"width\":1200,\"height\":800},{\"@type\":\"BreadcrumbList\",\"@id\":\"https:\/\/mail.stretchhood.it\/es\/sistemas-de-embalaje\/stretch-hood\/fb3000\/#breadcrumb\",\"itemListElement\":[{\"@type\":\"ListItem\",\"position\":1,\"name\":\"Home\",\"item\":\"https:\/\/mail.stretchhood.it\/es\/\"},{\"@type\":\"ListItem\",\"position\":2,\"name\":\"Sistemas de Embalaje\",\"item\":\"https:\/\/stretchhood.it\/es\/sistemas-de-embalaje\/\"},{\"@type\":\"ListItem\",\"position\":3,\"name\":\"Stretch Hood\",\"item\":\"https:\/\/mail.stretchhood.it\/es\/sistemas-de-embalaje\/stretch-hood\/\"},{\"@type\":\"ListItem\",\"position\":4,\"name\":\"FB3000\"}]},{\"@type\":\"WebSite\",\"@id\":\"https:\/\/www.stretchhood.it\/#website\",\"url\":\"https:\/\/www.stretchhood.it\/\",\"name\":\"Bocedi srl\",\"description\":\"Pallet Packaging Systems\",\"publisher\":{\"@id\":\"https:\/\/www.stretchhood.it\/#organization\"},\"potentialAction\":[{\"@type\":\"SearchAction\",\"target\":{\"@type\":\"EntryPoint\",\"urlTemplate\":\"https:\/\/www.stretchhood.it\/?s={search_term_string}\"},\"query-input\":\"required name=search_term_string\"}],\"inLanguage\":\"es\"},{\"@type\":\"Organization\",\"@id\":\"https:\/\/www.stretchhood.it\/#organization\",\"name\":\"Bocedi srl\",\"url\":\"https:\/\/www.stretchhood.it\/\",\"logo\":{\"@type\":\"ImageObject\",\"inLanguage\":\"es\",\"@id\":\"https:\/\/www.stretchhood.it\/#\/schema\/logo\/image\/\",\"url\":\"https:\/\/www.bocedisrl.com\/wp-content\/uploads\/2021\/11\/logo-bocedi.png\",\"contentUrl\":\"https:\/\/www.bocedisrl.com\/wp-content\/uploads\/2021\/11\/logo-bocedi.png\",\"width\":800,\"height\":480,\"caption\":\"Bocedi srl\"},\"image\":{\"@id\":\"https:\/\/www.stretchhood.it\/#\/schema\/logo\/image\/\"}}]}<\/script>\n<!-- \/ Yoast SEO plugin. -->","yoast_head_json":{"title":"FB3000 - Bocedi srl","description":"La enfundadora en frio FB3000 ha sido creada para ofrecer soluciones de empaque flexibles y te permite empacar una grande gama de productos de varios tama\u00f1os y formas distintas.","robots":{"index":"index","follow":"follow","max-snippet":"max-snippet:-1","max-image-preview":"max-image-preview:large","max-video-preview":"max-video-preview:-1"},"canonical":"https:\/\/mail.stretchhood.it\/es\/sistemas-de-embalaje\/stretch-hood\/fb3000\/","og_locale":"es_ES","og_type":"article","og_title":"FB3000 - Bocedi srl","og_description":"La enfundadora en frio FB3000 ha sido creada para ofrecer soluciones de empaque flexibles y te permite empacar una grande gama de productos de varios tama\u00f1os y formas distintas.","og_url":"https:\/\/mail.stretchhood.it\/es\/sistemas-de-embalaje\/stretch-hood\/fb3000\/","og_site_name":"Bocedi srl","article_modified_time":"2021-12-30T11:44:19+00:00","og_image":[{"width":1200,"height":800,"url":"https:\/\/bocedisrl.com\/wp-content\/uploads\/2021\/12\/3d-fb3000.jpg","type":"image\/jpeg"}],"twitter_card":"summary_large_image","twitter_misc":{"Tiempo de lectura":"1 minuto"},"schema":{"@context":"https:\/\/schema.org","@graph":[{"@type":"WebPage","@id":"https:\/\/mail.stretchhood.it\/es\/sistemas-de-embalaje\/stretch-hood\/fb3000\/","url":"https:\/\/mail.stretchhood.it\/es\/sistemas-de-embalaje\/stretch-hood\/fb3000\/","name":"FB3000 - Bocedi srl","isPartOf":{"@id":"https:\/\/www.stretchhood.it\/#website"},"primaryImageOfPage":{"@id":"https:\/\/mail.stretchhood.it\/es\/sistemas-de-embalaje\/stretch-hood\/fb3000\/#primaryimage"},"image":{"@id":"https:\/\/mail.stretchhood.it\/es\/sistemas-de-embalaje\/stretch-hood\/fb3000\/#primaryimage"},"thumbnailUrl":"https:\/\/mail.stretchhood.it\/wp-content\/uploads\/2021\/12\/3d-fb3000.jpg","datePublished":"2021-12-09T10:04:00+00:00","dateModified":"2021-12-30T11:44:19+00:00","description":"La enfundadora en frio FB3000 ha sido creada para ofrecer soluciones de empaque flexibles y te permite empacar una grande gama de productos de varios tama\u00f1os y formas distintas.","breadcrumb":{"@id":"https:\/\/mail.stretchhood.it\/es\/sistemas-de-embalaje\/stretch-hood\/fb3000\/#breadcrumb"},"inLanguage":"es","potentialAction":[{"@type":"ReadAction","target":["https:\/\/mail.stretchhood.it\/es\/sistemas-de-embalaje\/stretch-hood\/fb3000\/"]}]},{"@type":"ImageObject","inLanguage":"es","@id":"https:\/\/mail.stretchhood.it\/es\/sistemas-de-embalaje\/stretch-hood\/fb3000\/#primaryimage","url":"https:\/\/mail.stretchhood.it\/wp-content\/uploads\/2021\/12\/3d-fb3000.jpg","contentUrl":"https:\/\/mail.stretchhood.it\/wp-content\/uploads\/2021\/12\/3d-fb3000.jpg","width":1200,"height":800},{"@type":"BreadcrumbList","@id":"https:\/\/mail.stretchhood.it\/es\/sistemas-de-embalaje\/stretch-hood\/fb3000\/#breadcrumb","itemListElement":[{"@type":"ListItem","position":1,"name":"Home","item":"https:\/\/mail.stretchhood.it\/es\/"},{"@type":"ListItem","position":2,"name":"Sistemas de Embalaje","item":"https:\/\/stretchhood.it\/es\/sistemas-de-embalaje\/"},{"@type":"ListItem","position":3,"name":"Stretch Hood","item":"https:\/\/mail.stretchhood.it\/es\/sistemas-de-embalaje\/stretch-hood\/"},{"@type":"ListItem","position":4,"name":"FB3000"}]},{"@type":"WebSite","@id":"https:\/\/www.stretchhood.it\/#website","url":"https:\/\/www.stretchhood.it\/","name":"Bocedi srl","description":"Pallet Packaging Systems","publisher":{"@id":"https:\/\/www.stretchhood.it\/#organization"},"potentialAction":[{"@type":"SearchAction","target":{"@type":"EntryPoint","urlTemplate":"https:\/\/www.stretchhood.it\/?s={search_term_string}"},"query-input":"required name=search_term_string"}],"inLanguage":"es"},{"@type":"Organization","@id":"https:\/\/www.stretchhood.it\/#organization","name":"Bocedi srl","url":"https:\/\/www.stretchhood.it\/","logo":{"@type":"ImageObject","inLanguage":"es","@id":"https:\/\/www.stretchhood.it\/#\/schema\/logo\/image\/","url":"https:\/\/www.bocedisrl.com\/wp-content\/uploads\/2021\/11\/logo-bocedi.png","contentUrl":"https:\/\/www.bocedisrl.com\/wp-content\/uploads\/2021\/11\/logo-bocedi.png","width":800,"height":480,"caption":"Bocedi srl"},"image":{"@id":"https:\/\/www.stretchhood.it\/#\/schema\/logo\/image\/"}}]}},"_links":{"self":[{"href":"https:\/\/mail.stretchhood.it\/es\/wp-json\/wp\/v2\/pages\/4369"}],"collection":[{"href":"https:\/\/mail.stretchhood.it\/es\/wp-json\/wp\/v2\/pages"}],"about":[{"href":"https:\/\/mail.stretchhood.it\/es\/wp-json\/wp\/v2\/types\/page"}],"author":[{"embeddable":true,"href":"https:\/\/mail.stretchhood.it\/es\/wp-json\/wp\/v2\/users\/1"}],"replies":[{"embeddable":true,"href":"https:\/\/mail.stretchhood.it\/es\/wp-json\/wp\/v2\/comments?post=4369"}],"version-history":[{"count":4,"href":"https:\/\/mail.stretchhood.it\/es\/wp-json\/wp\/v2\/pages\/4369\/revisions"}],"predecessor-version":[{"id":4389,"href":"https:\/\/mail.stretchhood.it\/es\/wp-json\/wp\/v2\/pages\/4369\/revisions\/4389"}],"up":[{"embeddable":true,"href":"https:\/\/mail.stretchhood.it\/es\/wp-json\/wp\/v2\/pages\/4139"}],"wp:featuredmedia":[{"embeddable":true,"href":"https:\/\/mail.stretchhood.it\/es\/wp-json\/wp\/v2\/media\/2883"}],"wp:attachment":[{"href":"https:\/\/mail.stretchhood.it\/es\/wp-json\/wp\/v2\/media?parent=4369"}],"curies":[{"name":"wp","href":"https:\/\/api.w.org\/{rel}","templated":true}]}}