{"id":4394,"date":"2021-12-10T07:56:54","date_gmt":"2021-12-10T06:56:54","guid":{"rendered":"https:\/\/www.stretchhood.it\/sistemas-de-embalaje\/termo-retractil\/rotomatic-60\/"},"modified":"2021-12-30T12:47:31","modified_gmt":"2021-12-30T11:47:31","slug":"rotomatic-60","status":"publish","type":"page","link":"https:\/\/mail.stretchhood.it\/es\/sistemas-de-embalaje\/termo-retractil\/rotomatic-60\/","title":{"rendered":"Rotomatic 60"},"content":{"rendered":"\n<div class=\"wp-block-columns is-layout-flex wp-container-core-columns-is-layout-1 wp-block-columns-is-layout-flex\">\n<div class=\"wp-block-column is-layout-flow wp-block-column-is-layout-flow\">\n<h3 class=\"wp-block-heading\">Rotomatic 60<\/h3>\n\n\n\n<p>ROTOMATIC 60 es una soluci\u00f3n conveniente si necesita automatizar y aumentar la velocidad de su\u00a0<a href=\"\/es\/sistemas-de-embalaje\/\">l\u00ednea de embalaje<\/a>.<\/p>\n\n\n\n<h3 class=\"wp-block-heading\">Acelera tu l\u00ednea de embalaje<\/h3>\n\n\n\n<p>Esta m\u00e1quina permite contraer la pel\u00edcula alrededor de una carga con funda por medio de dispositivos de calentamiento de acero inoxidable colocados por un solo lado que calientan suavemente la funda pl\u00e1stica alrededor de la carga utilizando aire caliente reciclado controlado.<\/p>\n\n\n\n<p>La carga paletizada gira sobre una plataforma rotatoria para contraer todos los lados.<\/p>\n\n\n\n<h3 class=\"wp-block-heading\">Plataforma giratoria<\/h3>\n\n\n\n<p>El sistema innovador sin llama funciona con cualquier gas de baja presi\u00f3n y utiliza aire caliente reciclado controlado para preservar la elasticidad y la resistencia de la pel\u00edcula.<\/p>\n<\/div>\n\n\n\n<div class=\"wp-block-column is-layout-flow wp-block-column-is-layout-flow\"><div class=\"wp-block-getwid-images-slider has-arrows-inside has-dots-inside has-images-center has-cropped-images has-fixed-height\"><div class=\"wp-block-getwid-images-slider__wrapper\" data-effect=\"fade\" data-slides-show=\"1\" data-slides-show-laptop=\"1\" data-slides-show-tablet=\"1\" data-slides-show-mobile=\"1\" data-slides-scroll=\"1\" data-autoplay=\"true\" data-autoplay-speed=\"5000\" data-infinite=\"true\" data-animation-speed=\"800\" data-center-mode=\"false\" data-variable-width=\"false\" data-arrows=\"inside\" data-dots=\"inside\" data-spacing=\"none\"><div class=\"wp-block-getwid-images-slider__item\" style=\"height:350px\"><figure><img loading=\"lazy\" decoding=\"async\" width=\"1200\" height=\"800\" src=\"https:\/\/www.stretchhood.it\/wp-content\/uploads\/2021\/12\/image-rotomatic-60-01.jpg\" data-id=\"2150\" data-link=\"https:\/\/www.stretchhood.it\/packaging-systems\/shrink-hood-machines\/rotomatic-60\/attachment\/image-rotomatic-60-01\/\" data-original-link=\"https:\/\/www.stretchhood.it\/wp-content\/uploads\/2021\/12\/image-rotomatic-60-01.jpg\" class=\"wp-block-getwid-images-slider__image wp-image-2150\" srcset=\"https:\/\/www.stretchhood.it\/wp-content\/uploads\/2021\/12\/image-rotomatic-60-01.jpg 1200w, https:\/\/www.stretchhood.it\/wp-content\/uploads\/2021\/12\/image-rotomatic-60-01-980x653.jpg 980w, https:\/\/www.stretchhood.it\/wp-content\/uploads\/2021\/12\/image-rotomatic-60-01-480x320.jpg 480w\" sizes=\"(min-width: 0px) and (max-width: 480px) 480px, (min-width: 481px) and (max-width: 980px) 980px, (min-width: 981px) 1200px, 100vw\" \/><\/figure><\/div><\/div><\/div>\r\n\n\n\n<h3 class=\"wp-block-heading\">Datos t\u00e9cnicos<\/h3>\n\n\n\n<figure class=\"wp-block-table is-style-stripes\"><table class=\"has-fixed-layout\"><tbody><tr><td>Productividad (seg\u00fan el tama\u00f1o del anillo y del producto)<\/td><td>20 tarimas\/h<\/td><\/tr><tr><td>Tama\u00f1o m\u00ednimo de la carga<\/td><td>600&#215;600\u00a0mm<\/td><\/tr><tr><td>Tama\u00f1o m\u00e1ximo de la carga<\/td><td>1200&#215;1200 mm<\/td><\/tr><\/tbody><\/table><\/figure>\n\n\n\n<div class=\"wp-block-buttons is-layout-flex wp-block-buttons-is-layout-flex\">\n<div class=\"wp-block-button button-quotation\"><a class=\"wp-block-button__link\" href=\"\/es\/contacto\/\">Solicitar Presupuesto<\/a><\/div>\n\n\n\n<div class=\"wp-block-button button-pdf inactive\"><a class=\"wp-block-button__link\">Descargar Cat\u00e1logo<\/a><\/div>\n\n\n\n<div class=\"wp-block-button button-video inactive\"><a class=\"wp-block-button__link\">Ver el V\u00eddeo<\/a><\/div>\n<\/div>\n<\/div>\n<\/div>\n","protected":false},"excerpt":{"rendered":"<p>Rotomatic 60 ROTOMATIC 60 es una soluci\u00f3n conveniente si necesita automatizar y aumentar la velocidad de su\u00a0l\u00ednea de embalaje. Acelera tu l\u00ednea de embalaje Esta m\u00e1quina permite contraer la pel\u00edcula alrededor de una carga con funda por medio de dispositivos de calentamiento de acero inoxidable colocados por un solo lado que calientan suavemente la funda [&hellip;]<\/p>\n","protected":false},"author":1,"featured_media":3225,"parent":4180,"menu_order":0,"comment_status":"closed","ping_status":"closed","template":"","meta":{"_acf_changed":false,"_et_pb_use_builder":"off","_et_pb_old_content":"","_et_gb_content_width":"","footnotes":""},"acf":[],"yoast_head":"<!-- This site is optimized with the Yoast SEO plugin v22.7 - https:\/\/yoast.com\/wordpress\/plugins\/seo\/ -->\n<title>Rotomatic 60 - Bocedi srl<\/title>\n<meta name=\"description\" content=\"El Rotomatic 60 es una soluci\u00f3n conveniente que permite la contracci\u00f3n de la pel\u00edcula en una carga encapuchada a trav\u00e9s de calentadores de acero inoxidable de un solo lado.\" \/>\n<meta name=\"robots\" content=\"index, follow, max-snippet:-1, max-image-preview:large, max-video-preview:-1\" \/>\n<link rel=\"canonical\" href=\"https:\/\/mail.stretchhood.it\/es\/sistemas-de-embalaje\/termo-retractil\/rotomatic-60\/\" \/>\n<meta property=\"og:locale\" content=\"es_ES\" \/>\n<meta property=\"og:type\" content=\"article\" \/>\n<meta property=\"og:title\" content=\"Rotomatic 60 - Bocedi srl\" \/>\n<meta property=\"og:description\" content=\"El Rotomatic 60 es una soluci\u00f3n conveniente que permite la contracci\u00f3n de la pel\u00edcula en una carga encapuchada a trav\u00e9s de calentadores de acero inoxidable de un solo lado.\" \/>\n<meta property=\"og:url\" content=\"https:\/\/mail.stretchhood.it\/es\/sistemas-de-embalaje\/termo-retractil\/rotomatic-60\/\" \/>\n<meta property=\"og:site_name\" content=\"Bocedi srl\" \/>\n<meta property=\"article:modified_time\" content=\"2021-12-30T11:47:31+00:00\" \/>\n<meta property=\"og:image\" content=\"https:\/\/stretchhood.it\/wp-content\/uploads\/2021\/12\/image-rotomatic-60-01.jpg\" \/>\n\t<meta property=\"og:image:width\" content=\"1200\" \/>\n\t<meta property=\"og:image:height\" content=\"800\" \/>\n\t<meta property=\"og:image:type\" content=\"image\/jpeg\" \/>\n<meta name=\"twitter:card\" content=\"summary_large_image\" \/>\n<meta name=\"twitter:label1\" content=\"Tiempo de lectura\" \/>\n\t<meta name=\"twitter:data1\" content=\"1 minuto\" \/>\n<script type=\"application\/ld+json\" class=\"yoast-schema-graph\">{\"@context\":\"https:\/\/schema.org\",\"@graph\":[{\"@type\":\"WebPage\",\"@id\":\"https:\/\/mail.stretchhood.it\/es\/sistemas-de-embalaje\/termo-retractil\/rotomatic-60\/\",\"url\":\"https:\/\/mail.stretchhood.it\/es\/sistemas-de-embalaje\/termo-retractil\/rotomatic-60\/\",\"name\":\"Rotomatic 60 - Bocedi srl\",\"isPartOf\":{\"@id\":\"https:\/\/www.stretchhood.it\/#website\"},\"primaryImageOfPage\":{\"@id\":\"https:\/\/mail.stretchhood.it\/es\/sistemas-de-embalaje\/termo-retractil\/rotomatic-60\/#primaryimage\"},\"image\":{\"@id\":\"https:\/\/mail.stretchhood.it\/es\/sistemas-de-embalaje\/termo-retractil\/rotomatic-60\/#primaryimage\"},\"thumbnailUrl\":\"https:\/\/mail.stretchhood.it\/wp-content\/uploads\/2021\/12\/image-rotomatic-60-01.jpg\",\"datePublished\":\"2021-12-10T06:56:54+00:00\",\"dateModified\":\"2021-12-30T11:47:31+00:00\",\"description\":\"El Rotomatic 60 es una soluci\u00f3n conveniente que permite la contracci\u00f3n de la pel\u00edcula en una carga encapuchada a trav\u00e9s de calentadores de acero inoxidable de un solo lado.\",\"breadcrumb\":{\"@id\":\"https:\/\/mail.stretchhood.it\/es\/sistemas-de-embalaje\/termo-retractil\/rotomatic-60\/#breadcrumb\"},\"inLanguage\":\"es\",\"potentialAction\":[{\"@type\":\"ReadAction\",\"target\":[\"https:\/\/mail.stretchhood.it\/es\/sistemas-de-embalaje\/termo-retractil\/rotomatic-60\/\"]}]},{\"@type\":\"ImageObject\",\"inLanguage\":\"es\",\"@id\":\"https:\/\/mail.stretchhood.it\/es\/sistemas-de-embalaje\/termo-retractil\/rotomatic-60\/#primaryimage\",\"url\":\"https:\/\/mail.stretchhood.it\/wp-content\/uploads\/2021\/12\/image-rotomatic-60-01.jpg\",\"contentUrl\":\"https:\/\/mail.stretchhood.it\/wp-content\/uploads\/2021\/12\/image-rotomatic-60-01.jpg\",\"width\":1200,\"height\":800},{\"@type\":\"BreadcrumbList\",\"@id\":\"https:\/\/mail.stretchhood.it\/es\/sistemas-de-embalaje\/termo-retractil\/rotomatic-60\/#breadcrumb\",\"itemListElement\":[{\"@type\":\"ListItem\",\"position\":1,\"name\":\"Home\",\"item\":\"https:\/\/mail.stretchhood.it\/es\/\"},{\"@type\":\"ListItem\",\"position\":2,\"name\":\"Sistemas de Embalaje\",\"item\":\"https:\/\/stretchhood.it\/es\/sistemas-de-embalaje\/\"},{\"@type\":\"ListItem\",\"position\":3,\"name\":\"Termo-retr\u00e1ctil\",\"item\":\"https:\/\/stretchhood.it\/es\/sistemas-de-embalaje\/termo-retractil\/\"},{\"@type\":\"ListItem\",\"position\":4,\"name\":\"Rotomatic 60\"}]},{\"@type\":\"WebSite\",\"@id\":\"https:\/\/www.stretchhood.it\/#website\",\"url\":\"https:\/\/www.stretchhood.it\/\",\"name\":\"Bocedi srl\",\"description\":\"Pallet Packaging Systems\",\"publisher\":{\"@id\":\"https:\/\/www.stretchhood.it\/#organization\"},\"potentialAction\":[{\"@type\":\"SearchAction\",\"target\":{\"@type\":\"EntryPoint\",\"urlTemplate\":\"https:\/\/www.stretchhood.it\/?s={search_term_string}\"},\"query-input\":\"required name=search_term_string\"}],\"inLanguage\":\"es\"},{\"@type\":\"Organization\",\"@id\":\"https:\/\/www.stretchhood.it\/#organization\",\"name\":\"Bocedi srl\",\"url\":\"https:\/\/www.stretchhood.it\/\",\"logo\":{\"@type\":\"ImageObject\",\"inLanguage\":\"es\",\"@id\":\"https:\/\/www.stretchhood.it\/#\/schema\/logo\/image\/\",\"url\":\"https:\/\/www.bocedisrl.com\/wp-content\/uploads\/2021\/11\/logo-bocedi.png\",\"contentUrl\":\"https:\/\/www.bocedisrl.com\/wp-content\/uploads\/2021\/11\/logo-bocedi.png\",\"width\":800,\"height\":480,\"caption\":\"Bocedi srl\"},\"image\":{\"@id\":\"https:\/\/www.stretchhood.it\/#\/schema\/logo\/image\/\"}}]}<\/script>\n<!-- \/ Yoast SEO plugin. -->","yoast_head_json":{"title":"Rotomatic 60 - Bocedi srl","description":"El Rotomatic 60 es una soluci\u00f3n conveniente que permite la contracci\u00f3n de la pel\u00edcula en una carga encapuchada a trav\u00e9s de calentadores de acero inoxidable de un solo lado.","robots":{"index":"index","follow":"follow","max-snippet":"max-snippet:-1","max-image-preview":"max-image-preview:large","max-video-preview":"max-video-preview:-1"},"canonical":"https:\/\/mail.stretchhood.it\/es\/sistemas-de-embalaje\/termo-retractil\/rotomatic-60\/","og_locale":"es_ES","og_type":"article","og_title":"Rotomatic 60 - Bocedi srl","og_description":"El Rotomatic 60 es una soluci\u00f3n conveniente que permite la contracci\u00f3n de la pel\u00edcula en una carga encapuchada a trav\u00e9s de calentadores de acero inoxidable de un solo lado.","og_url":"https:\/\/mail.stretchhood.it\/es\/sistemas-de-embalaje\/termo-retractil\/rotomatic-60\/","og_site_name":"Bocedi srl","article_modified_time":"2021-12-30T11:47:31+00:00","og_image":[{"width":1200,"height":800,"url":"https:\/\/stretchhood.it\/wp-content\/uploads\/2021\/12\/image-rotomatic-60-01.jpg","type":"image\/jpeg"}],"twitter_card":"summary_large_image","twitter_misc":{"Tiempo de lectura":"1 minuto"},"schema":{"@context":"https:\/\/schema.org","@graph":[{"@type":"WebPage","@id":"https:\/\/mail.stretchhood.it\/es\/sistemas-de-embalaje\/termo-retractil\/rotomatic-60\/","url":"https:\/\/mail.stretchhood.it\/es\/sistemas-de-embalaje\/termo-retractil\/rotomatic-60\/","name":"Rotomatic 60 - Bocedi srl","isPartOf":{"@id":"https:\/\/www.stretchhood.it\/#website"},"primaryImageOfPage":{"@id":"https:\/\/mail.stretchhood.it\/es\/sistemas-de-embalaje\/termo-retractil\/rotomatic-60\/#primaryimage"},"image":{"@id":"https:\/\/mail.stretchhood.it\/es\/sistemas-de-embalaje\/termo-retractil\/rotomatic-60\/#primaryimage"},"thumbnailUrl":"https:\/\/mail.stretchhood.it\/wp-content\/uploads\/2021\/12\/image-rotomatic-60-01.jpg","datePublished":"2021-12-10T06:56:54+00:00","dateModified":"2021-12-30T11:47:31+00:00","description":"El Rotomatic 60 es una soluci\u00f3n conveniente que permite la contracci\u00f3n de la pel\u00edcula en una carga encapuchada a trav\u00e9s de calentadores de acero inoxidable de un solo lado.","breadcrumb":{"@id":"https:\/\/mail.stretchhood.it\/es\/sistemas-de-embalaje\/termo-retractil\/rotomatic-60\/#breadcrumb"},"inLanguage":"es","potentialAction":[{"@type":"ReadAction","target":["https:\/\/mail.stretchhood.it\/es\/sistemas-de-embalaje\/termo-retractil\/rotomatic-60\/"]}]},{"@type":"ImageObject","inLanguage":"es","@id":"https:\/\/mail.stretchhood.it\/es\/sistemas-de-embalaje\/termo-retractil\/rotomatic-60\/#primaryimage","url":"https:\/\/mail.stretchhood.it\/wp-content\/uploads\/2021\/12\/image-rotomatic-60-01.jpg","contentUrl":"https:\/\/mail.stretchhood.it\/wp-content\/uploads\/2021\/12\/image-rotomatic-60-01.jpg","width":1200,"height":800},{"@type":"BreadcrumbList","@id":"https:\/\/mail.stretchhood.it\/es\/sistemas-de-embalaje\/termo-retractil\/rotomatic-60\/#breadcrumb","itemListElement":[{"@type":"ListItem","position":1,"name":"Home","item":"https:\/\/mail.stretchhood.it\/es\/"},{"@type":"ListItem","position":2,"name":"Sistemas de Embalaje","item":"https:\/\/stretchhood.it\/es\/sistemas-de-embalaje\/"},{"@type":"ListItem","position":3,"name":"Termo-retr\u00e1ctil","item":"https:\/\/stretchhood.it\/es\/sistemas-de-embalaje\/termo-retractil\/"},{"@type":"ListItem","position":4,"name":"Rotomatic 60"}]},{"@type":"WebSite","@id":"https:\/\/www.stretchhood.it\/#website","url":"https:\/\/www.stretchhood.it\/","name":"Bocedi srl","description":"Pallet Packaging Systems","publisher":{"@id":"https:\/\/www.stretchhood.it\/#organization"},"potentialAction":[{"@type":"SearchAction","target":{"@type":"EntryPoint","urlTemplate":"https:\/\/www.stretchhood.it\/?s={search_term_string}"},"query-input":"required name=search_term_string"}],"inLanguage":"es"},{"@type":"Organization","@id":"https:\/\/www.stretchhood.it\/#organization","name":"Bocedi srl","url":"https:\/\/www.stretchhood.it\/","logo":{"@type":"ImageObject","inLanguage":"es","@id":"https:\/\/www.stretchhood.it\/#\/schema\/logo\/image\/","url":"https:\/\/www.bocedisrl.com\/wp-content\/uploads\/2021\/11\/logo-bocedi.png","contentUrl":"https:\/\/www.bocedisrl.com\/wp-content\/uploads\/2021\/11\/logo-bocedi.png","width":800,"height":480,"caption":"Bocedi srl"},"image":{"@id":"https:\/\/www.stretchhood.it\/#\/schema\/logo\/image\/"}}]}},"_links":{"self":[{"href":"https:\/\/mail.stretchhood.it\/es\/wp-json\/wp\/v2\/pages\/4394"}],"collection":[{"href":"https:\/\/mail.stretchhood.it\/es\/wp-json\/wp\/v2\/pages"}],"about":[{"href":"https:\/\/mail.stretchhood.it\/es\/wp-json\/wp\/v2\/types\/page"}],"author":[{"embeddable":true,"href":"https:\/\/mail.stretchhood.it\/es\/wp-json\/wp\/v2\/users\/1"}],"replies":[{"embeddable":true,"href":"https:\/\/mail.stretchhood.it\/es\/wp-json\/wp\/v2\/comments?post=4394"}],"version-history":[{"count":1,"href":"https:\/\/mail.stretchhood.it\/es\/wp-json\/wp\/v2\/pages\/4394\/revisions"}],"predecessor-version":[{"id":4395,"href":"https:\/\/mail.stretchhood.it\/es\/wp-json\/wp\/v2\/pages\/4394\/revisions\/4395"}],"up":[{"embeddable":true,"href":"https:\/\/mail.stretchhood.it\/es\/wp-json\/wp\/v2\/pages\/4180"}],"wp:featuredmedia":[{"embeddable":true,"href":"https:\/\/mail.stretchhood.it\/es\/wp-json\/wp\/v2\/media\/3225"}],"wp:attachment":[{"href":"https:\/\/mail.stretchhood.it\/es\/wp-json\/wp\/v2\/media?parent=4394"}],"curies":[{"name":"wp","href":"https:\/\/api.w.org\/{rel}","templated":true}]}}