{"id":4400,"date":"2021-12-10T07:56:02","date_gmt":"2021-12-10T06:56:02","guid":{"rendered":"https:\/\/www.stretchhood.it\/sistemas-de-embalaje\/termo-retractil\/ftb419\/"},"modified":"2021-12-30T12:46:54","modified_gmt":"2021-12-30T11:46:54","slug":"ftb419","status":"publish","type":"page","link":"https:\/\/mail.stretchhood.it\/es\/sistemas-de-embalaje\/termo-retractil\/ftb419\/","title":{"rendered":"FTB419"},"content":{"rendered":"\n<div class=\"wp-block-columns is-layout-flex wp-container-core-columns-is-layout-1 wp-block-columns-is-layout-flex\">\n<div class=\"wp-block-column is-layout-flow wp-block-column-is-layout-flow\">\n<h3 class=\"wp-block-heading\">FTB419<\/h3>\n\n\n\n<p>La m\u00e1quina Bocedi FTB419 es un equipo que realiza el ciclo completo de\u00a0<a href=\"\/es\/sistemas-de-embalaje\/termo-retractil\/maquinas-enfundadoras\/\">enfundado<\/a>\u00a0y\u00a0<a href=\"\/es\/sistemas-de-embalaje\/termo-retractil\/anillos-de-termo-retraccion\/\">termo retracci\u00f3n en tarimas<\/a>, sin cambiar de m\u00e1quina.<\/p>\n\n\n\n<h3 class=\"wp-block-heading\">Ahorro de espacio<\/h3>\n\n\n\n<p>Es un equipo perfecto que ahorra espacio y reduce significativamente su impacto, ya que combina los procesos de enfundado y termo retracci\u00f3n en una sola m\u00e1quina.<\/p>\n\n\n\n<p>La tarima se detecta autom\u00e1ticamente, as\u00ed el alimentador de pel\u00edcula prepara el tama\u00f1o de pel\u00edcula correcto, la funda de pl\u00e1stico se corta y se sella a medida para reducir la cantidad de pl\u00e1stico utilizado.<\/p>\n\n\n\n<h3 class=\"wp-block-heading\">Sistema de aire caliente reciclado<\/h3>\n\n\n\n<p>El proceso de termo retracci\u00f3n se realiza mediante un anillo de acero inoxidable que utiliza aire caliente reciclado controlado para calentar uniforme y suavemente el pl\u00e1stico por los 4 lados alrededor de la carga. No hay ning\u00fan contacto directo con las llamas, lo que preserva la elasticidad y la resistencia de la pel\u00edcula.<\/p>\n\n\n\n<h3 class=\"wp-block-heading\">Tecnolog\u00eda avanzada<\/h3>\n\n\n\n<p>La FTB419 funciona con cualquier tipo de gas de baja presi\u00f3n. Tambi\u00e9n hay disponible una versi\u00f3n el\u00e9ctrica.<\/p>\n\n\n\n<p>Las m\u00e1quinas Bocedi son conocidas por ser vers\u00e1tiles y r\u00e1pidas. La FTB419 refleja perfectamente los est\u00e1ndares de la empresa. De hecho, se puede configurar con hasta 6 tama\u00f1os de pel\u00edcula diferentes y puede trabajar m\u00e1s de 100 tarimas\/h.<\/p>\n<\/div>\n\n\n\n<div class=\"wp-block-column is-layout-flow wp-block-column-is-layout-flow\"><div class=\"wp-block-getwid-images-slider has-arrows-inside has-dots-inside has-images-center has-cropped-images has-fixed-height\"><div class=\"wp-block-getwid-images-slider__wrapper\" data-effect=\"fade\" data-slides-show=\"1\" data-slides-show-laptop=\"1\" data-slides-show-tablet=\"1\" data-slides-show-mobile=\"1\" data-slides-scroll=\"1\" data-autoplay=\"true\" data-autoplay-speed=\"5000\" data-infinite=\"true\" data-animation-speed=\"800\" data-center-mode=\"false\" data-variable-width=\"false\" data-arrows=\"inside\" data-dots=\"inside\" data-spacing=\"none\"><div class=\"wp-block-getwid-images-slider__item\" style=\"height:350px\"><figure><img loading=\"lazy\" decoding=\"async\" width=\"1200\" height=\"800\" src=\"https:\/\/www.stretchhood.it\/wp-content\/uploads\/2021\/12\/image-ftb419-01.jpg\" data-id=\"2134\" data-link=\"https:\/\/www.stretchhood.it\/packaging-systems\/shrink-hood-machines\/ftb419\/attachment\/image-ftb419-01\/\" data-original-link=\"https:\/\/www.stretchhood.it\/wp-content\/uploads\/2021\/12\/image-ftb419-01.jpg\" class=\"wp-block-getwid-images-slider__image wp-image-2134\" srcset=\"https:\/\/www.stretchhood.it\/wp-content\/uploads\/2021\/12\/image-ftb419-01.jpg 1200w, https:\/\/www.stretchhood.it\/wp-content\/uploads\/2021\/12\/image-ftb419-01-980x653.jpg 980w, https:\/\/www.stretchhood.it\/wp-content\/uploads\/2021\/12\/image-ftb419-01-480x320.jpg 480w\" sizes=\"(min-width: 0px) and (max-width: 480px) 480px, (min-width: 481px) and (max-width: 980px) 980px, (min-width: 981px) 1200px, 100vw\" \/><\/figure><\/div><div class=\"wp-block-getwid-images-slider__item\" style=\"height:350px\"><figure><img loading=\"lazy\" decoding=\"async\" width=\"1200\" height=\"800\" src=\"https:\/\/www.stretchhood.it\/wp-content\/uploads\/2021\/12\/image-ftb419-02.jpg\" data-id=\"2135\" data-link=\"https:\/\/www.stretchhood.it\/packaging-systems\/shrink-hood-machines\/ftb419\/attachment\/image-ftb419-02\/\" data-original-link=\"https:\/\/www.stretchhood.it\/wp-content\/uploads\/2021\/12\/image-ftb419-02.jpg\" class=\"wp-block-getwid-images-slider__image wp-image-2135\" srcset=\"https:\/\/www.stretchhood.it\/wp-content\/uploads\/2021\/12\/image-ftb419-02.jpg 1200w, https:\/\/www.stretchhood.it\/wp-content\/uploads\/2021\/12\/image-ftb419-02-980x653.jpg 980w, https:\/\/www.stretchhood.it\/wp-content\/uploads\/2021\/12\/image-ftb419-02-480x320.jpg 480w\" sizes=\"(min-width: 0px) and (max-width: 480px) 480px, (min-width: 481px) and (max-width: 980px) 980px, (min-width: 981px) 1200px, 100vw\" \/><\/figure><\/div><div class=\"wp-block-getwid-images-slider__item\" style=\"height:350px\"><figure><img loading=\"lazy\" decoding=\"async\" width=\"1200\" height=\"800\" src=\"https:\/\/www.stretchhood.it\/wp-content\/uploads\/2021\/12\/image-ftb419-03.jpg\" data-id=\"2136\" data-link=\"https:\/\/www.stretchhood.it\/packaging-systems\/shrink-hood-machines\/ftb419\/attachment\/image-ftb419-03\/\" data-original-link=\"https:\/\/www.stretchhood.it\/wp-content\/uploads\/2021\/12\/image-ftb419-03.jpg\" class=\"wp-block-getwid-images-slider__image wp-image-2136\" srcset=\"https:\/\/www.stretchhood.it\/wp-content\/uploads\/2021\/12\/image-ftb419-03.jpg 1200w, https:\/\/www.stretchhood.it\/wp-content\/uploads\/2021\/12\/image-ftb419-03-980x653.jpg 980w, https:\/\/www.stretchhood.it\/wp-content\/uploads\/2021\/12\/image-ftb419-03-480x320.jpg 480w\" sizes=\"(min-width: 0px) and (max-width: 480px) 480px, (min-width: 481px) and (max-width: 980px) 980px, (min-width: 981px) 1200px, 100vw\" \/><\/figure><\/div><div class=\"wp-block-getwid-images-slider__item\" style=\"height:350px\"><figure><img loading=\"lazy\" decoding=\"async\" width=\"1200\" height=\"800\" src=\"https:\/\/www.stretchhood.it\/wp-content\/uploads\/2021\/12\/image-ftb419-04.jpg\" data-id=\"2137\" data-link=\"https:\/\/www.stretchhood.it\/packaging-systems\/shrink-hood-machines\/ftb419\/attachment\/image-ftb419-04\/\" data-original-link=\"https:\/\/www.stretchhood.it\/wp-content\/uploads\/2021\/12\/image-ftb419-04.jpg\" class=\"wp-block-getwid-images-slider__image wp-image-2137\" srcset=\"https:\/\/www.stretchhood.it\/wp-content\/uploads\/2021\/12\/image-ftb419-04.jpg 1200w, https:\/\/www.stretchhood.it\/wp-content\/uploads\/2021\/12\/image-ftb419-04-980x653.jpg 980w, https:\/\/www.stretchhood.it\/wp-content\/uploads\/2021\/12\/image-ftb419-04-480x320.jpg 480w\" sizes=\"(min-width: 0px) and (max-width: 480px) 480px, (min-width: 481px) and (max-width: 980px) 980px, (min-width: 981px) 1200px, 100vw\" \/><\/figure><\/div><div class=\"wp-block-getwid-images-slider__item\" style=\"height:350px\"><figure><img loading=\"lazy\" decoding=\"async\" width=\"1200\" height=\"800\" src=\"https:\/\/www.stretchhood.it\/wp-content\/uploads\/2021\/12\/image-ftb419-05.jpg\" data-id=\"2138\" data-link=\"https:\/\/www.stretchhood.it\/packaging-systems\/shrink-hood-machines\/ftb419\/attachment\/image-ftb419-05\/\" data-original-link=\"https:\/\/www.stretchhood.it\/wp-content\/uploads\/2021\/12\/image-ftb419-05.jpg\" class=\"wp-block-getwid-images-slider__image wp-image-2138\" srcset=\"https:\/\/www.stretchhood.it\/wp-content\/uploads\/2021\/12\/image-ftb419-05.jpg 1200w, https:\/\/www.stretchhood.it\/wp-content\/uploads\/2021\/12\/image-ftb419-05-980x653.jpg 980w, https:\/\/www.stretchhood.it\/wp-content\/uploads\/2021\/12\/image-ftb419-05-480x320.jpg 480w\" sizes=\"(min-width: 0px) and (max-width: 480px) 480px, (min-width: 481px) and (max-width: 980px) 980px, (min-width: 981px) 1200px, 100vw\" \/><\/figure><\/div><\/div><\/div>\r\n\n\n\n<h3 class=\"wp-block-heading\">Datos t\u00e9cnicos<\/h3>\n\n\n\n<figure class=\"wp-block-table is-style-stripes\"><table class=\"has-fixed-layout\"><tbody><tr><td>Productividad<\/td><td>100 tarimas\/h<\/td><\/tr><tr><td>Tama\u00f1o m\u00ednimo de la carga<\/td><td>600&#215;800\u00a0mm<\/td><\/tr><tr><td>Tama\u00f1o m\u00e1ximo de la carga<\/td><td>A petici\u00f3n<\/td><\/tr><\/tbody><\/table><\/figure>\n\n\n\n<h3 class=\"wp-block-heading\">Opciones de enfundado<\/h3>\n\n\n<div class=\"wp-block-getwid-images-slider has-arrows-none has-dots-outside has-captions captions-underneath is-carousel has-slides-gap-normal has-images-top\"><div class=\"wp-block-getwid-images-slider__wrapper\" data-effect=\"slide\" data-slides-show=\"2\" data-slides-show-laptop=\"1\" data-slides-show-tablet=\"1\" data-slides-show-mobile=\"1\" data-slides-scroll=\"1\" data-autoplay=\"true\" data-autoplay-speed=\"5000\" data-infinite=\"false\" data-animation-speed=\"300\" data-center-mode=\"false\" data-variable-width=\"false\" data-arrows=\"none\" data-dots=\"outside\" data-spacing=\"normal\"><div class=\"wp-block-getwid-images-slider__item\"><figure><img loading=\"lazy\" decoding=\"async\" width=\"300\" height=\"300\" src=\"https:\/\/www.stretchhood.it\/wp-content\/uploads\/2021\/12\/sequence-pallet-finish-04.png\" data-id=\"1524\" data-link=\"https:\/\/www.stretchhood.it\/packaging-systems\/stretch-hood-machines\/fb1000\/attachment\/sequence-pallet-finish-04\/\" data-original-link=\"https:\/\/www.stretchhood.it\/wp-content\/uploads\/2021\/12\/sequence-pallet-finish-04.png\" class=\"wp-block-getwid-images-slider__image wp-image-1524\" srcset=\"https:\/\/mail.stretchhood.it\/wp-content\/uploads\/2021\/12\/sequence-pallet-finish-04.png 300w, https:\/\/mail.stretchhood.it\/wp-content\/uploads\/2021\/12\/sequence-pallet-finish-04-150x150.png 150w\" sizes=\"(max-width: 300px) 100vw, 300px\" \/><\/figure><\/div><div class=\"wp-block-getwid-images-slider__item\"><figure><img loading=\"lazy\" decoding=\"async\" width=\"300\" height=\"300\" src=\"https:\/\/www.stretchhood.it\/wp-content\/uploads\/2021\/12\/sequence-pallet-finish-05.png\" data-id=\"1525\" data-link=\"https:\/\/www.stretchhood.it\/packaging-systems\/stretch-hood-machines\/fb1000\/attachment\/sequence-pallet-finish-05\/\" data-original-link=\"https:\/\/www.stretchhood.it\/wp-content\/uploads\/2021\/12\/sequence-pallet-finish-05.png\" class=\"wp-block-getwid-images-slider__image wp-image-1525\" srcset=\"https:\/\/mail.stretchhood.it\/wp-content\/uploads\/2021\/12\/sequence-pallet-finish-05.png 300w, https:\/\/mail.stretchhood.it\/wp-content\/uploads\/2021\/12\/sequence-pallet-finish-05-150x150.png 150w\" sizes=\"(max-width: 300px) 100vw, 300px\" \/><\/figure><\/div><div class=\"wp-block-getwid-images-slider__item\"><figure><img loading=\"lazy\" decoding=\"async\" width=\"300\" height=\"300\" src=\"https:\/\/www.stretchhood.it\/wp-content\/uploads\/2021\/12\/sequence-pallet-finish-07.png\" data-id=\"1527\" data-link=\"https:\/\/www.stretchhood.it\/packaging-systems\/stretch-hood-machines\/fb1000\/attachment\/sequence-pallet-finish-07\/\" data-original-link=\"https:\/\/www.stretchhood.it\/wp-content\/uploads\/2021\/12\/sequence-pallet-finish-07.png\" class=\"wp-block-getwid-images-slider__image wp-image-1527\" srcset=\"https:\/\/mail.stretchhood.it\/wp-content\/uploads\/2021\/12\/sequence-pallet-finish-07.png 300w, https:\/\/mail.stretchhood.it\/wp-content\/uploads\/2021\/12\/sequence-pallet-finish-07-150x150.png 150w\" sizes=\"(max-width: 300px) 100vw, 300px\" \/><\/figure><\/div><div class=\"wp-block-getwid-images-slider__item\"><figure><img loading=\"lazy\" decoding=\"async\" width=\"300\" height=\"300\" src=\"https:\/\/www.stretchhood.it\/wp-content\/uploads\/2021\/12\/sequence-pallet-finish-09.png\" data-id=\"1529\" data-link=\"https:\/\/www.stretchhood.it\/packaging-systems\/stretch-hood-machines\/fb1000\/attachment\/sequence-pallet-finish-09\/\" data-original-link=\"https:\/\/www.stretchhood.it\/wp-content\/uploads\/2021\/12\/sequence-pallet-finish-09.png\" class=\"wp-block-getwid-images-slider__image wp-image-1529\" srcset=\"https:\/\/mail.stretchhood.it\/wp-content\/uploads\/2021\/12\/sequence-pallet-finish-09.png 300w, https:\/\/mail.stretchhood.it\/wp-content\/uploads\/2021\/12\/sequence-pallet-finish-09-150x150.png 150w\" sizes=\"(max-width: 300px) 100vw, 300px\" \/><\/figure><\/div><\/div><\/div>\r\n\n\n\n<div class=\"wp-block-buttons is-layout-flex wp-block-buttons-is-layout-flex\">\n<div class=\"wp-block-button button-quotation\"><a class=\"wp-block-button__link\" href=\"\/es\/contacto\/\">Solicitar Presupuesto<\/a><\/div>\n\n\n\n<div class=\"wp-block-button button-pdf\"><a class=\"wp-block-button__link\">Descargar Cat\u00e1logo<\/a><\/div>\n\n\n\n<div class=\"wp-block-button button-video\"><a class=\"wp-block-button__link\">Ver el V\u00eddeo<\/a><\/div>\n<\/div>\n\n\n\n<figure class=\"wp-block-video watch-video\"><video controls=\"\" poster=\"https:\/\/www.stretchhood.it\/wp-content\/uploads\/2021\/12\/video-thumb.jpg\" src=\"\/wp-content\/uploads\/video\/video-ftb419.mp4\"><\/video><\/figure>\n<\/div>\n<\/div>\n","protected":false},"excerpt":{"rendered":"<p>FTB419 La m\u00e1quina Bocedi FTB419 es un equipo que realiza el ciclo completo de\u00a0enfundado\u00a0y\u00a0termo retracci\u00f3n en tarimas, sin cambiar de m\u00e1quina. Ahorro de espacio Es un equipo perfecto que ahorra espacio y reduce significativamente su impacto, ya que combina los procesos de enfundado y termo retracci\u00f3n en una sola m\u00e1quina. La tarima se detecta autom\u00e1ticamente, [&hellip;]<\/p>\n","protected":false},"author":1,"featured_media":2889,"parent":4180,"menu_order":0,"comment_status":"closed","ping_status":"closed","template":"","meta":{"_acf_changed":false,"_et_pb_use_builder":"off","_et_pb_old_content":"","_et_gb_content_width":"","footnotes":""},"acf":[],"yoast_head":"<!-- This site is optimized with the Yoast SEO plugin v22.7 - https:\/\/yoast.com\/wordpress\/plugins\/seo\/ -->\n<title>FTB419 - Bocedi srl<\/title>\n<meta name=\"description\" content=\"El Bocedi FTB419 es la m\u00e1quina completa que permite el encogimiento de paletas y el encogimiento de la capucha en un solo lugar.\" \/>\n<meta name=\"robots\" content=\"index, follow, max-snippet:-1, max-image-preview:large, max-video-preview:-1\" \/>\n<link rel=\"canonical\" href=\"https:\/\/mail.stretchhood.it\/es\/sistemas-de-embalaje\/termo-retractil\/ftb419\/\" \/>\n<meta property=\"og:locale\" content=\"es_ES\" \/>\n<meta property=\"og:type\" content=\"article\" \/>\n<meta property=\"og:title\" content=\"FTB419 - Bocedi srl\" \/>\n<meta property=\"og:description\" content=\"El Bocedi FTB419 es la m\u00e1quina completa que permite el encogimiento de paletas y el encogimiento de la capucha en un solo lugar.\" \/>\n<meta property=\"og:url\" content=\"https:\/\/mail.stretchhood.it\/es\/sistemas-de-embalaje\/termo-retractil\/ftb419\/\" \/>\n<meta property=\"og:site_name\" content=\"Bocedi srl\" \/>\n<meta property=\"article:modified_time\" content=\"2021-12-30T11:46:54+00:00\" \/>\n<meta property=\"og:image\" content=\"https:\/\/www.stretchhood.it\/wp-content\/uploads\/2021\/12\/3d-ftb419.jpg\" \/>\n\t<meta property=\"og:image:width\" content=\"1200\" \/>\n\t<meta property=\"og:image:height\" content=\"800\" \/>\n\t<meta property=\"og:image:type\" content=\"image\/jpeg\" \/>\n<meta name=\"twitter:card\" content=\"summary_large_image\" \/>\n<meta name=\"twitter:label1\" content=\"Tiempo de lectura\" \/>\n\t<meta name=\"twitter:data1\" content=\"1 minuto\" \/>\n<script type=\"application\/ld+json\" class=\"yoast-schema-graph\">{\"@context\":\"https:\/\/schema.org\",\"@graph\":[{\"@type\":\"WebPage\",\"@id\":\"https:\/\/mail.stretchhood.it\/es\/sistemas-de-embalaje\/termo-retractil\/ftb419\/\",\"url\":\"https:\/\/mail.stretchhood.it\/es\/sistemas-de-embalaje\/termo-retractil\/ftb419\/\",\"name\":\"FTB419 - Bocedi srl\",\"isPartOf\":{\"@id\":\"https:\/\/mail.stretchhood.it\/es\/#website\"},\"primaryImageOfPage\":{\"@id\":\"https:\/\/mail.stretchhood.it\/es\/sistemas-de-embalaje\/termo-retractil\/ftb419\/#primaryimage\"},\"image\":{\"@id\":\"https:\/\/mail.stretchhood.it\/es\/sistemas-de-embalaje\/termo-retractil\/ftb419\/#primaryimage\"},\"thumbnailUrl\":\"https:\/\/mail.stretchhood.it\/wp-content\/uploads\/2021\/12\/3d-ftb419.jpg\",\"datePublished\":\"2021-12-10T06:56:02+00:00\",\"dateModified\":\"2021-12-30T11:46:54+00:00\",\"description\":\"El Bocedi FTB419 es la m\u00e1quina completa que permite el encogimiento de paletas y el encogimiento de la capucha en un solo lugar.\",\"breadcrumb\":{\"@id\":\"https:\/\/mail.stretchhood.it\/es\/sistemas-de-embalaje\/termo-retractil\/ftb419\/#breadcrumb\"},\"inLanguage\":\"es\",\"potentialAction\":[{\"@type\":\"ReadAction\",\"target\":[\"https:\/\/mail.stretchhood.it\/es\/sistemas-de-embalaje\/termo-retractil\/ftb419\/\"]}]},{\"@type\":\"ImageObject\",\"inLanguage\":\"es\",\"@id\":\"https:\/\/mail.stretchhood.it\/es\/sistemas-de-embalaje\/termo-retractil\/ftb419\/#primaryimage\",\"url\":\"https:\/\/mail.stretchhood.it\/wp-content\/uploads\/2021\/12\/3d-ftb419.jpg\",\"contentUrl\":\"https:\/\/mail.stretchhood.it\/wp-content\/uploads\/2021\/12\/3d-ftb419.jpg\",\"width\":1200,\"height\":800},{\"@type\":\"BreadcrumbList\",\"@id\":\"https:\/\/mail.stretchhood.it\/es\/sistemas-de-embalaje\/termo-retractil\/ftb419\/#breadcrumb\",\"itemListElement\":[{\"@type\":\"ListItem\",\"position\":1,\"name\":\"Home\",\"item\":\"https:\/\/www.bocedisrl.com\/es\/\"},{\"@type\":\"ListItem\",\"position\":2,\"name\":\"Sistemas de Embalaje\",\"item\":\"https:\/\/bocedisrl.com\/es\/sistemas-de-embalaje\/\"},{\"@type\":\"ListItem\",\"position\":3,\"name\":\"Termo-retr\u00e1ctil\",\"item\":\"https:\/\/bocedisrl.com\/es\/sistemas-de-embalaje\/termo-retractil\/\"},{\"@type\":\"ListItem\",\"position\":4,\"name\":\"FTB419\"}]},{\"@type\":\"WebSite\",\"@id\":\"https:\/\/mail.stretchhood.it\/es\/#website\",\"url\":\"https:\/\/mail.stretchhood.it\/es\/\",\"name\":\"Bocedi srl\",\"description\":\"Pallet Packaging Systems\",\"publisher\":{\"@id\":\"https:\/\/mail.stretchhood.it\/es\/#organization\"},\"potentialAction\":[{\"@type\":\"SearchAction\",\"target\":{\"@type\":\"EntryPoint\",\"urlTemplate\":\"https:\/\/mail.stretchhood.it\/es\/?s={search_term_string}\"},\"query-input\":\"required name=search_term_string\"}],\"inLanguage\":\"es\"},{\"@type\":\"Organization\",\"@id\":\"https:\/\/mail.stretchhood.it\/es\/#organization\",\"name\":\"Bocedi srl\",\"url\":\"https:\/\/mail.stretchhood.it\/es\/\",\"logo\":{\"@type\":\"ImageObject\",\"inLanguage\":\"es\",\"@id\":\"https:\/\/mail.stretchhood.it\/es\/#\/schema\/logo\/image\/\",\"url\":\"https:\/\/www.bocedisrl.com\/wp-content\/uploads\/2021\/11\/logo-bocedi.png\",\"contentUrl\":\"https:\/\/www.bocedisrl.com\/wp-content\/uploads\/2021\/11\/logo-bocedi.png\",\"width\":800,\"height\":480,\"caption\":\"Bocedi srl\"},\"image\":{\"@id\":\"https:\/\/mail.stretchhood.it\/es\/#\/schema\/logo\/image\/\"}}]}<\/script>\n<!-- \/ Yoast SEO plugin. -->","yoast_head_json":{"title":"FTB419 - Bocedi srl","description":"El Bocedi FTB419 es la m\u00e1quina completa que permite el encogimiento de paletas y el encogimiento de la capucha en un solo lugar.","robots":{"index":"index","follow":"follow","max-snippet":"max-snippet:-1","max-image-preview":"max-image-preview:large","max-video-preview":"max-video-preview:-1"},"canonical":"https:\/\/mail.stretchhood.it\/es\/sistemas-de-embalaje\/termo-retractil\/ftb419\/","og_locale":"es_ES","og_type":"article","og_title":"FTB419 - Bocedi srl","og_description":"El Bocedi FTB419 es la m\u00e1quina completa que permite el encogimiento de paletas y el encogimiento de la capucha en un solo lugar.","og_url":"https:\/\/mail.stretchhood.it\/es\/sistemas-de-embalaje\/termo-retractil\/ftb419\/","og_site_name":"Bocedi srl","article_modified_time":"2021-12-30T11:46:54+00:00","og_image":[{"width":1200,"height":800,"url":"https:\/\/www.stretchhood.it\/wp-content\/uploads\/2021\/12\/3d-ftb419.jpg","type":"image\/jpeg"}],"twitter_card":"summary_large_image","twitter_misc":{"Tiempo de lectura":"1 minuto"},"schema":{"@context":"https:\/\/schema.org","@graph":[{"@type":"WebPage","@id":"https:\/\/mail.stretchhood.it\/es\/sistemas-de-embalaje\/termo-retractil\/ftb419\/","url":"https:\/\/mail.stretchhood.it\/es\/sistemas-de-embalaje\/termo-retractil\/ftb419\/","name":"FTB419 - Bocedi srl","isPartOf":{"@id":"https:\/\/mail.stretchhood.it\/es\/#website"},"primaryImageOfPage":{"@id":"https:\/\/mail.stretchhood.it\/es\/sistemas-de-embalaje\/termo-retractil\/ftb419\/#primaryimage"},"image":{"@id":"https:\/\/mail.stretchhood.it\/es\/sistemas-de-embalaje\/termo-retractil\/ftb419\/#primaryimage"},"thumbnailUrl":"https:\/\/mail.stretchhood.it\/wp-content\/uploads\/2021\/12\/3d-ftb419.jpg","datePublished":"2021-12-10T06:56:02+00:00","dateModified":"2021-12-30T11:46:54+00:00","description":"El Bocedi FTB419 es la m\u00e1quina completa que permite el encogimiento de paletas y el encogimiento de la capucha en un solo lugar.","breadcrumb":{"@id":"https:\/\/mail.stretchhood.it\/es\/sistemas-de-embalaje\/termo-retractil\/ftb419\/#breadcrumb"},"inLanguage":"es","potentialAction":[{"@type":"ReadAction","target":["https:\/\/mail.stretchhood.it\/es\/sistemas-de-embalaje\/termo-retractil\/ftb419\/"]}]},{"@type":"ImageObject","inLanguage":"es","@id":"https:\/\/mail.stretchhood.it\/es\/sistemas-de-embalaje\/termo-retractil\/ftb419\/#primaryimage","url":"https:\/\/mail.stretchhood.it\/wp-content\/uploads\/2021\/12\/3d-ftb419.jpg","contentUrl":"https:\/\/mail.stretchhood.it\/wp-content\/uploads\/2021\/12\/3d-ftb419.jpg","width":1200,"height":800},{"@type":"BreadcrumbList","@id":"https:\/\/mail.stretchhood.it\/es\/sistemas-de-embalaje\/termo-retractil\/ftb419\/#breadcrumb","itemListElement":[{"@type":"ListItem","position":1,"name":"Home","item":"https:\/\/www.bocedisrl.com\/es\/"},{"@type":"ListItem","position":2,"name":"Sistemas de Embalaje","item":"https:\/\/bocedisrl.com\/es\/sistemas-de-embalaje\/"},{"@type":"ListItem","position":3,"name":"Termo-retr\u00e1ctil","item":"https:\/\/bocedisrl.com\/es\/sistemas-de-embalaje\/termo-retractil\/"},{"@type":"ListItem","position":4,"name":"FTB419"}]},{"@type":"WebSite","@id":"https:\/\/mail.stretchhood.it\/es\/#website","url":"https:\/\/mail.stretchhood.it\/es\/","name":"Bocedi srl","description":"Pallet Packaging Systems","publisher":{"@id":"https:\/\/mail.stretchhood.it\/es\/#organization"},"potentialAction":[{"@type":"SearchAction","target":{"@type":"EntryPoint","urlTemplate":"https:\/\/mail.stretchhood.it\/es\/?s={search_term_string}"},"query-input":"required name=search_term_string"}],"inLanguage":"es"},{"@type":"Organization","@id":"https:\/\/mail.stretchhood.it\/es\/#organization","name":"Bocedi srl","url":"https:\/\/mail.stretchhood.it\/es\/","logo":{"@type":"ImageObject","inLanguage":"es","@id":"https:\/\/mail.stretchhood.it\/es\/#\/schema\/logo\/image\/","url":"https:\/\/www.bocedisrl.com\/wp-content\/uploads\/2021\/11\/logo-bocedi.png","contentUrl":"https:\/\/www.bocedisrl.com\/wp-content\/uploads\/2021\/11\/logo-bocedi.png","width":800,"height":480,"caption":"Bocedi srl"},"image":{"@id":"https:\/\/mail.stretchhood.it\/es\/#\/schema\/logo\/image\/"}}]}},"_links":{"self":[{"href":"https:\/\/mail.stretchhood.it\/es\/wp-json\/wp\/v2\/pages\/4400"}],"collection":[{"href":"https:\/\/mail.stretchhood.it\/es\/wp-json\/wp\/v2\/pages"}],"about":[{"href":"https:\/\/mail.stretchhood.it\/es\/wp-json\/wp\/v2\/types\/page"}],"author":[{"embeddable":true,"href":"https:\/\/mail.stretchhood.it\/es\/wp-json\/wp\/v2\/users\/1"}],"replies":[{"embeddable":true,"href":"https:\/\/mail.stretchhood.it\/es\/wp-json\/wp\/v2\/comments?post=4400"}],"version-history":[{"count":1,"href":"https:\/\/mail.stretchhood.it\/es\/wp-json\/wp\/v2\/pages\/4400\/revisions"}],"predecessor-version":[{"id":4401,"href":"https:\/\/mail.stretchhood.it\/es\/wp-json\/wp\/v2\/pages\/4400\/revisions\/4401"}],"up":[{"embeddable":true,"href":"https:\/\/mail.stretchhood.it\/es\/wp-json\/wp\/v2\/pages\/4180"}],"wp:featuredmedia":[{"embeddable":true,"href":"https:\/\/mail.stretchhood.it\/es\/wp-json\/wp\/v2\/media\/2889"}],"wp:attachment":[{"href":"https:\/\/mail.stretchhood.it\/es\/wp-json\/wp\/v2\/media?parent=4400"}],"curies":[{"name":"wp","href":"https:\/\/api.w.org\/{rel}","templated":true}]}}