{"id":4406,"date":"2021-12-10T07:56:19","date_gmt":"2021-12-10T06:56:19","guid":{"rendered":"https:\/\/www.stretchhood.it\/sistemas-de-embalaje\/termo-retractil\/anillos-de-termo-retraccion\/"},"modified":"2021-12-30T12:46:12","modified_gmt":"2021-12-30T11:46:12","slug":"anillos-de-termo-retraccion","status":"publish","type":"page","link":"https:\/\/mail.stretchhood.it\/es\/sistemas-de-embalaje\/termo-retractil\/anillos-de-termo-retraccion\/","title":{"rendered":"Anillos de termo retracci\u00f3n"},"content":{"rendered":"\n<div class=\"wp-block-columns is-layout-flex wp-container-core-columns-is-layout-1 wp-block-columns-is-layout-flex\">\n<div class=\"wp-block-column is-layout-flow wp-block-column-is-layout-flow\">\n<h3 class=\"wp-block-heading\">Anillos de termo retracci\u00f3n<\/h3>\n\n\n\n<p>Bocedi utiliza anillos de termo retracci\u00f3n desde hace 50 a\u00f1os. Est\u00e1n muy bien dise\u00f1ados, con una fiabilidad probada, simplemente seguimos construy\u00e9ndolos.<\/p>\n\n\n\n<h3 class=\"wp-block-heading\">Acero inoxidable<\/h3>\n\n\n\n<p>Los anillos de termo retracci\u00f3n Bocedi permiten contraer la pel\u00edcula en una carga con funda a trav\u00e9s de un bastidor de acero inoxidable que calienta suavemente la funda de pl\u00e1stico alrededor de la carga utilizando aire caliente reciclado controlado.<\/p>\n\n\n\n<p>El sistema innovador sin llama funciona con cualquier gas de baja presi\u00f3n, utiliza aire caliente reciclado controlado para preservar la elasticidad y la resistencia de la pel\u00edcula.<\/p>\n\n\n\n<h3 class=\"wp-block-heading\">Rango completo<\/h3>\n\n\n\n<p>La gama completa de anillos de termo retracci\u00f3n responder\u00e1 perfectamente a las necesidades de su ciclo de producci\u00f3n. Seg\u00fan el tama\u00f1o de las tarimas, pueden llegar a una productividad de 240 tarimas\/h. Est\u00e1n disponibles con dispositivos de calefacci\u00f3n de 1 a 4 lados.<\/p>\n\n\n\n<h3 class=\"wp-block-heading\">Estabilidad de carga<\/h3>\n\n\n\n<p>Suministrados solos o junto con una de las m\u00e1quinas enfundadoras Bocedi, todos los anillos de termo retracci\u00f3n pueden instalarse f\u00e1cilmente con el dispositivo elevador de tarimas, que permite que la funda de pl\u00e1stico llegue hasta la parte inferior de la tarima y contraiga el pl\u00e1stico directamente debajo de la misma, para garantizar una combinaci\u00f3n perfecta de estabilidad y seguridad.<\/p>\n<\/div>\n\n\n\n<div class=\"wp-block-column is-layout-flow wp-block-column-is-layout-flow\"><div class=\"wp-block-getwid-images-slider has-arrows-inside has-dots-inside has-images-center has-cropped-images has-fixed-height\"><div class=\"wp-block-getwid-images-slider__wrapper\" data-effect=\"fade\" data-slides-show=\"1\" data-slides-show-laptop=\"1\" data-slides-show-tablet=\"1\" data-slides-show-mobile=\"1\" data-slides-scroll=\"1\" data-autoplay=\"true\" data-autoplay-speed=\"5000\" data-infinite=\"true\" data-animation-speed=\"800\" data-center-mode=\"false\" data-variable-width=\"false\" data-arrows=\"inside\" data-dots=\"inside\" data-spacing=\"none\"><div class=\"wp-block-getwid-images-slider__item\" style=\"height:350px\"><figure><img loading=\"lazy\" decoding=\"async\" width=\"1200\" height=\"800\" src=\"https:\/\/www.stretchhood.it\/wp-content\/uploads\/2021\/12\/image-shrinking-rings-01.jpg\" data-id=\"2140\" data-link=\"https:\/\/www.stretchhood.it\/packaging-systems\/shrink-hood-machines\/shrinking-rings\/attachment\/image-shrinking-rings-01\/\" data-original-link=\"https:\/\/www.stretchhood.it\/wp-content\/uploads\/2021\/12\/image-shrinking-rings-01.jpg\" class=\"wp-block-getwid-images-slider__image wp-image-2140\" srcset=\"https:\/\/www.stretchhood.it\/wp-content\/uploads\/2021\/12\/image-shrinking-rings-01.jpg 1200w, https:\/\/www.stretchhood.it\/wp-content\/uploads\/2021\/12\/image-shrinking-rings-01-980x653.jpg 980w, https:\/\/www.stretchhood.it\/wp-content\/uploads\/2021\/12\/image-shrinking-rings-01-480x320.jpg 480w\" sizes=\"(min-width: 0px) and (max-width: 480px) 480px, (min-width: 481px) and (max-width: 980px) 980px, (min-width: 981px) 1200px, 100vw\" \/><\/figure><\/div><div class=\"wp-block-getwid-images-slider__item\" style=\"height:350px\"><figure><img loading=\"lazy\" decoding=\"async\" width=\"1200\" height=\"800\" src=\"https:\/\/www.stretchhood.it\/wp-content\/uploads\/2021\/12\/image-shrinking-rings-02.jpg\" data-id=\"2141\" data-link=\"https:\/\/www.stretchhood.it\/packaging-systems\/shrink-hood-machines\/shrinking-rings\/attachment\/image-shrinking-rings-02\/\" data-original-link=\"https:\/\/www.stretchhood.it\/wp-content\/uploads\/2021\/12\/image-shrinking-rings-02.jpg\" class=\"wp-block-getwid-images-slider__image wp-image-2141\" srcset=\"https:\/\/www.stretchhood.it\/wp-content\/uploads\/2021\/12\/image-shrinking-rings-02.jpg 1200w, https:\/\/www.stretchhood.it\/wp-content\/uploads\/2021\/12\/image-shrinking-rings-02-980x653.jpg 980w, https:\/\/www.stretchhood.it\/wp-content\/uploads\/2021\/12\/image-shrinking-rings-02-480x320.jpg 480w\" sizes=\"(min-width: 0px) and (max-width: 480px) 480px, (min-width: 481px) and (max-width: 980px) 980px, (min-width: 981px) 1200px, 100vw\" \/><\/figure><\/div><div class=\"wp-block-getwid-images-slider__item\" style=\"height:350px\"><figure><img loading=\"lazy\" decoding=\"async\" width=\"1200\" height=\"800\" src=\"https:\/\/www.stretchhood.it\/wp-content\/uploads\/2021\/12\/image-shrinking-rings-03.jpg\" data-id=\"2142\" data-link=\"https:\/\/www.stretchhood.it\/packaging-systems\/shrink-hood-machines\/shrinking-rings\/attachment\/image-shrinking-rings-03\/\" data-original-link=\"https:\/\/www.stretchhood.it\/wp-content\/uploads\/2021\/12\/image-shrinking-rings-03.jpg\" class=\"wp-block-getwid-images-slider__image wp-image-2142\" srcset=\"https:\/\/www.stretchhood.it\/wp-content\/uploads\/2021\/12\/image-shrinking-rings-03.jpg 1200w, https:\/\/www.stretchhood.it\/wp-content\/uploads\/2021\/12\/image-shrinking-rings-03-980x653.jpg 980w, https:\/\/www.stretchhood.it\/wp-content\/uploads\/2021\/12\/image-shrinking-rings-03-480x320.jpg 480w\" sizes=\"(min-width: 0px) and (max-width: 480px) 480px, (min-width: 481px) and (max-width: 980px) 980px, (min-width: 981px) 1200px, 100vw\" \/><\/figure><\/div><div class=\"wp-block-getwid-images-slider__item\" style=\"height:350px\"><figure><img loading=\"lazy\" decoding=\"async\" width=\"1200\" height=\"800\" src=\"https:\/\/www.stretchhood.it\/wp-content\/uploads\/2021\/12\/image-shrinking-rings-04.jpg\" data-id=\"2143\" data-link=\"https:\/\/www.stretchhood.it\/packaging-systems\/shrink-hood-machines\/shrinking-rings\/attachment\/image-shrinking-rings-04\/\" data-original-link=\"https:\/\/www.stretchhood.it\/wp-content\/uploads\/2021\/12\/image-shrinking-rings-04.jpg\" class=\"wp-block-getwid-images-slider__image wp-image-2143\" srcset=\"https:\/\/www.stretchhood.it\/wp-content\/uploads\/2021\/12\/image-shrinking-rings-04.jpg 1200w, https:\/\/www.stretchhood.it\/wp-content\/uploads\/2021\/12\/image-shrinking-rings-04-980x653.jpg 980w, https:\/\/www.stretchhood.it\/wp-content\/uploads\/2021\/12\/image-shrinking-rings-04-480x320.jpg 480w\" sizes=\"(min-width: 0px) and (max-width: 480px) 480px, (min-width: 481px) and (max-width: 980px) 980px, (min-width: 981px) 1200px, 100vw\" \/><\/figure><\/div><div class=\"wp-block-getwid-images-slider__item\" style=\"height:350px\"><figure><img loading=\"lazy\" decoding=\"async\" width=\"1200\" height=\"800\" src=\"https:\/\/www.stretchhood.it\/wp-content\/uploads\/2021\/12\/image-shrinking-rings-05.jpg\" data-id=\"2144\" data-link=\"https:\/\/www.stretchhood.it\/packaging-systems\/shrink-hood-machines\/shrinking-rings\/attachment\/image-shrinking-rings-05\/\" data-original-link=\"https:\/\/www.stretchhood.it\/wp-content\/uploads\/2021\/12\/image-shrinking-rings-05.jpg\" class=\"wp-block-getwid-images-slider__image wp-image-2144\" srcset=\"https:\/\/www.stretchhood.it\/wp-content\/uploads\/2021\/12\/image-shrinking-rings-05.jpg 1200w, https:\/\/www.stretchhood.it\/wp-content\/uploads\/2021\/12\/image-shrinking-rings-05-980x653.jpg 980w, https:\/\/www.stretchhood.it\/wp-content\/uploads\/2021\/12\/image-shrinking-rings-05-480x320.jpg 480w\" sizes=\"(min-width: 0px) and (max-width: 480px) 480px, (min-width: 481px) and (max-width: 980px) 980px, (min-width: 981px) 1200px, 100vw\" \/><\/figure><\/div><\/div><\/div>\r\n\n\n\n<h3 class=\"wp-block-heading\">Datos t\u00e9cnicos<\/h3>\n\n\n\n<figure class=\"wp-block-table is-style-stripes\"><table class=\"has-fixed-layout\"><tbody><tr><td>Productividad (seg\u00fan el tama\u00f1o del anillo y del producto)<\/td><td>40\u00f7240 tarimas\/h<\/td><\/tr><tr><td>Tama\u00f1o m\u00ednimo de la carga<\/td><td>400&#215;400\u00a0mm<\/td><\/tr><tr><td>Tama\u00f1o m\u00e1ximo de la carga<\/td><td>3000&#215;1500 mm<\/td><\/tr><\/tbody><\/table><\/figure>\n\n\n\n<h3 class=\"wp-block-heading\">Opciones de enfundado<\/h3>\n\n\n<div class=\"wp-block-getwid-images-slider has-arrows-none has-dots-outside has-captions captions-underneath is-carousel has-slides-gap-normal has-images-top\"><div class=\"wp-block-getwid-images-slider__wrapper\" data-effect=\"slide\" data-slides-show=\"2\" data-slides-show-laptop=\"1\" data-slides-show-tablet=\"1\" data-slides-show-mobile=\"1\" data-slides-scroll=\"1\" data-autoplay=\"true\" data-autoplay-speed=\"5000\" data-infinite=\"false\" data-animation-speed=\"300\" data-center-mode=\"false\" data-variable-width=\"false\" data-arrows=\"none\" data-dots=\"outside\" data-spacing=\"normal\"><div class=\"wp-block-getwid-images-slider__item\"><figure><img loading=\"lazy\" decoding=\"async\" width=\"300\" height=\"300\" src=\"https:\/\/www.stretchhood.it\/wp-content\/uploads\/2021\/12\/sequence-pallet-finish-04.png\" data-id=\"1524\" data-link=\"https:\/\/www.stretchhood.it\/packaging-systems\/stretch-hood-machines\/fb1000\/attachment\/sequence-pallet-finish-04\/\" data-original-link=\"https:\/\/www.stretchhood.it\/wp-content\/uploads\/2021\/12\/sequence-pallet-finish-04.png\" class=\"wp-block-getwid-images-slider__image wp-image-1524\" srcset=\"https:\/\/mail.stretchhood.it\/wp-content\/uploads\/2021\/12\/sequence-pallet-finish-04.png 300w, https:\/\/mail.stretchhood.it\/wp-content\/uploads\/2021\/12\/sequence-pallet-finish-04-150x150.png 150w\" sizes=\"(max-width: 300px) 100vw, 300px\" \/><\/figure><\/div><div class=\"wp-block-getwid-images-slider__item\"><figure><img loading=\"lazy\" decoding=\"async\" width=\"300\" height=\"300\" src=\"https:\/\/www.stretchhood.it\/wp-content\/uploads\/2021\/12\/sequence-pallet-finish-05.png\" data-id=\"1525\" data-link=\"https:\/\/www.stretchhood.it\/packaging-systems\/stretch-hood-machines\/fb1000\/attachment\/sequence-pallet-finish-05\/\" data-original-link=\"https:\/\/www.stretchhood.it\/wp-content\/uploads\/2021\/12\/sequence-pallet-finish-05.png\" class=\"wp-block-getwid-images-slider__image wp-image-1525\" srcset=\"https:\/\/mail.stretchhood.it\/wp-content\/uploads\/2021\/12\/sequence-pallet-finish-05.png 300w, https:\/\/mail.stretchhood.it\/wp-content\/uploads\/2021\/12\/sequence-pallet-finish-05-150x150.png 150w\" sizes=\"(max-width: 300px) 100vw, 300px\" \/><\/figure><\/div><div class=\"wp-block-getwid-images-slider__item\"><figure><img loading=\"lazy\" decoding=\"async\" width=\"300\" height=\"300\" src=\"https:\/\/www.stretchhood.it\/wp-content\/uploads\/2021\/12\/sequence-pallet-finish-07.png\" data-id=\"1527\" data-link=\"https:\/\/www.stretchhood.it\/packaging-systems\/stretch-hood-machines\/fb1000\/attachment\/sequence-pallet-finish-07\/\" data-original-link=\"https:\/\/www.stretchhood.it\/wp-content\/uploads\/2021\/12\/sequence-pallet-finish-07.png\" class=\"wp-block-getwid-images-slider__image wp-image-1527\" srcset=\"https:\/\/mail.stretchhood.it\/wp-content\/uploads\/2021\/12\/sequence-pallet-finish-07.png 300w, https:\/\/mail.stretchhood.it\/wp-content\/uploads\/2021\/12\/sequence-pallet-finish-07-150x150.png 150w\" sizes=\"(max-width: 300px) 100vw, 300px\" \/><\/figure><\/div><div class=\"wp-block-getwid-images-slider__item\"><figure><img loading=\"lazy\" decoding=\"async\" width=\"300\" height=\"300\" src=\"https:\/\/www.stretchhood.it\/wp-content\/uploads\/2021\/12\/sequence-pallet-finish-09.png\" data-id=\"1529\" data-link=\"https:\/\/www.stretchhood.it\/packaging-systems\/stretch-hood-machines\/fb1000\/attachment\/sequence-pallet-finish-09\/\" data-original-link=\"https:\/\/www.stretchhood.it\/wp-content\/uploads\/2021\/12\/sequence-pallet-finish-09.png\" class=\"wp-block-getwid-images-slider__image wp-image-1529\" srcset=\"https:\/\/mail.stretchhood.it\/wp-content\/uploads\/2021\/12\/sequence-pallet-finish-09.png 300w, https:\/\/mail.stretchhood.it\/wp-content\/uploads\/2021\/12\/sequence-pallet-finish-09-150x150.png 150w\" sizes=\"(max-width: 300px) 100vw, 300px\" \/><\/figure><\/div><\/div><\/div>\r\n\n\n\n<div class=\"wp-block-buttons is-layout-flex wp-block-buttons-is-layout-flex\">\n<div class=\"wp-block-button button-quotation\"><a class=\"wp-block-button__link\" href=\"\/es\/contacto\/\">Solicitar Presupuesto<\/a><\/div>\n\n\n\n<div class=\"wp-block-button button-pdf\"><a class=\"wp-block-button__link\">Descargar Cat\u00e1logo<\/a><\/div>\n\n\n\n<div class=\"wp-block-button button-video\"><a class=\"wp-block-button__link\">Ver el V\u00eddeo<\/a><\/div>\n<\/div>\n\n\n\n<figure class=\"wp-block-video watch-video\"><video controls=\"\" poster=\"https:\/\/www.stretchhood.it\/wp-content\/uploads\/2021\/12\/video-thumb.jpg\" src=\"\/wp-content\/uploads\/video\/video-shrinking-rings.mp4\"><\/video><\/figure>\n<\/div>\n<\/div>\n","protected":false},"excerpt":{"rendered":"<p>Anillos de termo retracci\u00f3n Bocedi utiliza anillos de termo retracci\u00f3n desde hace 50 a\u00f1os. Est\u00e1n muy bien dise\u00f1ados, con una fiabilidad probada, simplemente seguimos construy\u00e9ndolos. Acero inoxidable Los anillos de termo retracci\u00f3n Bocedi permiten contraer la pel\u00edcula en una carga con funda a trav\u00e9s de un bastidor de acero inoxidable que calienta suavemente la funda [&hellip;]<\/p>\n","protected":false},"author":1,"featured_media":2895,"parent":4180,"menu_order":0,"comment_status":"closed","ping_status":"closed","template":"","meta":{"_acf_changed":false,"_et_pb_use_builder":"off","_et_pb_old_content":"","_et_gb_content_width":"","footnotes":""},"acf":[],"yoast_head":"<!-- This site is optimized with the Yoast SEO plugin v22.7 - https:\/\/yoast.com\/wordpress\/plugins\/seo\/ -->\n<title>Anillos de termo retracci\u00f3n - Bocedi srl<\/title>\n<meta name=\"description\" content=\"Los anillos de contracci\u00f3n Bocedi permiten la contracci\u00f3n de la pel\u00edcula en una carga encapuchada a trav\u00e9s de un marco de acero inoxidable que calienta suavemente la cubierta de pl\u00e1stico alrededor de la carga.\" \/>\n<meta name=\"robots\" content=\"index, follow, max-snippet:-1, max-image-preview:large, max-video-preview:-1\" \/>\n<link rel=\"canonical\" href=\"https:\/\/mail.stretchhood.it\/es\/sistemas-de-embalaje\/termo-retractil\/anillos-de-termo-retraccion\/\" \/>\n<meta property=\"og:locale\" content=\"es_ES\" \/>\n<meta property=\"og:type\" content=\"article\" \/>\n<meta property=\"og:title\" content=\"Anillos de termo retracci\u00f3n - Bocedi srl\" \/>\n<meta property=\"og:description\" content=\"Los anillos de contracci\u00f3n Bocedi permiten la contracci\u00f3n de la pel\u00edcula en una carga encapuchada a trav\u00e9s de un marco de acero inoxidable que calienta suavemente la cubierta de pl\u00e1stico alrededor de la carga.\" \/>\n<meta property=\"og:url\" content=\"https:\/\/mail.stretchhood.it\/es\/sistemas-de-embalaje\/termo-retractil\/anillos-de-termo-retraccion\/\" \/>\n<meta property=\"og:site_name\" content=\"Bocedi srl\" \/>\n<meta property=\"article:modified_time\" content=\"2021-12-30T11:46:12+00:00\" \/>\n<meta property=\"og:image\" content=\"https:\/\/bocedisrl.com\/wp-content\/uploads\/2021\/12\/3d-shrinking-rings.jpg\" \/>\n\t<meta property=\"og:image:width\" content=\"1200\" \/>\n\t<meta property=\"og:image:height\" content=\"800\" \/>\n\t<meta property=\"og:image:type\" content=\"image\/jpeg\" \/>\n<meta name=\"twitter:card\" content=\"summary_large_image\" \/>\n<meta name=\"twitter:label1\" content=\"Tiempo de lectura\" \/>\n\t<meta name=\"twitter:data1\" content=\"1 minuto\" \/>\n<script type=\"application\/ld+json\" class=\"yoast-schema-graph\">{\"@context\":\"https:\/\/schema.org\",\"@graph\":[{\"@type\":\"WebPage\",\"@id\":\"https:\/\/mail.stretchhood.it\/es\/sistemas-de-embalaje\/termo-retractil\/anillos-de-termo-retraccion\/\",\"url\":\"https:\/\/mail.stretchhood.it\/es\/sistemas-de-embalaje\/termo-retractil\/anillos-de-termo-retraccion\/\",\"name\":\"Anillos de termo retracci\u00f3n - Bocedi srl\",\"isPartOf\":{\"@id\":\"https:\/\/www.stretchhood.it\/#website\"},\"primaryImageOfPage\":{\"@id\":\"https:\/\/mail.stretchhood.it\/es\/sistemas-de-embalaje\/termo-retractil\/anillos-de-termo-retraccion\/#primaryimage\"},\"image\":{\"@id\":\"https:\/\/mail.stretchhood.it\/es\/sistemas-de-embalaje\/termo-retractil\/anillos-de-termo-retraccion\/#primaryimage\"},\"thumbnailUrl\":\"https:\/\/mail.stretchhood.it\/wp-content\/uploads\/2021\/12\/3d-shrinking-rings.jpg\",\"datePublished\":\"2021-12-10T06:56:19+00:00\",\"dateModified\":\"2021-12-30T11:46:12+00:00\",\"description\":\"Los anillos de contracci\u00f3n Bocedi permiten la contracci\u00f3n de la pel\u00edcula en una carga encapuchada a trav\u00e9s de un marco de acero inoxidable que calienta suavemente la cubierta de pl\u00e1stico alrededor de la carga.\",\"breadcrumb\":{\"@id\":\"https:\/\/mail.stretchhood.it\/es\/sistemas-de-embalaje\/termo-retractil\/anillos-de-termo-retraccion\/#breadcrumb\"},\"inLanguage\":\"es\",\"potentialAction\":[{\"@type\":\"ReadAction\",\"target\":[\"https:\/\/mail.stretchhood.it\/es\/sistemas-de-embalaje\/termo-retractil\/anillos-de-termo-retraccion\/\"]}]},{\"@type\":\"ImageObject\",\"inLanguage\":\"es\",\"@id\":\"https:\/\/mail.stretchhood.it\/es\/sistemas-de-embalaje\/termo-retractil\/anillos-de-termo-retraccion\/#primaryimage\",\"url\":\"https:\/\/mail.stretchhood.it\/wp-content\/uploads\/2021\/12\/3d-shrinking-rings.jpg\",\"contentUrl\":\"https:\/\/mail.stretchhood.it\/wp-content\/uploads\/2021\/12\/3d-shrinking-rings.jpg\",\"width\":1200,\"height\":800},{\"@type\":\"BreadcrumbList\",\"@id\":\"https:\/\/mail.stretchhood.it\/es\/sistemas-de-embalaje\/termo-retractil\/anillos-de-termo-retraccion\/#breadcrumb\",\"itemListElement\":[{\"@type\":\"ListItem\",\"position\":1,\"name\":\"Home\",\"item\":\"https:\/\/mail.stretchhood.it\/es\/\"},{\"@type\":\"ListItem\",\"position\":2,\"name\":\"Sistemas de Embalaje\",\"item\":\"https:\/\/stretchhood.it\/es\/sistemas-de-embalaje\/\"},{\"@type\":\"ListItem\",\"position\":3,\"name\":\"Termo-retr\u00e1ctil\",\"item\":\"https:\/\/stretchhood.it\/es\/sistemas-de-embalaje\/termo-retractil\/\"},{\"@type\":\"ListItem\",\"position\":4,\"name\":\"Anillos de termo retracci\u00f3n\"}]},{\"@type\":\"WebSite\",\"@id\":\"https:\/\/www.stretchhood.it\/#website\",\"url\":\"https:\/\/www.stretchhood.it\/\",\"name\":\"Bocedi srl\",\"description\":\"Pallet Packaging Systems\",\"publisher\":{\"@id\":\"https:\/\/www.stretchhood.it\/#organization\"},\"potentialAction\":[{\"@type\":\"SearchAction\",\"target\":{\"@type\":\"EntryPoint\",\"urlTemplate\":\"https:\/\/www.stretchhood.it\/?s={search_term_string}\"},\"query-input\":\"required name=search_term_string\"}],\"inLanguage\":\"es\"},{\"@type\":\"Organization\",\"@id\":\"https:\/\/www.stretchhood.it\/#organization\",\"name\":\"Bocedi srl\",\"url\":\"https:\/\/www.stretchhood.it\/\",\"logo\":{\"@type\":\"ImageObject\",\"inLanguage\":\"es\",\"@id\":\"https:\/\/www.stretchhood.it\/#\/schema\/logo\/image\/\",\"url\":\"https:\/\/www.bocedisrl.com\/wp-content\/uploads\/2021\/11\/logo-bocedi.png\",\"contentUrl\":\"https:\/\/www.bocedisrl.com\/wp-content\/uploads\/2021\/11\/logo-bocedi.png\",\"width\":800,\"height\":480,\"caption\":\"Bocedi srl\"},\"image\":{\"@id\":\"https:\/\/www.stretchhood.it\/#\/schema\/logo\/image\/\"}}]}<\/script>\n<!-- \/ Yoast SEO plugin. -->","yoast_head_json":{"title":"Anillos de termo retracci\u00f3n - Bocedi srl","description":"Los anillos de contracci\u00f3n Bocedi permiten la contracci\u00f3n de la pel\u00edcula en una carga encapuchada a trav\u00e9s de un marco de acero inoxidable que calienta suavemente la cubierta de pl\u00e1stico alrededor de la carga.","robots":{"index":"index","follow":"follow","max-snippet":"max-snippet:-1","max-image-preview":"max-image-preview:large","max-video-preview":"max-video-preview:-1"},"canonical":"https:\/\/mail.stretchhood.it\/es\/sistemas-de-embalaje\/termo-retractil\/anillos-de-termo-retraccion\/","og_locale":"es_ES","og_type":"article","og_title":"Anillos de termo retracci\u00f3n - Bocedi srl","og_description":"Los anillos de contracci\u00f3n Bocedi permiten la contracci\u00f3n de la pel\u00edcula en una carga encapuchada a trav\u00e9s de un marco de acero inoxidable que calienta suavemente la cubierta de pl\u00e1stico alrededor de la carga.","og_url":"https:\/\/mail.stretchhood.it\/es\/sistemas-de-embalaje\/termo-retractil\/anillos-de-termo-retraccion\/","og_site_name":"Bocedi srl","article_modified_time":"2021-12-30T11:46:12+00:00","og_image":[{"width":1200,"height":800,"url":"https:\/\/bocedisrl.com\/wp-content\/uploads\/2021\/12\/3d-shrinking-rings.jpg","type":"image\/jpeg"}],"twitter_card":"summary_large_image","twitter_misc":{"Tiempo de lectura":"1 minuto"},"schema":{"@context":"https:\/\/schema.org","@graph":[{"@type":"WebPage","@id":"https:\/\/mail.stretchhood.it\/es\/sistemas-de-embalaje\/termo-retractil\/anillos-de-termo-retraccion\/","url":"https:\/\/mail.stretchhood.it\/es\/sistemas-de-embalaje\/termo-retractil\/anillos-de-termo-retraccion\/","name":"Anillos de termo retracci\u00f3n - Bocedi srl","isPartOf":{"@id":"https:\/\/www.stretchhood.it\/#website"},"primaryImageOfPage":{"@id":"https:\/\/mail.stretchhood.it\/es\/sistemas-de-embalaje\/termo-retractil\/anillos-de-termo-retraccion\/#primaryimage"},"image":{"@id":"https:\/\/mail.stretchhood.it\/es\/sistemas-de-embalaje\/termo-retractil\/anillos-de-termo-retraccion\/#primaryimage"},"thumbnailUrl":"https:\/\/mail.stretchhood.it\/wp-content\/uploads\/2021\/12\/3d-shrinking-rings.jpg","datePublished":"2021-12-10T06:56:19+00:00","dateModified":"2021-12-30T11:46:12+00:00","description":"Los anillos de contracci\u00f3n Bocedi permiten la contracci\u00f3n de la pel\u00edcula en una carga encapuchada a trav\u00e9s de un marco de acero inoxidable que calienta suavemente la cubierta de pl\u00e1stico alrededor de la carga.","breadcrumb":{"@id":"https:\/\/mail.stretchhood.it\/es\/sistemas-de-embalaje\/termo-retractil\/anillos-de-termo-retraccion\/#breadcrumb"},"inLanguage":"es","potentialAction":[{"@type":"ReadAction","target":["https:\/\/mail.stretchhood.it\/es\/sistemas-de-embalaje\/termo-retractil\/anillos-de-termo-retraccion\/"]}]},{"@type":"ImageObject","inLanguage":"es","@id":"https:\/\/mail.stretchhood.it\/es\/sistemas-de-embalaje\/termo-retractil\/anillos-de-termo-retraccion\/#primaryimage","url":"https:\/\/mail.stretchhood.it\/wp-content\/uploads\/2021\/12\/3d-shrinking-rings.jpg","contentUrl":"https:\/\/mail.stretchhood.it\/wp-content\/uploads\/2021\/12\/3d-shrinking-rings.jpg","width":1200,"height":800},{"@type":"BreadcrumbList","@id":"https:\/\/mail.stretchhood.it\/es\/sistemas-de-embalaje\/termo-retractil\/anillos-de-termo-retraccion\/#breadcrumb","itemListElement":[{"@type":"ListItem","position":1,"name":"Home","item":"https:\/\/mail.stretchhood.it\/es\/"},{"@type":"ListItem","position":2,"name":"Sistemas de Embalaje","item":"https:\/\/stretchhood.it\/es\/sistemas-de-embalaje\/"},{"@type":"ListItem","position":3,"name":"Termo-retr\u00e1ctil","item":"https:\/\/stretchhood.it\/es\/sistemas-de-embalaje\/termo-retractil\/"},{"@type":"ListItem","position":4,"name":"Anillos de termo retracci\u00f3n"}]},{"@type":"WebSite","@id":"https:\/\/www.stretchhood.it\/#website","url":"https:\/\/www.stretchhood.it\/","name":"Bocedi srl","description":"Pallet Packaging Systems","publisher":{"@id":"https:\/\/www.stretchhood.it\/#organization"},"potentialAction":[{"@type":"SearchAction","target":{"@type":"EntryPoint","urlTemplate":"https:\/\/www.stretchhood.it\/?s={search_term_string}"},"query-input":"required name=search_term_string"}],"inLanguage":"es"},{"@type":"Organization","@id":"https:\/\/www.stretchhood.it\/#organization","name":"Bocedi srl","url":"https:\/\/www.stretchhood.it\/","logo":{"@type":"ImageObject","inLanguage":"es","@id":"https:\/\/www.stretchhood.it\/#\/schema\/logo\/image\/","url":"https:\/\/www.bocedisrl.com\/wp-content\/uploads\/2021\/11\/logo-bocedi.png","contentUrl":"https:\/\/www.bocedisrl.com\/wp-content\/uploads\/2021\/11\/logo-bocedi.png","width":800,"height":480,"caption":"Bocedi srl"},"image":{"@id":"https:\/\/www.stretchhood.it\/#\/schema\/logo\/image\/"}}]}},"_links":{"self":[{"href":"https:\/\/mail.stretchhood.it\/es\/wp-json\/wp\/v2\/pages\/4406"}],"collection":[{"href":"https:\/\/mail.stretchhood.it\/es\/wp-json\/wp\/v2\/pages"}],"about":[{"href":"https:\/\/mail.stretchhood.it\/es\/wp-json\/wp\/v2\/types\/page"}],"author":[{"embeddable":true,"href":"https:\/\/mail.stretchhood.it\/es\/wp-json\/wp\/v2\/users\/1"}],"replies":[{"embeddable":true,"href":"https:\/\/mail.stretchhood.it\/es\/wp-json\/wp\/v2\/comments?post=4406"}],"version-history":[{"count":1,"href":"https:\/\/mail.stretchhood.it\/es\/wp-json\/wp\/v2\/pages\/4406\/revisions"}],"predecessor-version":[{"id":4407,"href":"https:\/\/mail.stretchhood.it\/es\/wp-json\/wp\/v2\/pages\/4406\/revisions\/4407"}],"up":[{"embeddable":true,"href":"https:\/\/mail.stretchhood.it\/es\/wp-json\/wp\/v2\/pages\/4180"}],"wp:featuredmedia":[{"embeddable":true,"href":"https:\/\/mail.stretchhood.it\/es\/wp-json\/wp\/v2\/media\/2895"}],"wp:attachment":[{"href":"https:\/\/mail.stretchhood.it\/es\/wp-json\/wp\/v2\/media?parent=4406"}],"curies":[{"name":"wp","href":"https:\/\/api.w.org\/{rel}","templated":true}]}}