{"id":4007,"date":"2021-11-29T10:39:08","date_gmt":"2021-11-29T09:39:08","guid":{"rendered":"https:\/\/www.stretchhood.it\/systemes-demballage\/"},"modified":"2021-12-30T12:32:12","modified_gmt":"2021-12-30T11:32:12","slug":"systemes-d-emballage","status":"publish","type":"page","link":"https:\/\/mail.stretchhood.it\/fr\/systemes-d-emballage\/","title":{"rendered":"Syst\u00e9mes d&rsquo;Emballage"},"content":{"rendered":"","protected":false},"excerpt":{"rendered":"","protected":false},"author":1,"featured_media":2905,"parent":0,"menu_order":0,"comment_status":"closed","ping_status":"closed","template":"","meta":{"_acf_changed":false,"_et_pb_use_builder":"on","_et_pb_old_content":"","_et_gb_content_width":"","footnotes":""},"acf":[],"yoast_head":"<!-- This site is optimized with the Yoast SEO plugin v22.7 - https:\/\/yoast.com\/wordpress\/plugins\/seo\/ -->\n<title>Syst\u00e9mes d&#039;Emballage - Bocedi srl<\/title>\n<meta name=\"description\" content=\"Machines \u00e0 housses \u00e9tirables et r\u00e9tractables, machines \u00e0 cercler, lignes compl\u00e8tes d&#039;emballage sans palette, ensacheuses, accessoires.\" \/>\n<meta name=\"robots\" content=\"index, follow, max-snippet:-1, max-image-preview:large, max-video-preview:-1\" \/>\n<link rel=\"canonical\" href=\"https:\/\/mail.stretchhood.it\/fr\/systemes-d-emballage\/\" \/>\n<meta property=\"og:locale\" content=\"fr_FR\" \/>\n<meta property=\"og:type\" content=\"article\" \/>\n<meta property=\"og:title\" content=\"Syst\u00e9mes d&#039;Emballage - Bocedi srl\" \/>\n<meta property=\"og:description\" content=\"Machines \u00e0 housses \u00e9tirables et r\u00e9tractables, machines \u00e0 cercler, lignes compl\u00e8tes d&#039;emballage sans palette, ensacheuses, accessoires.\" \/>\n<meta property=\"og:url\" content=\"https:\/\/mail.stretchhood.it\/fr\/systemes-d-emballage\/\" \/>\n<meta property=\"og:site_name\" content=\"Bocedi srl\" \/>\n<meta property=\"article:modified_time\" content=\"2021-12-30T11:32:12+00:00\" \/>\n<meta property=\"og:image\" content=\"https:\/\/mail.stretchhood.it\/wp-content\/uploads\/2021\/12\/banner-packaging-systems.jpg\" \/>\n\t<meta property=\"og:image:width\" content=\"1200\" \/>\n\t<meta property=\"og:image:height\" content=\"800\" \/>\n\t<meta property=\"og:image:type\" content=\"image\/jpeg\" \/>\n<meta name=\"twitter:card\" content=\"summary_large_image\" \/>\n<script type=\"application\/ld+json\" class=\"yoast-schema-graph\">{\"@context\":\"https:\/\/schema.org\",\"@graph\":[{\"@type\":\"WebPage\",\"@id\":\"https:\/\/mail.stretchhood.it\/fr\/systemes-d-emballage\/\",\"url\":\"https:\/\/mail.stretchhood.it\/fr\/systemes-d-emballage\/\",\"name\":\"Syst\u00e9mes d'Emballage - Bocedi srl\",\"isPartOf\":{\"@id\":\"https:\/\/www.bocedisrl.com\/#website\"},\"primaryImageOfPage\":{\"@id\":\"https:\/\/mail.stretchhood.it\/fr\/systemes-d-emballage\/#primaryimage\"},\"image\":{\"@id\":\"https:\/\/mail.stretchhood.it\/fr\/systemes-d-emballage\/#primaryimage\"},\"thumbnailUrl\":\"https:\/\/mail.stretchhood.it\/wp-content\/uploads\/2021\/12\/banner-packaging-systems.jpg\",\"datePublished\":\"2021-11-29T09:39:08+00:00\",\"dateModified\":\"2021-12-30T11:32:12+00:00\",\"description\":\"Machines \u00e0 housses \u00e9tirables et r\u00e9tractables, machines \u00e0 cercler, lignes compl\u00e8tes d'emballage sans palette, ensacheuses, accessoires.\",\"breadcrumb\":{\"@id\":\"https:\/\/mail.stretchhood.it\/fr\/systemes-d-emballage\/#breadcrumb\"},\"inLanguage\":\"fr-FR\",\"potentialAction\":[{\"@type\":\"ReadAction\",\"target\":[\"https:\/\/mail.stretchhood.it\/fr\/systemes-d-emballage\/\"]}]},{\"@type\":\"ImageObject\",\"inLanguage\":\"fr-FR\",\"@id\":\"https:\/\/mail.stretchhood.it\/fr\/systemes-d-emballage\/#primaryimage\",\"url\":\"https:\/\/mail.stretchhood.it\/wp-content\/uploads\/2021\/12\/banner-packaging-systems.jpg\",\"contentUrl\":\"https:\/\/mail.stretchhood.it\/wp-content\/uploads\/2021\/12\/banner-packaging-systems.jpg\",\"width\":1200,\"height\":800},{\"@type\":\"BreadcrumbList\",\"@id\":\"https:\/\/mail.stretchhood.it\/fr\/systemes-d-emballage\/#breadcrumb\",\"itemListElement\":[{\"@type\":\"ListItem\",\"position\":1,\"name\":\"Home\",\"item\":\"https:\/\/mail.stretchhood.it\/fr\/\"},{\"@type\":\"ListItem\",\"position\":2,\"name\":\"Syst\u00e9mes d&rsquo;Emballage\"}]},{\"@type\":\"WebSite\",\"@id\":\"https:\/\/www.bocedisrl.com\/#website\",\"url\":\"https:\/\/www.bocedisrl.com\/\",\"name\":\"Bocedi srl\",\"description\":\"Pallet Packaging Systems\",\"publisher\":{\"@id\":\"https:\/\/www.bocedisrl.com\/#organization\"},\"potentialAction\":[{\"@type\":\"SearchAction\",\"target\":{\"@type\":\"EntryPoint\",\"urlTemplate\":\"https:\/\/www.bocedisrl.com\/?s={search_term_string}\"},\"query-input\":\"required name=search_term_string\"}],\"inLanguage\":\"fr-FR\"},{\"@type\":\"Organization\",\"@id\":\"https:\/\/www.bocedisrl.com\/#organization\",\"name\":\"Bocedi srl\",\"url\":\"https:\/\/www.bocedisrl.com\/\",\"logo\":{\"@type\":\"ImageObject\",\"inLanguage\":\"fr-FR\",\"@id\":\"https:\/\/www.bocedisrl.com\/#\/schema\/logo\/image\/\",\"url\":\"https:\/\/www.bocedisrl.com\/wp-content\/uploads\/2021\/11\/logo-bocedi.png\",\"contentUrl\":\"https:\/\/www.bocedisrl.com\/wp-content\/uploads\/2021\/11\/logo-bocedi.png\",\"width\":800,\"height\":480,\"caption\":\"Bocedi srl\"},\"image\":{\"@id\":\"https:\/\/www.bocedisrl.com\/#\/schema\/logo\/image\/\"}}]}<\/script>\n<!-- \/ Yoast SEO plugin. -->","yoast_head_json":{"title":"Syst\u00e9mes d'Emballage - Bocedi srl","description":"Machines \u00e0 housses \u00e9tirables et r\u00e9tractables, machines \u00e0 cercler, lignes compl\u00e8tes d'emballage sans palette, ensacheuses, accessoires.","robots":{"index":"index","follow":"follow","max-snippet":"max-snippet:-1","max-image-preview":"max-image-preview:large","max-video-preview":"max-video-preview:-1"},"canonical":"https:\/\/mail.stretchhood.it\/fr\/systemes-d-emballage\/","og_locale":"fr_FR","og_type":"article","og_title":"Syst\u00e9mes d'Emballage - Bocedi srl","og_description":"Machines \u00e0 housses \u00e9tirables et r\u00e9tractables, machines \u00e0 cercler, lignes compl\u00e8tes d'emballage sans palette, ensacheuses, accessoires.","og_url":"https:\/\/mail.stretchhood.it\/fr\/systemes-d-emballage\/","og_site_name":"Bocedi srl","article_modified_time":"2021-12-30T11:32:12+00:00","og_image":[{"width":1200,"height":800,"url":"https:\/\/mail.stretchhood.it\/wp-content\/uploads\/2021\/12\/banner-packaging-systems.jpg","type":"image\/jpeg"}],"twitter_card":"summary_large_image","schema":{"@context":"https:\/\/schema.org","@graph":[{"@type":"WebPage","@id":"https:\/\/mail.stretchhood.it\/fr\/systemes-d-emballage\/","url":"https:\/\/mail.stretchhood.it\/fr\/systemes-d-emballage\/","name":"Syst\u00e9mes d'Emballage - Bocedi srl","isPartOf":{"@id":"https:\/\/www.bocedisrl.com\/#website"},"primaryImageOfPage":{"@id":"https:\/\/mail.stretchhood.it\/fr\/systemes-d-emballage\/#primaryimage"},"image":{"@id":"https:\/\/mail.stretchhood.it\/fr\/systemes-d-emballage\/#primaryimage"},"thumbnailUrl":"https:\/\/mail.stretchhood.it\/wp-content\/uploads\/2021\/12\/banner-packaging-systems.jpg","datePublished":"2021-11-29T09:39:08+00:00","dateModified":"2021-12-30T11:32:12+00:00","description":"Machines \u00e0 housses \u00e9tirables et r\u00e9tractables, machines \u00e0 cercler, lignes compl\u00e8tes d'emballage sans palette, ensacheuses, accessoires.","breadcrumb":{"@id":"https:\/\/mail.stretchhood.it\/fr\/systemes-d-emballage\/#breadcrumb"},"inLanguage":"fr-FR","potentialAction":[{"@type":"ReadAction","target":["https:\/\/mail.stretchhood.it\/fr\/systemes-d-emballage\/"]}]},{"@type":"ImageObject","inLanguage":"fr-FR","@id":"https:\/\/mail.stretchhood.it\/fr\/systemes-d-emballage\/#primaryimage","url":"https:\/\/mail.stretchhood.it\/wp-content\/uploads\/2021\/12\/banner-packaging-systems.jpg","contentUrl":"https:\/\/mail.stretchhood.it\/wp-content\/uploads\/2021\/12\/banner-packaging-systems.jpg","width":1200,"height":800},{"@type":"BreadcrumbList","@id":"https:\/\/mail.stretchhood.it\/fr\/systemes-d-emballage\/#breadcrumb","itemListElement":[{"@type":"ListItem","position":1,"name":"Home","item":"https:\/\/mail.stretchhood.it\/fr\/"},{"@type":"ListItem","position":2,"name":"Syst\u00e9mes d&rsquo;Emballage"}]},{"@type":"WebSite","@id":"https:\/\/www.bocedisrl.com\/#website","url":"https:\/\/www.bocedisrl.com\/","name":"Bocedi srl","description":"Pallet Packaging Systems","publisher":{"@id":"https:\/\/www.bocedisrl.com\/#organization"},"potentialAction":[{"@type":"SearchAction","target":{"@type":"EntryPoint","urlTemplate":"https:\/\/www.bocedisrl.com\/?s={search_term_string}"},"query-input":"required name=search_term_string"}],"inLanguage":"fr-FR"},{"@type":"Organization","@id":"https:\/\/www.bocedisrl.com\/#organization","name":"Bocedi srl","url":"https:\/\/www.bocedisrl.com\/","logo":{"@type":"ImageObject","inLanguage":"fr-FR","@id":"https:\/\/www.bocedisrl.com\/#\/schema\/logo\/image\/","url":"https:\/\/www.bocedisrl.com\/wp-content\/uploads\/2021\/11\/logo-bocedi.png","contentUrl":"https:\/\/www.bocedisrl.com\/wp-content\/uploads\/2021\/11\/logo-bocedi.png","width":800,"height":480,"caption":"Bocedi srl"},"image":{"@id":"https:\/\/www.bocedisrl.com\/#\/schema\/logo\/image\/"}}]}},"_links":{"self":[{"href":"https:\/\/mail.stretchhood.it\/fr\/wp-json\/wp\/v2\/pages\/4007"}],"collection":[{"href":"https:\/\/mail.stretchhood.it\/fr\/wp-json\/wp\/v2\/pages"}],"about":[{"href":"https:\/\/mail.stretchhood.it\/fr\/wp-json\/wp\/v2\/types\/page"}],"author":[{"embeddable":true,"href":"https:\/\/mail.stretchhood.it\/fr\/wp-json\/wp\/v2\/users\/1"}],"replies":[{"embeddable":true,"href":"https:\/\/mail.stretchhood.it\/fr\/wp-json\/wp\/v2\/comments?post=4007"}],"version-history":[{"count":1,"href":"https:\/\/mail.stretchhood.it\/fr\/wp-json\/wp\/v2\/pages\/4007\/revisions"}],"predecessor-version":[{"id":4197,"href":"https:\/\/mail.stretchhood.it\/fr\/wp-json\/wp\/v2\/pages\/4007\/revisions\/4197"}],"wp:featuredmedia":[{"embeddable":true,"href":"https:\/\/mail.stretchhood.it\/fr\/wp-json\/wp\/v2\/media\/2905"}],"wp:attachment":[{"href":"https:\/\/mail.stretchhood.it\/fr\/wp-json\/wp\/v2\/media?parent=4007"}],"curies":[{"name":"wp","href":"https:\/\/api.w.org\/{rel}","templated":true}]}}