{"id":4117,"date":"2021-11-30T14:15:27","date_gmt":"2021-11-30T13:15:27","guid":{"rendered":"https:\/\/www.stretchhood.it\/la-societe\/qualite-et-brevets\/"},"modified":"2025-11-05T15:51:06","modified_gmt":"2025-11-05T14:51:06","slug":"qualite-et-brevets","status":"publish","type":"page","link":"https:\/\/mail.stretchhood.it\/fr\/la-societe\/qualite-et-brevets\/","title":{"rendered":"Qualit\u00e9 et Brevets"},"content":{"rendered":"\n<div class=\"wp-block-columns is-layout-flex wp-container-core-columns-is-layout-1 wp-block-columns-is-layout-flex\">\n<div class=\"wp-block-column is-layout-flow wp-block-column-is-layout-flow\">\n<h3 class=\"wp-block-heading\">Fabriqu\u00e9s en Italie<\/h3>\n\n\n\n<p>Tous les composants de nos machines de conditionnement sont r\u00e9alis\u00e9s gr\u00e2ce \u00e0 l&rsquo;expertise du bureau technique de Bocedi; les principaux composants des machines Bocedi sont achet\u00e9s et fabriqu\u00e9s en Italie; une qualit\u00e9 globale optimale est la base des lignes de production de la soci\u00e9t\u00e9.<\/p>\n\n\n\n<h3 class=\"wp-block-heading\">\u00c9quipe avec formation professionnelle<\/h3>\n\n\n\n<p>Toutes les machines sont assembl\u00e9es en interne par un personnel hautement qualifi\u00e9; la totalit\u00e9 de la production est soumise \u00e0 des&nbsp;<a href=\"\/fr\/services\/#02\">tests rigoureux<\/a>&nbsp;avec son exp\u00e9dition, selon le cycle de production et les sp\u00e9cifications du client.<\/p>\n\n\n\n<h3 class=\"wp-block-heading\">Simplicit\u00e9 et innovation<\/h3>\n\n\n\n<p>Au cours de son histoire, Bocedi a ma\u00eetris\u00e9 4 syst\u00e8mes brevet\u00e9s diff\u00e9rents sur ses&nbsp;<a href=\"\/fr\/systemes-d-emballage\/housseuse-a-housse-etirable\/\">housseuses sous housse \u00e9tirable<\/a>, en maintenant cet \u00e9quilibre parfait entre simplicit\u00e9 et innovation<\/p>\n\n\n\n<h3 class=\"wp-block-heading\" style=\"text-decoration:underline\"><a href=\"https:\/\/www.bocedisrl.com\/wp-content\/uploads\/pdf\/2025_Politica_Integrata_9001-14001_FR.pdf\">Politique Int\u00e9gr\u00e9e<\/a><\/h3>\n<\/div>\n\n\n\n<div class=\"wp-block-column is-layout-flow wp-block-column-is-layout-flow\">\n<div class=\"wp-block-getwid-images-slider has-arrows-inside has-dots-inside has-images-center has-cropped-images has-fixed-height\"><div class=\"wp-block-getwid-images-slider__wrapper\" data-effect=\"fade\" data-slides-show=\"1\" data-slides-show-laptop=\"1\" data-slides-show-tablet=\"1\" data-slides-show-mobile=\"1\" data-slides-scroll=\"1\" data-autoplay=\"true\" data-autoplay-speed=\"5000\" data-infinite=\"true\" data-animation-speed=\"800\" data-center-mode=\"false\" data-variable-width=\"false\" data-arrows=\"inside\" data-dots=\"inside\" data-spacing=\"none\"><div class=\"wp-block-getwid-images-slider__item\" style=\"height:350px\"><figure><img loading=\"lazy\" decoding=\"async\" width=\"1200\" height=\"800\" src=\"https:\/\/www.stretchhood.it\/wp-content\/uploads\/2021\/12\/image-quality-and-patents-01.jpg\" data-id=\"2033\" data-link=\"https:\/\/www.stretchhood.it\/company\/quality-and-patents\/attachment\/image-quality-and-patents-01\/\" data-original-link=\"https:\/\/www.stretchhood.it\/wp-content\/uploads\/2021\/12\/image-quality-and-patents-01.jpg\" class=\"wp-block-getwid-images-slider__image wp-image-2033\" srcset=\"https:\/\/www.stretchhood.it\/wp-content\/uploads\/2021\/12\/image-quality-and-patents-01.jpg 1200w, https:\/\/www.stretchhood.it\/wp-content\/uploads\/2021\/12\/image-quality-and-patents-01-980x653.jpg 980w, https:\/\/www.stretchhood.it\/wp-content\/uploads\/2021\/12\/image-quality-and-patents-01-480x320.jpg 480w\" sizes=\"(min-width: 0px) and (max-width: 480px) 480px, (min-width: 481px) and (max-width: 980px) 980px, (min-width: 981px) 1200px, 100vw\" \/><\/figure><\/div><\/div><\/div>\n\n\n\n<h3 class=\"wp-block-heading\">Brevets<\/h3>\n\n\n\n<figure class=\"wp-block-table is-style-stripes\"><table class=\"has-fixed-layout\"><tbody><tr><td>Stretch Hooder 4.0<\/td><td>EP 3144233<\/td><\/tr><tr><td>Stretch Hooder FB2000 <\/td><td>EP 2792599<\/td><\/tr><tr><td>Stretch Hooder FB3000<\/td><td>102019000024781<\/td><\/tr><tr><td>Stretch Hooder FB1000 <\/td><td>N 271900<\/td><\/tr><\/tbody><\/table><\/figure>\n<\/div>\n<\/div>\n","protected":false},"excerpt":{"rendered":"<p>Fabriqu\u00e9s en Italie Tous les composants de nos machines de conditionnement sont r\u00e9alis\u00e9s gr\u00e2ce \u00e0 l&rsquo;expertise du bureau technique de Bocedi; les principaux composants des machines Bocedi sont achet\u00e9s et fabriqu\u00e9s en Italie; une qualit\u00e9 globale optimale est la base des lignes de production de la soci\u00e9t\u00e9. \u00c9quipe avec formation professionnelle Toutes les machines sont [&hellip;]<\/p>\n","protected":false},"author":1,"featured_media":2950,"parent":4079,"menu_order":0,"comment_status":"closed","ping_status":"closed","template":"","meta":{"_acf_changed":false,"_et_pb_use_builder":"","_et_pb_old_content":"","_et_gb_content_width":"","footnotes":""},"acf":[],"yoast_head":"<!-- This site is optimized with the Yoast SEO plugin v22.7 - https:\/\/yoast.com\/wordpress\/plugins\/seo\/ -->\n<title>Qualit\u00e9 et Brevets - Bocedi srl<\/title>\n<meta name=\"description\" content=\"Bocedi se vante de la meilleure qualit\u00e9 globale dans les lignes de production de l&#039;entreprise et de trois diff\u00e9rents syst\u00e8mes brevet\u00e9s.\" \/>\n<meta name=\"robots\" content=\"index, follow, max-snippet:-1, max-image-preview:large, max-video-preview:-1\" \/>\n<link rel=\"canonical\" href=\"https:\/\/mail.stretchhood.it\/fr\/la-societe\/qualite-et-brevets\/\" \/>\n<meta property=\"og:locale\" content=\"fr_FR\" \/>\n<meta property=\"og:type\" content=\"article\" \/>\n<meta property=\"og:title\" content=\"Qualit\u00e9 et Brevets - Bocedi srl\" \/>\n<meta property=\"og:description\" content=\"Bocedi se vante de la meilleure qualit\u00e9 globale dans les lignes de production de l&#039;entreprise et de trois diff\u00e9rents syst\u00e8mes brevet\u00e9s.\" \/>\n<meta property=\"og:url\" content=\"https:\/\/mail.stretchhood.it\/fr\/la-societe\/qualite-et-brevets\/\" \/>\n<meta property=\"og:site_name\" content=\"Bocedi srl\" \/>\n<meta property=\"article:modified_time\" content=\"2025-11-05T14:51:06+00:00\" \/>\n<meta property=\"og:image\" content=\"https:\/\/mail.stretchhood.it\/wp-content\/uploads\/2021\/12\/banner-quality-and-patents.jpg\" \/>\n\t<meta property=\"og:image:width\" content=\"1200\" \/>\n\t<meta property=\"og:image:height\" content=\"800\" \/>\n\t<meta property=\"og:image:type\" content=\"image\/jpeg\" \/>\n<meta name=\"twitter:card\" content=\"summary_large_image\" \/>\n<meta name=\"twitter:label1\" content=\"Dur\u00e9e de lecture estim\u00e9e\" \/>\n\t<meta name=\"twitter:data1\" content=\"1 minute\" \/>\n<script type=\"application\/ld+json\" class=\"yoast-schema-graph\">{\"@context\":\"https:\/\/schema.org\",\"@graph\":[{\"@type\":\"WebPage\",\"@id\":\"https:\/\/mail.stretchhood.it\/fr\/la-societe\/qualite-et-brevets\/\",\"url\":\"https:\/\/mail.stretchhood.it\/fr\/la-societe\/qualite-et-brevets\/\",\"name\":\"Qualit\u00e9 et Brevets - Bocedi srl\",\"isPartOf\":{\"@id\":\"https:\/\/www.stretchhood.it\/#website\"},\"primaryImageOfPage\":{\"@id\":\"https:\/\/mail.stretchhood.it\/fr\/la-societe\/qualite-et-brevets\/#primaryimage\"},\"image\":{\"@id\":\"https:\/\/mail.stretchhood.it\/fr\/la-societe\/qualite-et-brevets\/#primaryimage\"},\"thumbnailUrl\":\"https:\/\/mail.stretchhood.it\/wp-content\/uploads\/2021\/12\/banner-quality-and-patents.jpg\",\"datePublished\":\"2021-11-30T13:15:27+00:00\",\"dateModified\":\"2025-11-05T14:51:06+00:00\",\"description\":\"Bocedi se vante de la meilleure qualit\u00e9 globale dans les lignes de production de l'entreprise et de trois diff\u00e9rents syst\u00e8mes brevet\u00e9s.\",\"breadcrumb\":{\"@id\":\"https:\/\/mail.stretchhood.it\/fr\/la-societe\/qualite-et-brevets\/#breadcrumb\"},\"inLanguage\":\"fr-FR\",\"potentialAction\":[{\"@type\":\"ReadAction\",\"target\":[\"https:\/\/mail.stretchhood.it\/fr\/la-societe\/qualite-et-brevets\/\"]}]},{\"@type\":\"ImageObject\",\"inLanguage\":\"fr-FR\",\"@id\":\"https:\/\/mail.stretchhood.it\/fr\/la-societe\/qualite-et-brevets\/#primaryimage\",\"url\":\"https:\/\/mail.stretchhood.it\/wp-content\/uploads\/2021\/12\/banner-quality-and-patents.jpg\",\"contentUrl\":\"https:\/\/mail.stretchhood.it\/wp-content\/uploads\/2021\/12\/banner-quality-and-patents.jpg\",\"width\":1200,\"height\":800},{\"@type\":\"BreadcrumbList\",\"@id\":\"https:\/\/mail.stretchhood.it\/fr\/la-societe\/qualite-et-brevets\/#breadcrumb\",\"itemListElement\":[{\"@type\":\"ListItem\",\"position\":1,\"name\":\"Home\",\"item\":\"https:\/\/www.stretchhood.it\/fr\/\"},{\"@type\":\"ListItem\",\"position\":2,\"name\":\"La Soci\u00e9t\u00e9\",\"item\":\"https:\/\/mail.stretchhood.it\/fr\/la-societe\/\"},{\"@type\":\"ListItem\",\"position\":3,\"name\":\"Qualit\u00e9 et Brevets\"}]},{\"@type\":\"WebSite\",\"@id\":\"https:\/\/www.stretchhood.it\/#website\",\"url\":\"https:\/\/www.stretchhood.it\/\",\"name\":\"Bocedi srl\",\"description\":\"Pallet Packaging Systems\",\"publisher\":{\"@id\":\"https:\/\/www.stretchhood.it\/#organization\"},\"potentialAction\":[{\"@type\":\"SearchAction\",\"target\":{\"@type\":\"EntryPoint\",\"urlTemplate\":\"https:\/\/www.stretchhood.it\/?s={search_term_string}\"},\"query-input\":\"required name=search_term_string\"}],\"inLanguage\":\"fr-FR\"},{\"@type\":\"Organization\",\"@id\":\"https:\/\/www.stretchhood.it\/#organization\",\"name\":\"Bocedi srl\",\"url\":\"https:\/\/www.stretchhood.it\/\",\"logo\":{\"@type\":\"ImageObject\",\"inLanguage\":\"fr-FR\",\"@id\":\"https:\/\/www.stretchhood.it\/#\/schema\/logo\/image\/\",\"url\":\"https:\/\/www.bocedisrl.com\/wp-content\/uploads\/2021\/11\/logo-bocedi.png\",\"contentUrl\":\"https:\/\/www.bocedisrl.com\/wp-content\/uploads\/2021\/11\/logo-bocedi.png\",\"width\":800,\"height\":480,\"caption\":\"Bocedi srl\"},\"image\":{\"@id\":\"https:\/\/www.stretchhood.it\/#\/schema\/logo\/image\/\"}}]}<\/script>\n<!-- \/ Yoast SEO plugin. -->","yoast_head_json":{"title":"Qualit\u00e9 et Brevets - Bocedi srl","description":"Bocedi se vante de la meilleure qualit\u00e9 globale dans les lignes de production de l'entreprise et de trois diff\u00e9rents syst\u00e8mes brevet\u00e9s.","robots":{"index":"index","follow":"follow","max-snippet":"max-snippet:-1","max-image-preview":"max-image-preview:large","max-video-preview":"max-video-preview:-1"},"canonical":"https:\/\/mail.stretchhood.it\/fr\/la-societe\/qualite-et-brevets\/","og_locale":"fr_FR","og_type":"article","og_title":"Qualit\u00e9 et Brevets - Bocedi srl","og_description":"Bocedi se vante de la meilleure qualit\u00e9 globale dans les lignes de production de l'entreprise et de trois diff\u00e9rents syst\u00e8mes brevet\u00e9s.","og_url":"https:\/\/mail.stretchhood.it\/fr\/la-societe\/qualite-et-brevets\/","og_site_name":"Bocedi srl","article_modified_time":"2025-11-05T14:51:06+00:00","og_image":[{"width":1200,"height":800,"url":"https:\/\/mail.stretchhood.it\/wp-content\/uploads\/2021\/12\/banner-quality-and-patents.jpg","type":"image\/jpeg"}],"twitter_card":"summary_large_image","twitter_misc":{"Dur\u00e9e de lecture estim\u00e9e":"1 minute"},"schema":{"@context":"https:\/\/schema.org","@graph":[{"@type":"WebPage","@id":"https:\/\/mail.stretchhood.it\/fr\/la-societe\/qualite-et-brevets\/","url":"https:\/\/mail.stretchhood.it\/fr\/la-societe\/qualite-et-brevets\/","name":"Qualit\u00e9 et Brevets - Bocedi srl","isPartOf":{"@id":"https:\/\/www.stretchhood.it\/#website"},"primaryImageOfPage":{"@id":"https:\/\/mail.stretchhood.it\/fr\/la-societe\/qualite-et-brevets\/#primaryimage"},"image":{"@id":"https:\/\/mail.stretchhood.it\/fr\/la-societe\/qualite-et-brevets\/#primaryimage"},"thumbnailUrl":"https:\/\/mail.stretchhood.it\/wp-content\/uploads\/2021\/12\/banner-quality-and-patents.jpg","datePublished":"2021-11-30T13:15:27+00:00","dateModified":"2025-11-05T14:51:06+00:00","description":"Bocedi se vante de la meilleure qualit\u00e9 globale dans les lignes de production de l'entreprise et de trois diff\u00e9rents syst\u00e8mes brevet\u00e9s.","breadcrumb":{"@id":"https:\/\/mail.stretchhood.it\/fr\/la-societe\/qualite-et-brevets\/#breadcrumb"},"inLanguage":"fr-FR","potentialAction":[{"@type":"ReadAction","target":["https:\/\/mail.stretchhood.it\/fr\/la-societe\/qualite-et-brevets\/"]}]},{"@type":"ImageObject","inLanguage":"fr-FR","@id":"https:\/\/mail.stretchhood.it\/fr\/la-societe\/qualite-et-brevets\/#primaryimage","url":"https:\/\/mail.stretchhood.it\/wp-content\/uploads\/2021\/12\/banner-quality-and-patents.jpg","contentUrl":"https:\/\/mail.stretchhood.it\/wp-content\/uploads\/2021\/12\/banner-quality-and-patents.jpg","width":1200,"height":800},{"@type":"BreadcrumbList","@id":"https:\/\/mail.stretchhood.it\/fr\/la-societe\/qualite-et-brevets\/#breadcrumb","itemListElement":[{"@type":"ListItem","position":1,"name":"Home","item":"https:\/\/www.stretchhood.it\/fr\/"},{"@type":"ListItem","position":2,"name":"La Soci\u00e9t\u00e9","item":"https:\/\/mail.stretchhood.it\/fr\/la-societe\/"},{"@type":"ListItem","position":3,"name":"Qualit\u00e9 et Brevets"}]},{"@type":"WebSite","@id":"https:\/\/www.stretchhood.it\/#website","url":"https:\/\/www.stretchhood.it\/","name":"Bocedi srl","description":"Pallet Packaging Systems","publisher":{"@id":"https:\/\/www.stretchhood.it\/#organization"},"potentialAction":[{"@type":"SearchAction","target":{"@type":"EntryPoint","urlTemplate":"https:\/\/www.stretchhood.it\/?s={search_term_string}"},"query-input":"required name=search_term_string"}],"inLanguage":"fr-FR"},{"@type":"Organization","@id":"https:\/\/www.stretchhood.it\/#organization","name":"Bocedi srl","url":"https:\/\/www.stretchhood.it\/","logo":{"@type":"ImageObject","inLanguage":"fr-FR","@id":"https:\/\/www.stretchhood.it\/#\/schema\/logo\/image\/","url":"https:\/\/www.bocedisrl.com\/wp-content\/uploads\/2021\/11\/logo-bocedi.png","contentUrl":"https:\/\/www.bocedisrl.com\/wp-content\/uploads\/2021\/11\/logo-bocedi.png","width":800,"height":480,"caption":"Bocedi srl"},"image":{"@id":"https:\/\/www.stretchhood.it\/#\/schema\/logo\/image\/"}}]}},"_links":{"self":[{"href":"https:\/\/mail.stretchhood.it\/fr\/wp-json\/wp\/v2\/pages\/4117"}],"collection":[{"href":"https:\/\/mail.stretchhood.it\/fr\/wp-json\/wp\/v2\/pages"}],"about":[{"href":"https:\/\/mail.stretchhood.it\/fr\/wp-json\/wp\/v2\/types\/page"}],"author":[{"embeddable":true,"href":"https:\/\/mail.stretchhood.it\/fr\/wp-json\/wp\/v2\/users\/1"}],"replies":[{"embeddable":true,"href":"https:\/\/mail.stretchhood.it\/fr\/wp-json\/wp\/v2\/comments?post=4117"}],"version-history":[{"count":4,"href":"https:\/\/mail.stretchhood.it\/fr\/wp-json\/wp\/v2\/pages\/4117\/revisions"}],"predecessor-version":[{"id":16604,"href":"https:\/\/mail.stretchhood.it\/fr\/wp-json\/wp\/v2\/pages\/4117\/revisions\/16604"}],"up":[{"embeddable":true,"href":"https:\/\/mail.stretchhood.it\/fr\/wp-json\/wp\/v2\/pages\/4079"}],"wp:featuredmedia":[{"embeddable":true,"href":"https:\/\/mail.stretchhood.it\/fr\/wp-json\/wp\/v2\/media\/2950"}],"wp:attachment":[{"href":"https:\/\/mail.stretchhood.it\/fr\/wp-json\/wp\/v2\/media?parent=4117"}],"curies":[{"name":"wp","href":"https:\/\/api.w.org\/{rel}","templated":true}]}}