{"id":4306,"date":"2021-11-29T14:17:55","date_gmt":"2021-11-29T13:17:55","guid":{"rendered":"https:\/\/www.stretchhood.it\/systemes-d-emballage\/depose-de-saches\/"},"modified":"2021-12-30T12:35:12","modified_gmt":"2021-12-30T11:35:12","slug":"depose-de-saches","status":"publish","type":"page","link":"https:\/\/mail.stretchhood.it\/fr\/systemes-d-emballage\/depose-de-saches\/","title":{"rendered":"D\u00e9pose de Saches"},"content":{"rendered":"\n<div class=\"wp-block-columns is-layout-flex wp-container-core-columns-is-layout-1 wp-block-columns-is-layout-flex\">\n<div class=\"wp-block-column is-layout-flow wp-block-column-is-layout-flow\">\n<h3 class=\"wp-block-heading\">D\u00e9pose de Saches<\/h3>\n\n\n\n<p>La machine MS\/L de Bocedi est une solution simple permettant d&rsquo;ins\u00e9rer des sacs de taille adapt\u00e9e dans des contenants de type:<\/p>\n\n\n\n<ul><li>Octabin<\/li><li>Goodpack<\/li><li>Caisses en bois<\/li><li>Bo\u00eetes en carton<\/li><li>Cages m\u00e9talliques<\/li><\/ul>\n\n\n\n<h3 class=\"wp-block-heading\">Pour remplir chaque centim\u00e8tre<\/h3>\n\n\n\n<p>Son principe de fonctionnement est simple: la machine d\u00e9roule automatiquement le film tubulaire de la bobine configur\u00e9e, quatre pinces ouvrent le film selon une forme carr\u00e9e, une barre de soudage coupe de film \u00e0 la hauteur voulue pour cr\u00e9er le sac sur mesure, un aspirateur applique le sac contre le fond du contenant et les quatre pinces assurent l&rsquo;adaptation parfaite du sac \u00e0 la forme de ce dernier.<\/p>\n\n\n\n<p>Le d\u00e9pose de saches Bocedi peut traiter jusqu&rsquo;\u00e0 60 bo\u00eetes\/h.<\/p>\n\n\n\n<p>Il est possible de le configurer avec un maximum de 3 tailles diff\u00e9rentes de film afin d&rsquo;obtenir une flexibilit\u00e9 optimale avec une seule machine.<\/p>\n<\/div>\n\n\n\n<div class=\"wp-block-column is-layout-flow wp-block-column-is-layout-flow\"><div class=\"wp-block-getwid-images-slider has-arrows-inside has-dots-inside has-images-center has-cropped-images has-fixed-height\"><div class=\"wp-block-getwid-images-slider__wrapper\" data-effect=\"fade\" data-slides-show=\"1\" data-slides-show-laptop=\"1\" data-slides-show-tablet=\"1\" data-slides-show-mobile=\"1\" data-slides-scroll=\"1\" data-autoplay=\"true\" data-autoplay-speed=\"5000\" data-infinite=\"true\" data-animation-speed=\"800\" data-center-mode=\"false\" data-variable-width=\"false\" data-arrows=\"inside\" data-dots=\"inside\" data-spacing=\"none\"><div class=\"wp-block-getwid-images-slider__item\" style=\"height:350px\"><figure><img loading=\"lazy\" decoding=\"async\" width=\"1200\" height=\"800\" src=\"https:\/\/www.stretchhood.it\/wp-content\/uploads\/2021\/12\/image-in-box-bagmaker-01.jpg\" data-id=\"2078\" data-link=\"https:\/\/www.stretchhood.it\/packaging-systems\/in-box-bagmaker\/attachment\/image-in-box-bagmaker-01\/\" data-original-link=\"https:\/\/www.stretchhood.it\/wp-content\/uploads\/2021\/12\/image-in-box-bagmaker-01.jpg\" class=\"wp-block-getwid-images-slider__image wp-image-2078\" srcset=\"https:\/\/www.stretchhood.it\/wp-content\/uploads\/2021\/12\/image-in-box-bagmaker-01.jpg 1200w, https:\/\/www.stretchhood.it\/wp-content\/uploads\/2021\/12\/image-in-box-bagmaker-01-980x653.jpg 980w, https:\/\/www.stretchhood.it\/wp-content\/uploads\/2021\/12\/image-in-box-bagmaker-01-480x320.jpg 480w\" sizes=\"(min-width: 0px) and (max-width: 480px) 480px, (min-width: 481px) and (max-width: 980px) 980px, (min-width: 981px) 1200px, 100vw\" \/><\/figure><\/div><div class=\"wp-block-getwid-images-slider__item\" style=\"height:350px\"><figure><img loading=\"lazy\" decoding=\"async\" width=\"1200\" height=\"800\" src=\"https:\/\/www.stretchhood.it\/wp-content\/uploads\/2021\/12\/image-in-box-bagmaker-02.jpg\" data-id=\"2079\" data-link=\"https:\/\/www.stretchhood.it\/packaging-systems\/in-box-bagmaker\/attachment\/image-in-box-bagmaker-02\/\" data-original-link=\"https:\/\/www.stretchhood.it\/wp-content\/uploads\/2021\/12\/image-in-box-bagmaker-02.jpg\" class=\"wp-block-getwid-images-slider__image wp-image-2079\" srcset=\"https:\/\/www.stretchhood.it\/wp-content\/uploads\/2021\/12\/image-in-box-bagmaker-02.jpg 1200w, https:\/\/www.stretchhood.it\/wp-content\/uploads\/2021\/12\/image-in-box-bagmaker-02-980x653.jpg 980w, https:\/\/www.stretchhood.it\/wp-content\/uploads\/2021\/12\/image-in-box-bagmaker-02-480x320.jpg 480w\" sizes=\"(min-width: 0px) and (max-width: 480px) 480px, (min-width: 481px) and (max-width: 980px) 980px, (min-width: 981px) 1200px, 100vw\" \/><\/figure><\/div><div class=\"wp-block-getwid-images-slider__item\" style=\"height:350px\"><figure><img loading=\"lazy\" decoding=\"async\" width=\"1200\" height=\"800\" src=\"https:\/\/www.stretchhood.it\/wp-content\/uploads\/2021\/12\/image-in-box-bagmaker-03.jpg\" data-id=\"2080\" data-link=\"https:\/\/www.stretchhood.it\/packaging-systems\/in-box-bagmaker\/attachment\/image-in-box-bagmaker-03\/\" data-original-link=\"https:\/\/www.stretchhood.it\/wp-content\/uploads\/2021\/12\/image-in-box-bagmaker-03.jpg\" class=\"wp-block-getwid-images-slider__image wp-image-2080\" srcset=\"https:\/\/www.stretchhood.it\/wp-content\/uploads\/2021\/12\/image-in-box-bagmaker-03.jpg 1200w, https:\/\/www.stretchhood.it\/wp-content\/uploads\/2021\/12\/image-in-box-bagmaker-03-980x653.jpg 980w, https:\/\/www.stretchhood.it\/wp-content\/uploads\/2021\/12\/image-in-box-bagmaker-03-480x320.jpg 480w\" sizes=\"(min-width: 0px) and (max-width: 480px) 480px, (min-width: 481px) and (max-width: 980px) 980px, (min-width: 981px) 1200px, 100vw\" \/><\/figure><\/div><\/div><\/div>\r\n\n\n\n<h3 class=\"wp-block-heading\">Comment \u00e7a fonctionne<\/h3>\n\n\n<div class=\"wp-block-getwid-images-slider has-arrows-none has-dots-outside has-captions captions-underneath is-carousel has-slides-gap-normal has-images-top\">\r\n<div class=\"wp-block-getwid-images-slider__wrapper\" data-effect=\"slide\" data-slides-show=\"2\" data-slides-show-laptop=\"1\" data-slides-show-tablet=\"1\" data-slides-show-mobile=\"1\" data-slides-scroll=\"1\" data-autoplay=\"true\" data-autoplay-speed=\"5000\" data-infinite=\"false\" data-animation-speed=\"300\" data-center-mode=\"false\" data-variable-width=\"false\" data-arrows=\"none\" data-dots=\"outside\" data-spacing=\"normal\">\r\n<div class=\"wp-block-getwid-images-slider__item\">\r\n<figure><img loading=\"lazy\" decoding=\"async\" width=\"350\" height=\"460\" class=\"wp-block-getwid-images-slider__image wp-image-1601\" src=\"https:\/\/www.stretchhood.it\/wp-content\/uploads\/2021\/12\/sequence-in-box-bagmaker-01.png\" data-id=\"1601\" data-link=\"https:\/\/www.stretchhood.it\/packaging-systems\/in-box-bagmaker\/attachment\/sequence-in-box-bagmaker-01\/\" data-original-link=\"https:\/\/www.stretchhood.it\/wp-content\/uploads\/2021\/12\/sequence-in-box-bagmaker-01.png\" srcset=\"https:\/\/mail.stretchhood.it\/wp-content\/uploads\/2021\/12\/sequence-in-box-bagmaker-01.png 350w, https:\/\/mail.stretchhood.it\/wp-content\/uploads\/2021\/12\/sequence-in-box-bagmaker-01-228x300.png 228w\" sizes=\"(max-width: 350px) 100vw, 350px\" \/>\r\n<figcaption class=\"wp-block-getwid-images-slider__caption\">Le film tubulaire est soud\u00e9 sur une extremit\u00e9 et apr\u00e8s enroul\u00e9 de la bobine automatiquement<\/figcaption>\r\n<\/figure>\r\n<\/div>\r\n<div class=\"wp-block-getwid-images-slider__item\">\r\n<figure><img loading=\"lazy\" decoding=\"async\" width=\"350\" height=\"460\" class=\"wp-block-getwid-images-slider__image wp-image-1602\" src=\"https:\/\/www.stretchhood.it\/wp-content\/uploads\/2021\/12\/sequence-in-box-bagmaker-02.png\" data-id=\"1602\" data-link=\"https:\/\/www.stretchhood.it\/packaging-systems\/in-box-bagmaker\/attachment\/sequence-in-box-bagmaker-02\/\" data-original-link=\"https:\/\/www.stretchhood.it\/wp-content\/uploads\/2021\/12\/sequence-in-box-bagmaker-02.png\" srcset=\"https:\/\/mail.stretchhood.it\/wp-content\/uploads\/2021\/12\/sequence-in-box-bagmaker-02.png 350w, https:\/\/mail.stretchhood.it\/wp-content\/uploads\/2021\/12\/sequence-in-box-bagmaker-02-228x300.png 228w\" sizes=\"(max-width: 350px) 100vw, 350px\" \/>\r\n<figcaption class=\"wp-block-getwid-images-slider__caption\">La longueur du film est coup\u00e9 sur mesure pour chaque conteneur<\/figcaption>\r\n<\/figure>\r\n<\/div>\r\n<div class=\"wp-block-getwid-images-slider__item\">\r\n<figure><img loading=\"lazy\" decoding=\"async\" width=\"350\" height=\"460\" class=\"wp-block-getwid-images-slider__image wp-image-1603\" src=\"https:\/\/www.stretchhood.it\/wp-content\/uploads\/2021\/12\/sequence-in-box-bagmaker-03.png\" data-id=\"1603\" data-link=\"https:\/\/www.stretchhood.it\/packaging-systems\/in-box-bagmaker\/attachment\/sequence-in-box-bagmaker-03\/\" data-original-link=\"https:\/\/www.stretchhood.it\/wp-content\/uploads\/2021\/12\/sequence-in-box-bagmaker-03.png\" srcset=\"https:\/\/mail.stretchhood.it\/wp-content\/uploads\/2021\/12\/sequence-in-box-bagmaker-03.png 350w, https:\/\/mail.stretchhood.it\/wp-content\/uploads\/2021\/12\/sequence-in-box-bagmaker-03-228x300.png 228w\" sizes=\"(max-width: 350px) 100vw, 350px\" \/>\r\n<figcaption class=\"wp-block-getwid-images-slider__caption\">Les pinces m\u00e9chaniques \u00e0 double s\u00e9curit\u00e9 ouvrent le film pour cr\u00e9er le sac<\/figcaption>\r\n<\/figure>\r\n<\/div>\r\n<div class=\"wp-block-getwid-images-slider__item\">\r\n<figure><img loading=\"lazy\" decoding=\"async\" width=\"350\" height=\"460\" class=\"wp-block-getwid-images-slider__image wp-image-1604\" src=\"https:\/\/www.stretchhood.it\/wp-content\/uploads\/2021\/12\/sequence-in-box-bagmaker-04.png\" data-id=\"1604\" data-link=\"https:\/\/www.stretchhood.it\/packaging-systems\/in-box-bagmaker\/attachment\/sequence-in-box-bagmaker-04\/\" data-original-link=\"https:\/\/www.stretchhood.it\/wp-content\/uploads\/2021\/12\/sequence-in-box-bagmaker-04.png\" srcset=\"https:\/\/mail.stretchhood.it\/wp-content\/uploads\/2021\/12\/sequence-in-box-bagmaker-04.png 350w, https:\/\/mail.stretchhood.it\/wp-content\/uploads\/2021\/12\/sequence-in-box-bagmaker-04-228x300.png 228w\" sizes=\"(max-width: 350px) 100vw, 350px\" \/>\r\n<figcaption class=\"wp-block-getwid-images-slider__caption\">Les pinces rentrent dans le sac form\u00e9<\/figcaption>\r\n<\/figure>\r\n<\/div>\r\n<div class=\"wp-block-getwid-images-slider__item\">\r\n<figure><img loading=\"lazy\" decoding=\"async\" width=\"350\" height=\"460\" class=\"wp-block-getwid-images-slider__image wp-image-1605\" src=\"https:\/\/www.stretchhood.it\/wp-content\/uploads\/2021\/12\/sequence-in-box-bagmaker-05.png\" data-id=\"1605\" data-link=\"https:\/\/www.stretchhood.it\/packaging-systems\/in-box-bagmaker\/attachment\/sequence-in-box-bagmaker-05\/\" data-original-link=\"https:\/\/www.stretchhood.it\/wp-content\/uploads\/2021\/12\/sequence-in-box-bagmaker-05.png\" srcset=\"https:\/\/mail.stretchhood.it\/wp-content\/uploads\/2021\/12\/sequence-in-box-bagmaker-05.png 350w, https:\/\/mail.stretchhood.it\/wp-content\/uploads\/2021\/12\/sequence-in-box-bagmaker-05-228x300.png 228w\" sizes=\"(max-width: 350px) 100vw, 350px\" \/>\r\n<figcaption class=\"wp-block-getwid-images-slider__caption\">Le sac est ouvert selon la dimension desir\u00e9e et positionn\u00e9 sur les bords du conteneur<\/figcaption>\r\n<\/figure>\r\n<\/div>\r\n<div class=\"wp-block-getwid-images-slider__item\">\r\n<figure><img loading=\"lazy\" decoding=\"async\" width=\"350\" height=\"460\" class=\"wp-block-getwid-images-slider__image wp-image-1606\" src=\"https:\/\/www.stretchhood.it\/wp-content\/uploads\/2021\/12\/sequence-in-box-bagmaker-06.png\" data-id=\"1606\" data-link=\"https:\/\/www.stretchhood.it\/packaging-systems\/in-box-bagmaker\/attachment\/sequence-in-box-bagmaker-06\/\" data-original-link=\"https:\/\/www.stretchhood.it\/wp-content\/uploads\/2021\/12\/sequence-in-box-bagmaker-06.png\" srcset=\"https:\/\/mail.stretchhood.it\/wp-content\/uploads\/2021\/12\/sequence-in-box-bagmaker-06.png 350w, https:\/\/mail.stretchhood.it\/wp-content\/uploads\/2021\/12\/sequence-in-box-bagmaker-06-228x300.png 228w\" sizes=\"(max-width: 350px) 100vw, 350px\" \/>\r\n<figcaption class=\"wp-block-getwid-images-slider__caption\">Des souflets d&rsquo;air relach\u00e9s dans le conteneur assurent le positionnement plat du film sur le fond<\/figcaption>\r\n<\/figure>\r\n<\/div>\r\n<div class=\"wp-block-getwid-images-slider__item\">\r\n<figure><img loading=\"lazy\" decoding=\"async\" width=\"350\" height=\"460\" class=\"wp-block-getwid-images-slider__image wp-image-1607\" src=\"https:\/\/www.stretchhood.it\/wp-content\/uploads\/2021\/12\/sequence-in-box-bagmaker-07.png\" data-id=\"1607\" data-link=\"https:\/\/www.stretchhood.it\/packaging-systems\/in-box-bagmaker\/attachment\/sequence-in-box-bagmaker-07\/\" data-original-link=\"https:\/\/www.stretchhood.it\/wp-content\/uploads\/2021\/12\/sequence-in-box-bagmaker-07.png\" srcset=\"https:\/\/mail.stretchhood.it\/wp-content\/uploads\/2021\/12\/sequence-in-box-bagmaker-07.png 350w, https:\/\/mail.stretchhood.it\/wp-content\/uploads\/2021\/12\/sequence-in-box-bagmaker-07-228x300.png 228w\" sizes=\"(max-width: 350px) 100vw, 350px\" \/>\r\n<figcaption class=\"wp-block-getwid-images-slider__caption\">Le conteneur est pr\u00eat pour le remplissage<\/figcaption>\r\n<\/figure>\r\n<\/div>\r\n<\/div>\r\n<\/div>\n\n\n<div class=\"wp-block-buttons is-layout-flex wp-block-buttons-is-layout-flex\">\n<div class=\"wp-block-button button-quotation\"><a class=\"wp-block-button__link\" href=\"\/fr\/contact\/\">Demander un Devis<\/a><\/div>\n\n\n\n<div class=\"wp-block-button button-pdf\"><a class=\"wp-block-button__link\">Download Catalogue<\/a><\/div>\n\n\n\n<div class=\"wp-block-button button-video inactive\"><a class=\"wp-block-button__link\">Voir la Vid\u00e9o<\/a><\/div>\n<\/div>\n<\/div>\n<\/div>\n","protected":false},"excerpt":{"rendered":"<p>D\u00e9pose de Saches La machine MS\/L de Bocedi est une solution simple permettant d&rsquo;ins\u00e9rer des sacs de taille adapt\u00e9e dans des contenants de type: Octabin Goodpack Caisses en bois Bo\u00eetes en carton Cages m\u00e9talliques Pour remplir chaque centim\u00e8tre Son principe de fonctionnement est simple: la machine d\u00e9roule automatiquement le film tubulaire de la bobine configur\u00e9e, [&hellip;]<\/p>\n","protected":false},"author":1,"featured_media":2899,"parent":4007,"menu_order":0,"comment_status":"closed","ping_status":"closed","template":"","meta":{"_acf_changed":false,"_et_pb_use_builder":"off","_et_pb_old_content":"","_et_gb_content_width":"","footnotes":""},"acf":[],"yoast_head":"<!-- This site is optimized with the Yoast SEO plugin v22.7 - https:\/\/yoast.com\/wordpress\/plugins\/seo\/ -->\n<title>D\u00e9pose de Saches - Bocedi srl<\/title>\n<meta name=\"description\" content=\"Bocedi MS\/L in box bagmaker est une solution sans probl\u00e8me pour ins\u00e9rer automatiquement des sacs sur mesure \u00e0 l&#039;int\u00e9rieur de bo\u00eetes.\" \/>\n<meta name=\"robots\" content=\"index, follow, max-snippet:-1, max-image-preview:large, max-video-preview:-1\" \/>\n<link rel=\"canonical\" href=\"https:\/\/mail.stretchhood.it\/fr\/systemes-d-emballage\/depose-de-saches\/\" \/>\n<meta property=\"og:locale\" content=\"fr_FR\" \/>\n<meta property=\"og:type\" content=\"article\" \/>\n<meta property=\"og:title\" content=\"D\u00e9pose de Saches - Bocedi srl\" \/>\n<meta property=\"og:description\" content=\"Bocedi MS\/L in box bagmaker est une solution sans probl\u00e8me pour ins\u00e9rer automatiquement des sacs sur mesure \u00e0 l&#039;int\u00e9rieur de bo\u00eetes.\" \/>\n<meta property=\"og:url\" content=\"https:\/\/mail.stretchhood.it\/fr\/systemes-d-emballage\/depose-de-saches\/\" \/>\n<meta property=\"og:site_name\" content=\"Bocedi srl\" \/>\n<meta property=\"article:modified_time\" content=\"2021-12-30T11:35:12+00:00\" \/>\n<meta property=\"og:image\" content=\"https:\/\/bocedisrl.com\/wp-content\/uploads\/2021\/12\/3d-in-box-bagmaker.jpg\" \/>\n\t<meta property=\"og:image:width\" content=\"1200\" \/>\n\t<meta property=\"og:image:height\" content=\"800\" \/>\n\t<meta property=\"og:image:type\" content=\"image\/jpeg\" \/>\n<meta name=\"twitter:card\" content=\"summary_large_image\" \/>\n<meta name=\"twitter:label1\" content=\"Dur\u00e9e de lecture estim\u00e9e\" \/>\n\t<meta name=\"twitter:data1\" content=\"1 minute\" \/>\n<script type=\"application\/ld+json\" class=\"yoast-schema-graph\">{\"@context\":\"https:\/\/schema.org\",\"@graph\":[{\"@type\":\"WebPage\",\"@id\":\"https:\/\/mail.stretchhood.it\/fr\/systemes-d-emballage\/depose-de-saches\/\",\"url\":\"https:\/\/mail.stretchhood.it\/fr\/systemes-d-emballage\/depose-de-saches\/\",\"name\":\"D\u00e9pose de Saches - Bocedi srl\",\"isPartOf\":{\"@id\":\"https:\/\/bocedisrl.com\/#website\"},\"primaryImageOfPage\":{\"@id\":\"https:\/\/mail.stretchhood.it\/fr\/systemes-d-emballage\/depose-de-saches\/#primaryimage\"},\"image\":{\"@id\":\"https:\/\/mail.stretchhood.it\/fr\/systemes-d-emballage\/depose-de-saches\/#primaryimage\"},\"thumbnailUrl\":\"https:\/\/mail.stretchhood.it\/wp-content\/uploads\/2021\/12\/3d-in-box-bagmaker.jpg\",\"datePublished\":\"2021-11-29T13:17:55+00:00\",\"dateModified\":\"2021-12-30T11:35:12+00:00\",\"description\":\"Bocedi MS\/L in box bagmaker est une solution sans probl\u00e8me pour ins\u00e9rer automatiquement des sacs sur mesure \u00e0 l'int\u00e9rieur de bo\u00eetes.\",\"breadcrumb\":{\"@id\":\"https:\/\/mail.stretchhood.it\/fr\/systemes-d-emballage\/depose-de-saches\/#breadcrumb\"},\"inLanguage\":\"fr-FR\",\"potentialAction\":[{\"@type\":\"ReadAction\",\"target\":[\"https:\/\/mail.stretchhood.it\/fr\/systemes-d-emballage\/depose-de-saches\/\"]}]},{\"@type\":\"ImageObject\",\"inLanguage\":\"fr-FR\",\"@id\":\"https:\/\/mail.stretchhood.it\/fr\/systemes-d-emballage\/depose-de-saches\/#primaryimage\",\"url\":\"https:\/\/mail.stretchhood.it\/wp-content\/uploads\/2021\/12\/3d-in-box-bagmaker.jpg\",\"contentUrl\":\"https:\/\/mail.stretchhood.it\/wp-content\/uploads\/2021\/12\/3d-in-box-bagmaker.jpg\",\"width\":1200,\"height\":800},{\"@type\":\"BreadcrumbList\",\"@id\":\"https:\/\/mail.stretchhood.it\/fr\/systemes-d-emballage\/depose-de-saches\/#breadcrumb\",\"itemListElement\":[{\"@type\":\"ListItem\",\"position\":1,\"name\":\"Home\",\"item\":\"https:\/\/www.bocedisrl.com\/fr\/\"},{\"@type\":\"ListItem\",\"position\":2,\"name\":\"Syst\u00e9mes d&rsquo;Emballage\",\"item\":\"https:\/\/www.bocedisrl.com\/fr\/systemes-d-emballage\/\"},{\"@type\":\"ListItem\",\"position\":3,\"name\":\"D\u00e9pose de Saches\"}]},{\"@type\":\"WebSite\",\"@id\":\"https:\/\/bocedisrl.com\/#website\",\"url\":\"https:\/\/bocedisrl.com\/\",\"name\":\"Bocedi srl\",\"description\":\"Pallet Packaging Systems\",\"publisher\":{\"@id\":\"https:\/\/bocedisrl.com\/#organization\"},\"potentialAction\":[{\"@type\":\"SearchAction\",\"target\":{\"@type\":\"EntryPoint\",\"urlTemplate\":\"https:\/\/bocedisrl.com\/?s={search_term_string}\"},\"query-input\":\"required name=search_term_string\"}],\"inLanguage\":\"fr-FR\"},{\"@type\":\"Organization\",\"@id\":\"https:\/\/bocedisrl.com\/#organization\",\"name\":\"Bocedi srl\",\"url\":\"https:\/\/bocedisrl.com\/\",\"logo\":{\"@type\":\"ImageObject\",\"inLanguage\":\"fr-FR\",\"@id\":\"https:\/\/bocedisrl.com\/#\/schema\/logo\/image\/\",\"url\":\"https:\/\/www.bocedisrl.com\/wp-content\/uploads\/2021\/11\/logo-bocedi.png\",\"contentUrl\":\"https:\/\/www.bocedisrl.com\/wp-content\/uploads\/2021\/11\/logo-bocedi.png\",\"width\":800,\"height\":480,\"caption\":\"Bocedi srl\"},\"image\":{\"@id\":\"https:\/\/bocedisrl.com\/#\/schema\/logo\/image\/\"}}]}<\/script>\n<!-- \/ Yoast SEO plugin. -->","yoast_head_json":{"title":"D\u00e9pose de Saches - Bocedi srl","description":"Bocedi MS\/L in box bagmaker est une solution sans probl\u00e8me pour ins\u00e9rer automatiquement des sacs sur mesure \u00e0 l'int\u00e9rieur de bo\u00eetes.","robots":{"index":"index","follow":"follow","max-snippet":"max-snippet:-1","max-image-preview":"max-image-preview:large","max-video-preview":"max-video-preview:-1"},"canonical":"https:\/\/mail.stretchhood.it\/fr\/systemes-d-emballage\/depose-de-saches\/","og_locale":"fr_FR","og_type":"article","og_title":"D\u00e9pose de Saches - Bocedi srl","og_description":"Bocedi MS\/L in box bagmaker est une solution sans probl\u00e8me pour ins\u00e9rer automatiquement des sacs sur mesure \u00e0 l'int\u00e9rieur de bo\u00eetes.","og_url":"https:\/\/mail.stretchhood.it\/fr\/systemes-d-emballage\/depose-de-saches\/","og_site_name":"Bocedi srl","article_modified_time":"2021-12-30T11:35:12+00:00","og_image":[{"width":1200,"height":800,"url":"https:\/\/bocedisrl.com\/wp-content\/uploads\/2021\/12\/3d-in-box-bagmaker.jpg","type":"image\/jpeg"}],"twitter_card":"summary_large_image","twitter_misc":{"Dur\u00e9e de lecture estim\u00e9e":"1 minute"},"schema":{"@context":"https:\/\/schema.org","@graph":[{"@type":"WebPage","@id":"https:\/\/mail.stretchhood.it\/fr\/systemes-d-emballage\/depose-de-saches\/","url":"https:\/\/mail.stretchhood.it\/fr\/systemes-d-emballage\/depose-de-saches\/","name":"D\u00e9pose de Saches - Bocedi srl","isPartOf":{"@id":"https:\/\/bocedisrl.com\/#website"},"primaryImageOfPage":{"@id":"https:\/\/mail.stretchhood.it\/fr\/systemes-d-emballage\/depose-de-saches\/#primaryimage"},"image":{"@id":"https:\/\/mail.stretchhood.it\/fr\/systemes-d-emballage\/depose-de-saches\/#primaryimage"},"thumbnailUrl":"https:\/\/mail.stretchhood.it\/wp-content\/uploads\/2021\/12\/3d-in-box-bagmaker.jpg","datePublished":"2021-11-29T13:17:55+00:00","dateModified":"2021-12-30T11:35:12+00:00","description":"Bocedi MS\/L in box bagmaker est une solution sans probl\u00e8me pour ins\u00e9rer automatiquement des sacs sur mesure \u00e0 l'int\u00e9rieur de bo\u00eetes.","breadcrumb":{"@id":"https:\/\/mail.stretchhood.it\/fr\/systemes-d-emballage\/depose-de-saches\/#breadcrumb"},"inLanguage":"fr-FR","potentialAction":[{"@type":"ReadAction","target":["https:\/\/mail.stretchhood.it\/fr\/systemes-d-emballage\/depose-de-saches\/"]}]},{"@type":"ImageObject","inLanguage":"fr-FR","@id":"https:\/\/mail.stretchhood.it\/fr\/systemes-d-emballage\/depose-de-saches\/#primaryimage","url":"https:\/\/mail.stretchhood.it\/wp-content\/uploads\/2021\/12\/3d-in-box-bagmaker.jpg","contentUrl":"https:\/\/mail.stretchhood.it\/wp-content\/uploads\/2021\/12\/3d-in-box-bagmaker.jpg","width":1200,"height":800},{"@type":"BreadcrumbList","@id":"https:\/\/mail.stretchhood.it\/fr\/systemes-d-emballage\/depose-de-saches\/#breadcrumb","itemListElement":[{"@type":"ListItem","position":1,"name":"Home","item":"https:\/\/www.bocedisrl.com\/fr\/"},{"@type":"ListItem","position":2,"name":"Syst\u00e9mes d&rsquo;Emballage","item":"https:\/\/www.bocedisrl.com\/fr\/systemes-d-emballage\/"},{"@type":"ListItem","position":3,"name":"D\u00e9pose de Saches"}]},{"@type":"WebSite","@id":"https:\/\/bocedisrl.com\/#website","url":"https:\/\/bocedisrl.com\/","name":"Bocedi srl","description":"Pallet Packaging Systems","publisher":{"@id":"https:\/\/bocedisrl.com\/#organization"},"potentialAction":[{"@type":"SearchAction","target":{"@type":"EntryPoint","urlTemplate":"https:\/\/bocedisrl.com\/?s={search_term_string}"},"query-input":"required name=search_term_string"}],"inLanguage":"fr-FR"},{"@type":"Organization","@id":"https:\/\/bocedisrl.com\/#organization","name":"Bocedi srl","url":"https:\/\/bocedisrl.com\/","logo":{"@type":"ImageObject","inLanguage":"fr-FR","@id":"https:\/\/bocedisrl.com\/#\/schema\/logo\/image\/","url":"https:\/\/www.bocedisrl.com\/wp-content\/uploads\/2021\/11\/logo-bocedi.png","contentUrl":"https:\/\/www.bocedisrl.com\/wp-content\/uploads\/2021\/11\/logo-bocedi.png","width":800,"height":480,"caption":"Bocedi srl"},"image":{"@id":"https:\/\/bocedisrl.com\/#\/schema\/logo\/image\/"}}]}},"_links":{"self":[{"href":"https:\/\/mail.stretchhood.it\/fr\/wp-json\/wp\/v2\/pages\/4306"}],"collection":[{"href":"https:\/\/mail.stretchhood.it\/fr\/wp-json\/wp\/v2\/pages"}],"about":[{"href":"https:\/\/mail.stretchhood.it\/fr\/wp-json\/wp\/v2\/types\/page"}],"author":[{"embeddable":true,"href":"https:\/\/mail.stretchhood.it\/fr\/wp-json\/wp\/v2\/users\/1"}],"replies":[{"embeddable":true,"href":"https:\/\/mail.stretchhood.it\/fr\/wp-json\/wp\/v2\/comments?post=4306"}],"version-history":[{"count":1,"href":"https:\/\/mail.stretchhood.it\/fr\/wp-json\/wp\/v2\/pages\/4306\/revisions"}],"predecessor-version":[{"id":4307,"href":"https:\/\/mail.stretchhood.it\/fr\/wp-json\/wp\/v2\/pages\/4306\/revisions\/4307"}],"up":[{"embeddable":true,"href":"https:\/\/mail.stretchhood.it\/fr\/wp-json\/wp\/v2\/pages\/4007"}],"wp:featuredmedia":[{"embeddable":true,"href":"https:\/\/mail.stretchhood.it\/fr\/wp-json\/wp\/v2\/media\/2899"}],"wp:attachment":[{"href":"https:\/\/mail.stretchhood.it\/fr\/wp-json\/wp\/v2\/media?parent=4306"}],"curies":[{"name":"wp","href":"https:\/\/api.w.org\/{rel}","templated":true}]}}