{"id":4404,"date":"2021-12-10T07:56:19","date_gmt":"2021-12-10T06:56:19","guid":{"rendered":"https:\/\/www.stretchhood.it\/systemes-d-emballage\/housseuse-a-housse-retractable\/anneaux-de-thermoretraction\/"},"modified":"2021-12-30T12:44:42","modified_gmt":"2021-12-30T11:44:42","slug":"anneaux-de-thermoretraction","status":"publish","type":"page","link":"https:\/\/mail.stretchhood.it\/fr\/systemes-d-emballage\/housseuse-a-housse-retractable\/anneaux-de-thermoretraction\/","title":{"rendered":"Anneaux de Thermor\u00e9traction"},"content":{"rendered":"\n<div class=\"wp-block-columns is-layout-flex wp-container-core-columns-is-layout-1 wp-block-columns-is-layout-flex\">\n<div class=\"wp-block-column is-layout-flow wp-block-column-is-layout-flow\">\n<h3 class=\"wp-block-heading\">Anneaux de Thermor\u00e9traction<\/h3>\n\n\n\n<p>Bocedi utilise les anneaux de thermor\u00e9traction depuis 50 ans. Ils sont si bien con\u00e7us et font preuve d&rsquo;une si grande fiabilit\u00e9 que nous continuons tout simplement \u00e0 les produire.<\/p>\n\n\n\n<h3 class=\"wp-block-heading\">Acier inoxydable<\/h3>\n\n\n\n<p>Les anneaux de thermor\u00e9traction Bocedi permettent la thermor\u00e9traction du film autour d&rsquo;une charge houss\u00e9e gr\u00e2ce \u00e0 un ch\u00e2ssis un acier inoxydable qui chauffe d\u00e9licatement la housse en plastique autour de la charge avec de l&rsquo;air chaud recycl\u00e9 \u00e0 contr\u00f4l\u00e9.<\/p>\n\n\n\n<p>Le syst\u00e8me innovant sans flamme fonctionne avec n&rsquo;importe quel gaz \u00e0 basse pression et utilise de l&rsquo;air chaud recycl\u00e9 contr\u00f4l\u00e9 pour pr\u00e9server l&rsquo;\u00e9lasticit\u00e9 et la r\u00e9sistance du film.<\/p>\n\n\n\n<h3 class=\"wp-block-heading\">Gamme compl\u00e8te<\/h3>\n\n\n\n<p>Notre gamme compl\u00e8te d&rsquo;anneaux de thermor\u00e9traction saura r\u00e9pondre aux exigences de votre cycle de production; selon la taille des palettes, ils peuvent atteindre une productivit\u00e9 de 240 palettes\/h. Ils sont disponibles avec des dispositifs de chauffage sur 1 \u00e0 4 c\u00f4t\u00e9s.<\/p>\n\n\n\n<h3 class=\"wp-block-heading\">Excellente stabilit\u00e9 de la charge<\/h3>\n\n\n\n<p>Fournis seuls ou avec une housseuse Bocedi, tous les anneaux de thermor\u00e9traction peuvent \u00eatre facilement \u00e9quip\u00e9s du dispositif de soul\u00e8vement de palette, qui permet d&rsquo;enfiler la housse jusqu&rsquo;\u00e0 la face inf\u00e9rieure de la palette et d&rsquo;effectuer la thermor\u00e9traction du plastique directement sous cette derni\u00e8re afin de garantir une alliance parfaite de stabilit\u00e9 et de s\u00e9curit\u00e9.<\/p>\n<\/div>\n\n\n\n<div class=\"wp-block-column is-layout-flow wp-block-column-is-layout-flow\"><div class=\"wp-block-getwid-images-slider has-arrows-inside has-dots-inside has-images-center has-cropped-images has-fixed-height\"><div class=\"wp-block-getwid-images-slider__wrapper\" data-effect=\"fade\" data-slides-show=\"1\" data-slides-show-laptop=\"1\" data-slides-show-tablet=\"1\" data-slides-show-mobile=\"1\" data-slides-scroll=\"1\" data-autoplay=\"true\" data-autoplay-speed=\"5000\" data-infinite=\"true\" data-animation-speed=\"800\" data-center-mode=\"false\" data-variable-width=\"false\" data-arrows=\"inside\" data-dots=\"inside\" data-spacing=\"none\"><div class=\"wp-block-getwid-images-slider__item\" style=\"height:350px\"><figure><img loading=\"lazy\" decoding=\"async\" width=\"1200\" height=\"800\" src=\"https:\/\/www.stretchhood.it\/wp-content\/uploads\/2021\/12\/image-shrinking-rings-01.jpg\" data-id=\"2140\" data-link=\"https:\/\/www.stretchhood.it\/packaging-systems\/shrink-hood-machines\/shrinking-rings\/attachment\/image-shrinking-rings-01\/\" data-original-link=\"https:\/\/www.stretchhood.it\/wp-content\/uploads\/2021\/12\/image-shrinking-rings-01.jpg\" class=\"wp-block-getwid-images-slider__image wp-image-2140\" srcset=\"https:\/\/www.stretchhood.it\/wp-content\/uploads\/2021\/12\/image-shrinking-rings-01.jpg 1200w, https:\/\/www.stretchhood.it\/wp-content\/uploads\/2021\/12\/image-shrinking-rings-01-980x653.jpg 980w, https:\/\/www.stretchhood.it\/wp-content\/uploads\/2021\/12\/image-shrinking-rings-01-480x320.jpg 480w\" sizes=\"(min-width: 0px) and (max-width: 480px) 480px, (min-width: 481px) and (max-width: 980px) 980px, (min-width: 981px) 1200px, 100vw\" \/><\/figure><\/div><div class=\"wp-block-getwid-images-slider__item\" style=\"height:350px\"><figure><img loading=\"lazy\" decoding=\"async\" width=\"1200\" height=\"800\" src=\"https:\/\/www.stretchhood.it\/wp-content\/uploads\/2021\/12\/image-shrinking-rings-02.jpg\" data-id=\"2141\" data-link=\"https:\/\/www.stretchhood.it\/packaging-systems\/shrink-hood-machines\/shrinking-rings\/attachment\/image-shrinking-rings-02\/\" data-original-link=\"https:\/\/www.stretchhood.it\/wp-content\/uploads\/2021\/12\/image-shrinking-rings-02.jpg\" class=\"wp-block-getwid-images-slider__image wp-image-2141\" srcset=\"https:\/\/www.stretchhood.it\/wp-content\/uploads\/2021\/12\/image-shrinking-rings-02.jpg 1200w, https:\/\/www.stretchhood.it\/wp-content\/uploads\/2021\/12\/image-shrinking-rings-02-980x653.jpg 980w, https:\/\/www.stretchhood.it\/wp-content\/uploads\/2021\/12\/image-shrinking-rings-02-480x320.jpg 480w\" sizes=\"(min-width: 0px) and (max-width: 480px) 480px, (min-width: 481px) and (max-width: 980px) 980px, (min-width: 981px) 1200px, 100vw\" \/><\/figure><\/div><div class=\"wp-block-getwid-images-slider__item\" style=\"height:350px\"><figure><img loading=\"lazy\" decoding=\"async\" width=\"1200\" height=\"800\" src=\"https:\/\/www.stretchhood.it\/wp-content\/uploads\/2021\/12\/image-shrinking-rings-03.jpg\" data-id=\"2142\" data-link=\"https:\/\/www.stretchhood.it\/packaging-systems\/shrink-hood-machines\/shrinking-rings\/attachment\/image-shrinking-rings-03\/\" data-original-link=\"https:\/\/www.stretchhood.it\/wp-content\/uploads\/2021\/12\/image-shrinking-rings-03.jpg\" class=\"wp-block-getwid-images-slider__image wp-image-2142\" srcset=\"https:\/\/www.stretchhood.it\/wp-content\/uploads\/2021\/12\/image-shrinking-rings-03.jpg 1200w, https:\/\/www.stretchhood.it\/wp-content\/uploads\/2021\/12\/image-shrinking-rings-03-980x653.jpg 980w, https:\/\/www.stretchhood.it\/wp-content\/uploads\/2021\/12\/image-shrinking-rings-03-480x320.jpg 480w\" sizes=\"(min-width: 0px) and (max-width: 480px) 480px, (min-width: 481px) and (max-width: 980px) 980px, (min-width: 981px) 1200px, 100vw\" \/><\/figure><\/div><div class=\"wp-block-getwid-images-slider__item\" style=\"height:350px\"><figure><img loading=\"lazy\" decoding=\"async\" width=\"1200\" height=\"800\" src=\"https:\/\/www.stretchhood.it\/wp-content\/uploads\/2021\/12\/image-shrinking-rings-04.jpg\" data-id=\"2143\" data-link=\"https:\/\/www.stretchhood.it\/packaging-systems\/shrink-hood-machines\/shrinking-rings\/attachment\/image-shrinking-rings-04\/\" data-original-link=\"https:\/\/www.stretchhood.it\/wp-content\/uploads\/2021\/12\/image-shrinking-rings-04.jpg\" class=\"wp-block-getwid-images-slider__image wp-image-2143\" srcset=\"https:\/\/www.stretchhood.it\/wp-content\/uploads\/2021\/12\/image-shrinking-rings-04.jpg 1200w, https:\/\/www.stretchhood.it\/wp-content\/uploads\/2021\/12\/image-shrinking-rings-04-980x653.jpg 980w, https:\/\/www.stretchhood.it\/wp-content\/uploads\/2021\/12\/image-shrinking-rings-04-480x320.jpg 480w\" sizes=\"(min-width: 0px) and (max-width: 480px) 480px, (min-width: 481px) and (max-width: 980px) 980px, (min-width: 981px) 1200px, 100vw\" \/><\/figure><\/div><div class=\"wp-block-getwid-images-slider__item\" style=\"height:350px\"><figure><img loading=\"lazy\" decoding=\"async\" width=\"1200\" height=\"800\" src=\"https:\/\/www.stretchhood.it\/wp-content\/uploads\/2021\/12\/image-shrinking-rings-05.jpg\" data-id=\"2144\" data-link=\"https:\/\/www.stretchhood.it\/packaging-systems\/shrink-hood-machines\/shrinking-rings\/attachment\/image-shrinking-rings-05\/\" data-original-link=\"https:\/\/www.stretchhood.it\/wp-content\/uploads\/2021\/12\/image-shrinking-rings-05.jpg\" class=\"wp-block-getwid-images-slider__image wp-image-2144\" srcset=\"https:\/\/www.stretchhood.it\/wp-content\/uploads\/2021\/12\/image-shrinking-rings-05.jpg 1200w, https:\/\/www.stretchhood.it\/wp-content\/uploads\/2021\/12\/image-shrinking-rings-05-980x653.jpg 980w, https:\/\/www.stretchhood.it\/wp-content\/uploads\/2021\/12\/image-shrinking-rings-05-480x320.jpg 480w\" sizes=\"(min-width: 0px) and (max-width: 480px) 480px, (min-width: 481px) and (max-width: 980px) 980px, (min-width: 981px) 1200px, 100vw\" \/><\/figure><\/div><\/div><\/div>\r\n\n\n\n<h3 class=\"wp-block-heading\">Caract\u00e9ristiques technique<\/h3>\n\n\n\n<figure class=\"wp-block-table is-style-stripes\"><table class=\"has-fixed-layout\"><tbody><tr><td>Productivit\u00e9 (selon la taille de l&rsquo;anneau et le produit)<\/td><td>40 \u00e0 240 palettes\/h<\/td><\/tr><tr><td>Taille minimale des palettes<\/td><td>400&#215;400\u00a0mm<\/td><\/tr><tr><td>Taille maximale des palettes<\/td><td>3000&#215;1500 mm<\/td><\/tr><\/tbody><\/table><\/figure>\n\n\n\n<h3 class=\"wp-block-heading\">Options de houssage<\/h3>\n\n\n<div class=\"wp-block-getwid-images-slider has-arrows-none has-dots-outside has-captions captions-underneath is-carousel has-slides-gap-normal has-images-top\"><div class=\"wp-block-getwid-images-slider__wrapper\" data-effect=\"slide\" data-slides-show=\"2\" data-slides-show-laptop=\"1\" data-slides-show-tablet=\"1\" data-slides-show-mobile=\"1\" data-slides-scroll=\"1\" data-autoplay=\"true\" data-autoplay-speed=\"5000\" data-infinite=\"false\" data-animation-speed=\"300\" data-center-mode=\"false\" data-variable-width=\"false\" data-arrows=\"none\" data-dots=\"outside\" data-spacing=\"normal\"><div class=\"wp-block-getwid-images-slider__item\"><figure><img loading=\"lazy\" decoding=\"async\" width=\"300\" height=\"300\" src=\"https:\/\/www.stretchhood.it\/wp-content\/uploads\/2021\/12\/sequence-pallet-finish-04.png\" data-id=\"1524\" data-link=\"https:\/\/www.stretchhood.it\/packaging-systems\/stretch-hood-machines\/fb1000\/attachment\/sequence-pallet-finish-04\/\" data-original-link=\"https:\/\/www.stretchhood.it\/wp-content\/uploads\/2021\/12\/sequence-pallet-finish-04.png\" class=\"wp-block-getwid-images-slider__image wp-image-1524\" srcset=\"https:\/\/mail.stretchhood.it\/wp-content\/uploads\/2021\/12\/sequence-pallet-finish-04.png 300w, https:\/\/mail.stretchhood.it\/wp-content\/uploads\/2021\/12\/sequence-pallet-finish-04-150x150.png 150w\" sizes=\"(max-width: 300px) 100vw, 300px\" \/><\/figure><\/div><div class=\"wp-block-getwid-images-slider__item\"><figure><img loading=\"lazy\" decoding=\"async\" width=\"300\" height=\"300\" src=\"https:\/\/www.stretchhood.it\/wp-content\/uploads\/2021\/12\/sequence-pallet-finish-05.png\" data-id=\"1525\" data-link=\"https:\/\/www.stretchhood.it\/packaging-systems\/stretch-hood-machines\/fb1000\/attachment\/sequence-pallet-finish-05\/\" data-original-link=\"https:\/\/www.stretchhood.it\/wp-content\/uploads\/2021\/12\/sequence-pallet-finish-05.png\" class=\"wp-block-getwid-images-slider__image wp-image-1525\" srcset=\"https:\/\/mail.stretchhood.it\/wp-content\/uploads\/2021\/12\/sequence-pallet-finish-05.png 300w, https:\/\/mail.stretchhood.it\/wp-content\/uploads\/2021\/12\/sequence-pallet-finish-05-150x150.png 150w\" sizes=\"(max-width: 300px) 100vw, 300px\" \/><\/figure><\/div><div class=\"wp-block-getwid-images-slider__item\"><figure><img loading=\"lazy\" decoding=\"async\" width=\"300\" height=\"300\" src=\"https:\/\/www.stretchhood.it\/wp-content\/uploads\/2021\/12\/sequence-pallet-finish-07.png\" data-id=\"1527\" data-link=\"https:\/\/www.stretchhood.it\/packaging-systems\/stretch-hood-machines\/fb1000\/attachment\/sequence-pallet-finish-07\/\" data-original-link=\"https:\/\/www.stretchhood.it\/wp-content\/uploads\/2021\/12\/sequence-pallet-finish-07.png\" class=\"wp-block-getwid-images-slider__image wp-image-1527\" srcset=\"https:\/\/mail.stretchhood.it\/wp-content\/uploads\/2021\/12\/sequence-pallet-finish-07.png 300w, https:\/\/mail.stretchhood.it\/wp-content\/uploads\/2021\/12\/sequence-pallet-finish-07-150x150.png 150w\" sizes=\"(max-width: 300px) 100vw, 300px\" \/><\/figure><\/div><div class=\"wp-block-getwid-images-slider__item\"><figure><img loading=\"lazy\" decoding=\"async\" width=\"300\" height=\"300\" src=\"https:\/\/www.stretchhood.it\/wp-content\/uploads\/2021\/12\/sequence-pallet-finish-09.png\" data-id=\"1529\" data-link=\"https:\/\/www.stretchhood.it\/packaging-systems\/stretch-hood-machines\/fb1000\/attachment\/sequence-pallet-finish-09\/\" data-original-link=\"https:\/\/www.stretchhood.it\/wp-content\/uploads\/2021\/12\/sequence-pallet-finish-09.png\" class=\"wp-block-getwid-images-slider__image wp-image-1529\" srcset=\"https:\/\/mail.stretchhood.it\/wp-content\/uploads\/2021\/12\/sequence-pallet-finish-09.png 300w, https:\/\/mail.stretchhood.it\/wp-content\/uploads\/2021\/12\/sequence-pallet-finish-09-150x150.png 150w\" sizes=\"(max-width: 300px) 100vw, 300px\" \/><\/figure><\/div><\/div><\/div>\r\n\n\n\n<div class=\"wp-block-buttons is-layout-flex wp-block-buttons-is-layout-flex\">\n<div class=\"wp-block-button button-quotation\"><a class=\"wp-block-button__link\" href=\"\/fr\/contact\/\">Demander un Devis<\/a><\/div>\n\n\n\n<div class=\"wp-block-button button-pdf\"><a class=\"wp-block-button__link\">Download Catalogue<\/a><\/div>\n\n\n\n<div class=\"wp-block-button button-video\"><a class=\"wp-block-button__link\">Voir la Vid\u00e9o<\/a><\/div>\n<\/div>\n\n\n\n<figure class=\"wp-block-video watch-video\"><video controls=\"\" poster=\"https:\/\/www.stretchhood.it\/wp-content\/uploads\/2021\/12\/video-thumb.jpg\" src=\"\/wp-content\/uploads\/video\/video-shrinking-rings.mp4\"><\/video><\/figure>\n<\/div>\n<\/div>\n","protected":false},"excerpt":{"rendered":"<p>Anneaux de Thermor\u00e9traction Bocedi utilise les anneaux de thermor\u00e9traction depuis 50 ans. Ils sont si bien con\u00e7us et font preuve d&rsquo;une si grande fiabilit\u00e9 que nous continuons tout simplement \u00e0 les produire. Acier inoxydable Les anneaux de thermor\u00e9traction Bocedi permettent la thermor\u00e9traction du film autour d&rsquo;une charge houss\u00e9e gr\u00e2ce \u00e0 un ch\u00e2ssis un acier inoxydable [&hellip;]<\/p>\n","protected":false},"author":1,"featured_media":2893,"parent":4171,"menu_order":0,"comment_status":"closed","ping_status":"closed","template":"","meta":{"_acf_changed":false,"_et_pb_use_builder":"off","_et_pb_old_content":"","_et_gb_content_width":"","footnotes":""},"acf":[],"yoast_head":"<!-- This site is optimized with the Yoast SEO plugin v22.7 - https:\/\/yoast.com\/wordpress\/plugins\/seo\/ -->\n<title>Anneaux de Thermor\u00e9traction - Bocedi srl<\/title>\n<meta name=\"description\" content=\"Les anneaux de r\u00e9traction Bocedi permettent au film de se r\u00e9tracter sur une charge encapuchonn\u00e9e \u00e0 travers un cadre en acier inoxydable qui chauffe doucement le capot en plastique autour de la charge.\" \/>\n<meta name=\"robots\" content=\"index, follow, max-snippet:-1, max-image-preview:large, max-video-preview:-1\" \/>\n<link rel=\"canonical\" href=\"https:\/\/mail.stretchhood.it\/fr\/systemes-d-emballage\/housseuse-a-housse-retractable\/anneaux-de-thermoretraction\/\" \/>\n<meta property=\"og:locale\" content=\"fr_FR\" \/>\n<meta property=\"og:type\" content=\"article\" \/>\n<meta property=\"og:title\" content=\"Anneaux de Thermor\u00e9traction - Bocedi srl\" \/>\n<meta property=\"og:description\" content=\"Les anneaux de r\u00e9traction Bocedi permettent au film de se r\u00e9tracter sur une charge encapuchonn\u00e9e \u00e0 travers un cadre en acier inoxydable qui chauffe doucement le capot en plastique autour de la charge.\" \/>\n<meta property=\"og:url\" content=\"https:\/\/mail.stretchhood.it\/fr\/systemes-d-emballage\/housseuse-a-housse-retractable\/anneaux-de-thermoretraction\/\" \/>\n<meta property=\"og:site_name\" content=\"Bocedi srl\" \/>\n<meta property=\"article:modified_time\" content=\"2021-12-30T11:44:42+00:00\" \/>\n<meta property=\"og:image\" content=\"https:\/\/bocedisrl.com\/wp-content\/uploads\/2021\/12\/3d-shrinking-rings.jpg\" \/>\n\t<meta property=\"og:image:width\" content=\"1200\" \/>\n\t<meta property=\"og:image:height\" content=\"800\" \/>\n\t<meta property=\"og:image:type\" content=\"image\/jpeg\" \/>\n<meta name=\"twitter:card\" content=\"summary_large_image\" \/>\n<meta name=\"twitter:label1\" content=\"Dur\u00e9e de lecture estim\u00e9e\" \/>\n\t<meta name=\"twitter:data1\" content=\"1 minute\" \/>\n<script type=\"application\/ld+json\" class=\"yoast-schema-graph\">{\"@context\":\"https:\/\/schema.org\",\"@graph\":[{\"@type\":\"WebPage\",\"@id\":\"https:\/\/mail.stretchhood.it\/fr\/systemes-d-emballage\/housseuse-a-housse-retractable\/anneaux-de-thermoretraction\/\",\"url\":\"https:\/\/mail.stretchhood.it\/fr\/systemes-d-emballage\/housseuse-a-housse-retractable\/anneaux-de-thermoretraction\/\",\"name\":\"Anneaux de Thermor\u00e9traction - Bocedi srl\",\"isPartOf\":{\"@id\":\"https:\/\/mail.stretchhood.it\/fr\/#website\"},\"primaryImageOfPage\":{\"@id\":\"https:\/\/mail.stretchhood.it\/fr\/systemes-d-emballage\/housseuse-a-housse-retractable\/anneaux-de-thermoretraction\/#primaryimage\"},\"image\":{\"@id\":\"https:\/\/mail.stretchhood.it\/fr\/systemes-d-emballage\/housseuse-a-housse-retractable\/anneaux-de-thermoretraction\/#primaryimage\"},\"thumbnailUrl\":\"https:\/\/mail.stretchhood.it\/wp-content\/uploads\/2021\/12\/3d-shrinking-rings.jpg\",\"datePublished\":\"2021-12-10T06:56:19+00:00\",\"dateModified\":\"2021-12-30T11:44:42+00:00\",\"description\":\"Les anneaux de r\u00e9traction Bocedi permettent au film de se r\u00e9tracter sur une charge encapuchonn\u00e9e \u00e0 travers un cadre en acier inoxydable qui chauffe doucement le capot en plastique autour de la charge.\",\"breadcrumb\":{\"@id\":\"https:\/\/mail.stretchhood.it\/fr\/systemes-d-emballage\/housseuse-a-housse-retractable\/anneaux-de-thermoretraction\/#breadcrumb\"},\"inLanguage\":\"fr-FR\",\"potentialAction\":[{\"@type\":\"ReadAction\",\"target\":[\"https:\/\/mail.stretchhood.it\/fr\/systemes-d-emballage\/housseuse-a-housse-retractable\/anneaux-de-thermoretraction\/\"]}]},{\"@type\":\"ImageObject\",\"inLanguage\":\"fr-FR\",\"@id\":\"https:\/\/mail.stretchhood.it\/fr\/systemes-d-emballage\/housseuse-a-housse-retractable\/anneaux-de-thermoretraction\/#primaryimage\",\"url\":\"https:\/\/mail.stretchhood.it\/wp-content\/uploads\/2021\/12\/3d-shrinking-rings.jpg\",\"contentUrl\":\"https:\/\/mail.stretchhood.it\/wp-content\/uploads\/2021\/12\/3d-shrinking-rings.jpg\",\"width\":1200,\"height\":800},{\"@type\":\"BreadcrumbList\",\"@id\":\"https:\/\/mail.stretchhood.it\/fr\/systemes-d-emballage\/housseuse-a-housse-retractable\/anneaux-de-thermoretraction\/#breadcrumb\",\"itemListElement\":[{\"@type\":\"ListItem\",\"position\":1,\"name\":\"Home\",\"item\":\"https:\/\/www.bocedisrl.com\/fr\/\"},{\"@type\":\"ListItem\",\"position\":2,\"name\":\"Syst\u00e9mes d&rsquo;Emballage\",\"item\":\"https:\/\/www.bocedisrl.com\/fr\/systemes-d-emballage\/\"},{\"@type\":\"ListItem\",\"position\":3,\"name\":\"Housseuse \u00e0 Housse R\u00e8tractable\",\"item\":\"https:\/\/www.stretchhood.it\/fr\/systemes-d-emballage\/housseuse-a-housse-retractable\/\"},{\"@type\":\"ListItem\",\"position\":4,\"name\":\"Anneaux de Thermor\u00e9traction\"}]},{\"@type\":\"WebSite\",\"@id\":\"https:\/\/mail.stretchhood.it\/fr\/#website\",\"url\":\"https:\/\/mail.stretchhood.it\/fr\/\",\"name\":\"Bocedi srl\",\"description\":\"Pallet Packaging Systems\",\"publisher\":{\"@id\":\"https:\/\/mail.stretchhood.it\/fr\/#organization\"},\"potentialAction\":[{\"@type\":\"SearchAction\",\"target\":{\"@type\":\"EntryPoint\",\"urlTemplate\":\"https:\/\/mail.stretchhood.it\/fr\/?s={search_term_string}\"},\"query-input\":\"required name=search_term_string\"}],\"inLanguage\":\"fr-FR\"},{\"@type\":\"Organization\",\"@id\":\"https:\/\/mail.stretchhood.it\/fr\/#organization\",\"name\":\"Bocedi srl\",\"url\":\"https:\/\/mail.stretchhood.it\/fr\/\",\"logo\":{\"@type\":\"ImageObject\",\"inLanguage\":\"fr-FR\",\"@id\":\"https:\/\/mail.stretchhood.it\/fr\/#\/schema\/logo\/image\/\",\"url\":\"https:\/\/www.bocedisrl.com\/wp-content\/uploads\/2021\/11\/logo-bocedi.png\",\"contentUrl\":\"https:\/\/www.bocedisrl.com\/wp-content\/uploads\/2021\/11\/logo-bocedi.png\",\"width\":800,\"height\":480,\"caption\":\"Bocedi srl\"},\"image\":{\"@id\":\"https:\/\/mail.stretchhood.it\/fr\/#\/schema\/logo\/image\/\"}}]}<\/script>\n<!-- \/ Yoast SEO plugin. -->","yoast_head_json":{"title":"Anneaux de Thermor\u00e9traction - Bocedi srl","description":"Les anneaux de r\u00e9traction Bocedi permettent au film de se r\u00e9tracter sur une charge encapuchonn\u00e9e \u00e0 travers un cadre en acier inoxydable qui chauffe doucement le capot en plastique autour de la charge.","robots":{"index":"index","follow":"follow","max-snippet":"max-snippet:-1","max-image-preview":"max-image-preview:large","max-video-preview":"max-video-preview:-1"},"canonical":"https:\/\/mail.stretchhood.it\/fr\/systemes-d-emballage\/housseuse-a-housse-retractable\/anneaux-de-thermoretraction\/","og_locale":"fr_FR","og_type":"article","og_title":"Anneaux de Thermor\u00e9traction - Bocedi srl","og_description":"Les anneaux de r\u00e9traction Bocedi permettent au film de se r\u00e9tracter sur une charge encapuchonn\u00e9e \u00e0 travers un cadre en acier inoxydable qui chauffe doucement le capot en plastique autour de la charge.","og_url":"https:\/\/mail.stretchhood.it\/fr\/systemes-d-emballage\/housseuse-a-housse-retractable\/anneaux-de-thermoretraction\/","og_site_name":"Bocedi srl","article_modified_time":"2021-12-30T11:44:42+00:00","og_image":[{"width":1200,"height":800,"url":"https:\/\/bocedisrl.com\/wp-content\/uploads\/2021\/12\/3d-shrinking-rings.jpg","type":"image\/jpeg"}],"twitter_card":"summary_large_image","twitter_misc":{"Dur\u00e9e de lecture estim\u00e9e":"1 minute"},"schema":{"@context":"https:\/\/schema.org","@graph":[{"@type":"WebPage","@id":"https:\/\/mail.stretchhood.it\/fr\/systemes-d-emballage\/housseuse-a-housse-retractable\/anneaux-de-thermoretraction\/","url":"https:\/\/mail.stretchhood.it\/fr\/systemes-d-emballage\/housseuse-a-housse-retractable\/anneaux-de-thermoretraction\/","name":"Anneaux de Thermor\u00e9traction - Bocedi srl","isPartOf":{"@id":"https:\/\/mail.stretchhood.it\/fr\/#website"},"primaryImageOfPage":{"@id":"https:\/\/mail.stretchhood.it\/fr\/systemes-d-emballage\/housseuse-a-housse-retractable\/anneaux-de-thermoretraction\/#primaryimage"},"image":{"@id":"https:\/\/mail.stretchhood.it\/fr\/systemes-d-emballage\/housseuse-a-housse-retractable\/anneaux-de-thermoretraction\/#primaryimage"},"thumbnailUrl":"https:\/\/mail.stretchhood.it\/wp-content\/uploads\/2021\/12\/3d-shrinking-rings.jpg","datePublished":"2021-12-10T06:56:19+00:00","dateModified":"2021-12-30T11:44:42+00:00","description":"Les anneaux de r\u00e9traction Bocedi permettent au film de se r\u00e9tracter sur une charge encapuchonn\u00e9e \u00e0 travers un cadre en acier inoxydable qui chauffe doucement le capot en plastique autour de la charge.","breadcrumb":{"@id":"https:\/\/mail.stretchhood.it\/fr\/systemes-d-emballage\/housseuse-a-housse-retractable\/anneaux-de-thermoretraction\/#breadcrumb"},"inLanguage":"fr-FR","potentialAction":[{"@type":"ReadAction","target":["https:\/\/mail.stretchhood.it\/fr\/systemes-d-emballage\/housseuse-a-housse-retractable\/anneaux-de-thermoretraction\/"]}]},{"@type":"ImageObject","inLanguage":"fr-FR","@id":"https:\/\/mail.stretchhood.it\/fr\/systemes-d-emballage\/housseuse-a-housse-retractable\/anneaux-de-thermoretraction\/#primaryimage","url":"https:\/\/mail.stretchhood.it\/wp-content\/uploads\/2021\/12\/3d-shrinking-rings.jpg","contentUrl":"https:\/\/mail.stretchhood.it\/wp-content\/uploads\/2021\/12\/3d-shrinking-rings.jpg","width":1200,"height":800},{"@type":"BreadcrumbList","@id":"https:\/\/mail.stretchhood.it\/fr\/systemes-d-emballage\/housseuse-a-housse-retractable\/anneaux-de-thermoretraction\/#breadcrumb","itemListElement":[{"@type":"ListItem","position":1,"name":"Home","item":"https:\/\/www.bocedisrl.com\/fr\/"},{"@type":"ListItem","position":2,"name":"Syst\u00e9mes d&rsquo;Emballage","item":"https:\/\/www.bocedisrl.com\/fr\/systemes-d-emballage\/"},{"@type":"ListItem","position":3,"name":"Housseuse \u00e0 Housse R\u00e8tractable","item":"https:\/\/www.stretchhood.it\/fr\/systemes-d-emballage\/housseuse-a-housse-retractable\/"},{"@type":"ListItem","position":4,"name":"Anneaux de Thermor\u00e9traction"}]},{"@type":"WebSite","@id":"https:\/\/mail.stretchhood.it\/fr\/#website","url":"https:\/\/mail.stretchhood.it\/fr\/","name":"Bocedi srl","description":"Pallet Packaging Systems","publisher":{"@id":"https:\/\/mail.stretchhood.it\/fr\/#organization"},"potentialAction":[{"@type":"SearchAction","target":{"@type":"EntryPoint","urlTemplate":"https:\/\/mail.stretchhood.it\/fr\/?s={search_term_string}"},"query-input":"required name=search_term_string"}],"inLanguage":"fr-FR"},{"@type":"Organization","@id":"https:\/\/mail.stretchhood.it\/fr\/#organization","name":"Bocedi srl","url":"https:\/\/mail.stretchhood.it\/fr\/","logo":{"@type":"ImageObject","inLanguage":"fr-FR","@id":"https:\/\/mail.stretchhood.it\/fr\/#\/schema\/logo\/image\/","url":"https:\/\/www.bocedisrl.com\/wp-content\/uploads\/2021\/11\/logo-bocedi.png","contentUrl":"https:\/\/www.bocedisrl.com\/wp-content\/uploads\/2021\/11\/logo-bocedi.png","width":800,"height":480,"caption":"Bocedi srl"},"image":{"@id":"https:\/\/mail.stretchhood.it\/fr\/#\/schema\/logo\/image\/"}}]}},"_links":{"self":[{"href":"https:\/\/mail.stretchhood.it\/fr\/wp-json\/wp\/v2\/pages\/4404"}],"collection":[{"href":"https:\/\/mail.stretchhood.it\/fr\/wp-json\/wp\/v2\/pages"}],"about":[{"href":"https:\/\/mail.stretchhood.it\/fr\/wp-json\/wp\/v2\/types\/page"}],"author":[{"embeddable":true,"href":"https:\/\/mail.stretchhood.it\/fr\/wp-json\/wp\/v2\/users\/1"}],"replies":[{"embeddable":true,"href":"https:\/\/mail.stretchhood.it\/fr\/wp-json\/wp\/v2\/comments?post=4404"}],"version-history":[{"count":1,"href":"https:\/\/mail.stretchhood.it\/fr\/wp-json\/wp\/v2\/pages\/4404\/revisions"}],"predecessor-version":[{"id":4405,"href":"https:\/\/mail.stretchhood.it\/fr\/wp-json\/wp\/v2\/pages\/4404\/revisions\/4405"}],"up":[{"embeddable":true,"href":"https:\/\/mail.stretchhood.it\/fr\/wp-json\/wp\/v2\/pages\/4171"}],"wp:featuredmedia":[{"embeddable":true,"href":"https:\/\/mail.stretchhood.it\/fr\/wp-json\/wp\/v2\/media\/2893"}],"wp:attachment":[{"href":"https:\/\/mail.stretchhood.it\/fr\/wp-json\/wp\/v2\/media?parent=4404"}],"curies":[{"name":"wp","href":"https:\/\/api.w.org\/{rel}","templated":true}]}}