{"id":4459,"date":"2021-11-30T14:17:50","date_gmt":"2021-11-30T13:17:50","guid":{"rendered":"https:\/\/www.stretchhood.it\/industries\/aliments-et-boissons\/"},"modified":"2021-12-30T13:01:41","modified_gmt":"2021-12-30T12:01:41","slug":"aliments-et-boissons","status":"publish","type":"page","link":"https:\/\/mail.stretchhood.it\/fr\/industries\/aliments-et-boissons\/","title":{"rendered":"Aliments et Boissons"},"content":{"rendered":"\n<div class=\"wp-block-group alternating-columns is-layout-flow wp-block-group-is-layout-flow\">\n<div class=\"wp-block-columns is-layout-flex wp-container-core-columns-is-layout-1 wp-block-columns-is-layout-flex\">\n<div class=\"wp-block-column is-layout-flow wp-block-column-is-layout-flow\"><div class=\"wp-block-getwid-images-slider has-arrows-inside has-dots-inside has-images-center has-cropped-images has-fixed-height\"><div class=\"wp-block-getwid-images-slider__wrapper\" data-effect=\"fade\" data-slides-show=\"1\" data-slides-show-laptop=\"1\" data-slides-show-tablet=\"1\" data-slides-show-mobile=\"1\" data-slides-scroll=\"1\" data-autoplay=\"true\" data-autoplay-speed=\"5000\" data-infinite=\"true\" data-animation-speed=\"800\" data-center-mode=\"false\" data-variable-width=\"false\" data-arrows=\"inside\" data-dots=\"inside\" data-spacing=\"none\"><div class=\"wp-block-getwid-images-slider__item\" style=\"height:350px\"><figure><img loading=\"lazy\" decoding=\"async\" width=\"1200\" height=\"800\" src=\"https:\/\/www.stretchhood.it\/wp-content\/uploads\/2021\/12\/image-industries-food-and-beverage-a-01.jpg\" data-id=\"2263\" data-link=\"https:\/\/www.stretchhood.it\/industries\/food-and-beverage\/attachment\/image-industries-food-and-beverage-a-01\/\" data-original-link=\"https:\/\/www.stretchhood.it\/wp-content\/uploads\/2021\/12\/image-industries-food-and-beverage-a-01.jpg\" class=\"wp-block-getwid-images-slider__image wp-image-2263\" srcset=\"https:\/\/www.stretchhood.it\/wp-content\/uploads\/2021\/12\/image-industries-food-and-beverage-a-01.jpg 1200w, https:\/\/www.stretchhood.it\/wp-content\/uploads\/2021\/12\/image-industries-food-and-beverage-a-01-980x653.jpg 980w, https:\/\/www.stretchhood.it\/wp-content\/uploads\/2021\/12\/image-industries-food-and-beverage-a-01-480x320.jpg 480w\" sizes=\"(min-width: 0px) and (max-width: 480px) 480px, (min-width: 481px) and (max-width: 980px) 980px, (min-width: 981px) 1200px, 100vw\" \/><\/figure><\/div><div class=\"wp-block-getwid-images-slider__item\" style=\"height:350px\"><figure><img loading=\"lazy\" decoding=\"async\" width=\"1200\" height=\"800\" src=\"https:\/\/www.stretchhood.it\/wp-content\/uploads\/2021\/12\/image-industries-food-and-beverage-a-02.jpg\" data-id=\"2264\" data-link=\"https:\/\/www.stretchhood.it\/industries\/food-and-beverage\/attachment\/image-industries-food-and-beverage-a-02\/\" data-original-link=\"https:\/\/www.stretchhood.it\/wp-content\/uploads\/2021\/12\/image-industries-food-and-beverage-a-02.jpg\" class=\"wp-block-getwid-images-slider__image wp-image-2264\" srcset=\"https:\/\/www.stretchhood.it\/wp-content\/uploads\/2021\/12\/image-industries-food-and-beverage-a-02.jpg 1200w, https:\/\/www.stretchhood.it\/wp-content\/uploads\/2021\/12\/image-industries-food-and-beverage-a-02-980x653.jpg 980w, https:\/\/www.stretchhood.it\/wp-content\/uploads\/2021\/12\/image-industries-food-and-beverage-a-02-480x320.jpg 480w\" sizes=\"(min-width: 0px) and (max-width: 480px) 480px, (min-width: 481px) and (max-width: 980px) 980px, (min-width: 981px) 1200px, 100vw\" \/><\/figure><\/div><div class=\"wp-block-getwid-images-slider__item\" style=\"height:350px\"><figure><img loading=\"lazy\" decoding=\"async\" width=\"1200\" height=\"800\" src=\"https:\/\/www.stretchhood.it\/wp-content\/uploads\/2021\/12\/image-industries-food-and-beverage-a-03.jpg\" data-id=\"2265\" data-link=\"https:\/\/www.stretchhood.it\/industries\/food-and-beverage\/attachment\/image-industries-food-and-beverage-a-03\/\" data-original-link=\"https:\/\/www.stretchhood.it\/wp-content\/uploads\/2021\/12\/image-industries-food-and-beverage-a-03.jpg\" class=\"wp-block-getwid-images-slider__image wp-image-2265\" srcset=\"https:\/\/www.stretchhood.it\/wp-content\/uploads\/2021\/12\/image-industries-food-and-beverage-a-03.jpg 1200w, https:\/\/www.stretchhood.it\/wp-content\/uploads\/2021\/12\/image-industries-food-and-beverage-a-03-980x653.jpg 980w, https:\/\/www.stretchhood.it\/wp-content\/uploads\/2021\/12\/image-industries-food-and-beverage-a-03-480x320.jpg 480w\" sizes=\"(min-width: 0px) and (max-width: 480px) 480px, (min-width: 481px) and (max-width: 980px) 980px, (min-width: 981px) 1200px, 100vw\" \/><\/figure><\/div><div class=\"wp-block-getwid-images-slider__item\" style=\"height:350px\"><figure><img loading=\"lazy\" decoding=\"async\" width=\"1200\" height=\"800\" src=\"https:\/\/www.stretchhood.it\/wp-content\/uploads\/2021\/12\/image-industries-food-and-beverage-a-04.jpg\" data-id=\"2266\" data-link=\"https:\/\/www.stretchhood.it\/industries\/food-and-beverage\/attachment\/image-industries-food-and-beverage-a-04\/\" data-original-link=\"https:\/\/www.stretchhood.it\/wp-content\/uploads\/2021\/12\/image-industries-food-and-beverage-a-04.jpg\" class=\"wp-block-getwid-images-slider__image wp-image-2266\" srcset=\"https:\/\/www.stretchhood.it\/wp-content\/uploads\/2021\/12\/image-industries-food-and-beverage-a-04.jpg 1200w, https:\/\/www.stretchhood.it\/wp-content\/uploads\/2021\/12\/image-industries-food-and-beverage-a-04-980x653.jpg 980w, https:\/\/www.stretchhood.it\/wp-content\/uploads\/2021\/12\/image-industries-food-and-beverage-a-04-480x320.jpg 480w\" sizes=\"(min-width: 0px) and (max-width: 480px) 480px, (min-width: 481px) and (max-width: 980px) 980px, (min-width: 981px) 1200px, 100vw\" \/><\/figure><\/div><div class=\"wp-block-getwid-images-slider__item\" style=\"height:350px\"><figure><img loading=\"lazy\" decoding=\"async\" width=\"1200\" height=\"800\" src=\"https:\/\/www.stretchhood.it\/wp-content\/uploads\/2021\/12\/image-industries-food-and-beverage-a-05.jpg\" data-id=\"2267\" data-link=\"https:\/\/www.stretchhood.it\/industries\/food-and-beverage\/attachment\/image-industries-food-and-beverage-a-05\/\" data-original-link=\"https:\/\/www.stretchhood.it\/wp-content\/uploads\/2021\/12\/image-industries-food-and-beverage-a-05.jpg\" class=\"wp-block-getwid-images-slider__image wp-image-2267\" srcset=\"https:\/\/www.stretchhood.it\/wp-content\/uploads\/2021\/12\/image-industries-food-and-beverage-a-05.jpg 1200w, https:\/\/www.stretchhood.it\/wp-content\/uploads\/2021\/12\/image-industries-food-and-beverage-a-05-980x653.jpg 980w, https:\/\/www.stretchhood.it\/wp-content\/uploads\/2021\/12\/image-industries-food-and-beverage-a-05-480x320.jpg 480w\" sizes=\"(min-width: 0px) and (max-width: 480px) 480px, (min-width: 481px) and (max-width: 980px) 980px, (min-width: 981px) 1200px, 100vw\" \/><\/figure><\/div><\/div><\/div>\r\n<\/div>\n\n\n\n<div class=\"wp-block-column is-layout-flow wp-block-column-is-layout-flow\">\n<h3 class=\"wp-block-heading\">Solutions d\u00e9di\u00e9es<\/h3>\n\n\n\n<p>Les\u00a0<a href=\"\/fr\/systemes-di-emballage\/housseuse-a-housse-etirable\/\">housseuses sous housse \u00e9tirable<\/a>\u00a0Bocedi garantissent une grande flexibilit\u00e9 et des vitesses de productions \u00e9lev\u00e9es.<\/p>\n\n\n\n<p>Les housseuses sous housse \u00e9tirable Bocedi peuvent atteindre une productivit\u00e9 de\u00a0<a href=\"\/fr\/systemes-d-emballage\/housseuse-a-housse-etirable\/fb2000\/\">280 palettes par heure<\/a>. Les machines sont con\u00e7ues pour fonctionner avec des films fins personnalisables afin de r\u00e9duire les co\u00fbts globaux de conditionnement et permettent de conditionner une grande vari\u00e9t\u00e9 de tailles de palettes avec une seule machine.<\/p>\n\n\n\n<p>Le conditionnement sous housse \u00e9tirable est id\u00e9al pour l&rsquo;industrie, puisqu&rsquo;il n&rsquo;alt\u00e8re pas la forme globale de la charge, assure une excellente stabilit\u00e9 de la palette et convient aux produits sensibles \u00e0 la chaleur.<\/p>\n<\/div>\n<\/div>\n\n\n\n<div class=\"wp-block-columns is-layout-flex wp-container-core-columns-is-layout-2 wp-block-columns-is-layout-flex\">\n<div class=\"wp-block-column is-layout-flow wp-block-column-is-layout-flow\"><div class=\"wp-block-getwid-images-slider has-arrows-inside has-dots-inside has-images-center has-cropped-images has-fixed-height\"><div class=\"wp-block-getwid-images-slider__wrapper\" data-effect=\"fade\" data-slides-show=\"1\" data-slides-show-laptop=\"1\" data-slides-show-tablet=\"1\" data-slides-show-mobile=\"1\" data-slides-scroll=\"1\" data-autoplay=\"true\" data-autoplay-speed=\"5000\" data-infinite=\"true\" data-animation-speed=\"800\" data-center-mode=\"false\" data-variable-width=\"false\" data-arrows=\"inside\" data-dots=\"inside\" data-spacing=\"none\"><div class=\"wp-block-getwid-images-slider__item\" style=\"height:350px\"><figure><img loading=\"lazy\" decoding=\"async\" width=\"1200\" height=\"800\" src=\"https:\/\/www.stretchhood.it\/wp-content\/uploads\/2021\/12\/image-industries-food-and-beverage-b-01.jpg\" data-id=\"2268\" data-link=\"https:\/\/www.stretchhood.it\/industries\/food-and-beverage\/attachment\/image-industries-food-and-beverage-b-01\/\" data-original-link=\"https:\/\/www.stretchhood.it\/wp-content\/uploads\/2021\/12\/image-industries-food-and-beverage-b-01.jpg\" class=\"wp-block-getwid-images-slider__image wp-image-2268\" srcset=\"https:\/\/www.stretchhood.it\/wp-content\/uploads\/2021\/12\/image-industries-food-and-beverage-b-01.jpg 1200w, https:\/\/www.stretchhood.it\/wp-content\/uploads\/2021\/12\/image-industries-food-and-beverage-b-01-980x653.jpg 980w, https:\/\/www.stretchhood.it\/wp-content\/uploads\/2021\/12\/image-industries-food-and-beverage-b-01-480x320.jpg 480w\" sizes=\"(min-width: 0px) and (max-width: 480px) 480px, (min-width: 481px) and (max-width: 980px) 980px, (min-width: 981px) 1200px, 100vw\" \/><\/figure><\/div><div class=\"wp-block-getwid-images-slider__item\" style=\"height:350px\"><figure><img loading=\"lazy\" decoding=\"async\" width=\"1200\" height=\"800\" src=\"https:\/\/www.stretchhood.it\/wp-content\/uploads\/2021\/12\/image-industries-food-and-beverage-b-02.jpg\" data-id=\"2269\" data-link=\"https:\/\/www.stretchhood.it\/industries\/food-and-beverage\/attachment\/image-industries-food-and-beverage-b-02\/\" data-original-link=\"https:\/\/www.stretchhood.it\/wp-content\/uploads\/2021\/12\/image-industries-food-and-beverage-b-02.jpg\" class=\"wp-block-getwid-images-slider__image wp-image-2269\" srcset=\"https:\/\/www.stretchhood.it\/wp-content\/uploads\/2021\/12\/image-industries-food-and-beverage-b-02.jpg 1200w, https:\/\/www.stretchhood.it\/wp-content\/uploads\/2021\/12\/image-industries-food-and-beverage-b-02-980x653.jpg 980w, https:\/\/www.stretchhood.it\/wp-content\/uploads\/2021\/12\/image-industries-food-and-beverage-b-02-480x320.jpg 480w\" sizes=\"(min-width: 0px) and (max-width: 480px) 480px, (min-width: 481px) and (max-width: 980px) 980px, (min-width: 981px) 1200px, 100vw\" \/><\/figure><\/div><div class=\"wp-block-getwid-images-slider__item\" style=\"height:350px\"><figure><img loading=\"lazy\" decoding=\"async\" width=\"1200\" height=\"800\" src=\"https:\/\/www.stretchhood.it\/wp-content\/uploads\/2021\/12\/image-industries-food-and-beverage-b-03.jpg\" data-id=\"2270\" data-link=\"https:\/\/www.stretchhood.it\/industries\/food-and-beverage\/attachment\/image-industries-food-and-beverage-b-03\/\" data-original-link=\"https:\/\/www.stretchhood.it\/wp-content\/uploads\/2021\/12\/image-industries-food-and-beverage-b-03.jpg\" class=\"wp-block-getwid-images-slider__image wp-image-2270\" srcset=\"https:\/\/www.stretchhood.it\/wp-content\/uploads\/2021\/12\/image-industries-food-and-beverage-b-03.jpg 1200w, https:\/\/www.stretchhood.it\/wp-content\/uploads\/2021\/12\/image-industries-food-and-beverage-b-03-980x653.jpg 980w, https:\/\/www.stretchhood.it\/wp-content\/uploads\/2021\/12\/image-industries-food-and-beverage-b-03-480x320.jpg 480w\" sizes=\"(min-width: 0px) and (max-width: 480px) 480px, (min-width: 481px) and (max-width: 980px) 980px, (min-width: 981px) 1200px, 100vw\" \/><\/figure><\/div><div class=\"wp-block-getwid-images-slider__item\" style=\"height:350px\"><figure><img loading=\"lazy\" decoding=\"async\" width=\"1200\" height=\"800\" src=\"https:\/\/www.stretchhood.it\/wp-content\/uploads\/2021\/12\/image-industries-food-and-beverage-b-04.jpg\" data-id=\"2271\" data-link=\"https:\/\/www.stretchhood.it\/industries\/food-and-beverage\/attachment\/image-industries-food-and-beverage-b-04\/\" data-original-link=\"https:\/\/www.stretchhood.it\/wp-content\/uploads\/2021\/12\/image-industries-food-and-beverage-b-04.jpg\" class=\"wp-block-getwid-images-slider__image wp-image-2271\" srcset=\"https:\/\/www.stretchhood.it\/wp-content\/uploads\/2021\/12\/image-industries-food-and-beverage-b-04.jpg 1200w, https:\/\/www.stretchhood.it\/wp-content\/uploads\/2021\/12\/image-industries-food-and-beverage-b-04-980x653.jpg 980w, https:\/\/www.stretchhood.it\/wp-content\/uploads\/2021\/12\/image-industries-food-and-beverage-b-04-480x320.jpg 480w\" sizes=\"(min-width: 0px) and (max-width: 480px) 480px, (min-width: 481px) and (max-width: 980px) 980px, (min-width: 981px) 1200px, 100vw\" \/><\/figure><\/div><div class=\"wp-block-getwid-images-slider__item\" style=\"height:350px\"><figure><img loading=\"lazy\" decoding=\"async\" width=\"1200\" height=\"800\" src=\"https:\/\/www.stretchhood.it\/wp-content\/uploads\/2021\/12\/image-industries-food-and-beverage-b-05.jpg\" data-id=\"2272\" data-link=\"https:\/\/www.stretchhood.it\/industries\/food-and-beverage\/attachment\/image-industries-food-and-beverage-b-05\/\" data-original-link=\"https:\/\/www.stretchhood.it\/wp-content\/uploads\/2021\/12\/image-industries-food-and-beverage-b-05.jpg\" class=\"wp-block-getwid-images-slider__image wp-image-2272\" srcset=\"https:\/\/www.stretchhood.it\/wp-content\/uploads\/2021\/12\/image-industries-food-and-beverage-b-05.jpg 1200w, https:\/\/www.stretchhood.it\/wp-content\/uploads\/2021\/12\/image-industries-food-and-beverage-b-05-980x653.jpg 980w, https:\/\/www.stretchhood.it\/wp-content\/uploads\/2021\/12\/image-industries-food-and-beverage-b-05-480x320.jpg 480w\" sizes=\"(min-width: 0px) and (max-width: 480px) 480px, (min-width: 481px) and (max-width: 980px) 980px, (min-width: 981px) 1200px, 100vw\" \/><\/figure><\/div><\/div><\/div>\r\n<\/div>\n\n\n\n<div class=\"wp-block-column is-layout-flow wp-block-column-is-layout-flow\">\n<h3 class=\"wp-block-heading\">Alternative comp\u00e9titive envers l&#8217;emballage<\/h3>\n\n\n\n<p>Le houssage \u00e0 \u00e9tirement offre plusieurs avantages \u00e0 l&rsquo;industrie par rapport \u00e0 l&#8217;emballage par \u00e9tirement. La housseuse sous housse \u00e9tirable est extr\u00eamement polyvalente et peut accueillir une grande vari\u00e9t\u00e9 de tailles de palettes, fonctionnant \u00e0 une vitesse jusqu&rsquo;\u00e0\u00a0<a href=\"\/fr\/systemes-d-emballage\/housseuse-a-housse-etirable\/fb4-0\/\">280 palettes\/heure<\/a>, avec un temps d&rsquo;arr\u00eat tr\u00e8s court pour le changement de film.<\/p>\n\n\n\n<p>L&rsquo;application du film transparent donne une pr\u00e9sentation extraordinaire aux produits: un conditionnement rang\u00e9 et professionnel a en effet un impact positif sur l&rsquo;attitude des acheteurs\/clients. Les films de housse \u00e9tirables sont enti\u00e8rement personnalisables dans les couleurs et les graphiques et offrent un conditionnement r\u00e9sistant \u00e0 l&rsquo;eau et \u00e0 la poussi\u00e8re.<\/p>\n\n\n\n<p>Le syst\u00e8me d&rsquo;identification automatique des palettes d\u00e9finit la quantit\u00e9 exacte de plastique \u00e0 utiliser, \u00e9vitant ainsi les d\u00e9chets et permettant une budg\u00e9tisation facile des conditionnements. Les films de houssage \u00e9tirables sont recyclables.<\/p>\n<\/div>\n<\/div>\n<\/div>\n","protected":false},"excerpt":{"rendered":"<p>Solutions d\u00e9di\u00e9es Les\u00a0housseuses sous housse \u00e9tirable\u00a0Bocedi garantissent une grande flexibilit\u00e9 et des vitesses de productions \u00e9lev\u00e9es. Les housseuses sous housse \u00e9tirable Bocedi peuvent atteindre une productivit\u00e9 de\u00a0280 palettes par heure. Les machines sont con\u00e7ues pour fonctionner avec des films fins personnalisables afin de r\u00e9duire les co\u00fbts globaux de conditionnement et permettent de conditionner une grande [&hellip;]<\/p>\n","protected":false},"author":1,"featured_media":2791,"parent":3988,"menu_order":0,"comment_status":"closed","ping_status":"closed","template":"","meta":{"_acf_changed":false,"_et_pb_use_builder":"","_et_pb_old_content":"","_et_gb_content_width":"","footnotes":""},"acf":[],"yoast_head":"<!-- This site is optimized with the Yoast SEO plugin v22.7 - https:\/\/yoast.com\/wordpress\/plugins\/seo\/ -->\n<title>Aliments et Boissons - Bocedi srl<\/title>\n<meta name=\"description\" content=\"La technologie de housseuse Bocedi c&#039;est parfait pour l&#039;industrie de l&#039;emballage secondaire des aliments et des boissons.\" \/>\n<meta name=\"robots\" content=\"index, follow, max-snippet:-1, max-image-preview:large, max-video-preview:-1\" \/>\n<link rel=\"canonical\" href=\"https:\/\/mail.stretchhood.it\/fr\/industries\/aliments-et-boissons\/\" \/>\n<meta property=\"og:locale\" content=\"fr_FR\" \/>\n<meta property=\"og:type\" content=\"article\" \/>\n<meta property=\"og:title\" content=\"Aliments et Boissons - Bocedi srl\" \/>\n<meta property=\"og:description\" content=\"La technologie de housseuse Bocedi c&#039;est parfait pour l&#039;industrie de l&#039;emballage secondaire des aliments et des boissons.\" \/>\n<meta property=\"og:url\" content=\"https:\/\/mail.stretchhood.it\/fr\/industries\/aliments-et-boissons\/\" \/>\n<meta property=\"og:site_name\" content=\"Bocedi srl\" \/>\n<meta property=\"article:modified_time\" content=\"2021-12-30T12:01:41+00:00\" \/>\n<meta property=\"og:image\" content=\"https:\/\/mail.stretchhood.it\/wp-content\/uploads\/2021\/12\/banner-industries-food-and-beverages.jpg\" \/>\n\t<meta property=\"og:image:width\" content=\"1200\" \/>\n\t<meta property=\"og:image:height\" content=\"800\" \/>\n\t<meta property=\"og:image:type\" content=\"image\/jpeg\" \/>\n<meta name=\"twitter:card\" content=\"summary_large_image\" \/>\n<meta name=\"twitter:label1\" content=\"Dur\u00e9e de lecture estim\u00e9e\" \/>\n\t<meta name=\"twitter:data1\" content=\"1 minute\" \/>\n<script type=\"application\/ld+json\" class=\"yoast-schema-graph\">{\"@context\":\"https:\/\/schema.org\",\"@graph\":[{\"@type\":\"WebPage\",\"@id\":\"https:\/\/mail.stretchhood.it\/fr\/industries\/aliments-et-boissons\/\",\"url\":\"https:\/\/mail.stretchhood.it\/fr\/industries\/aliments-et-boissons\/\",\"name\":\"Aliments et Boissons - Bocedi srl\",\"isPartOf\":{\"@id\":\"https:\/\/www.stretchhood.it\/#website\"},\"primaryImageOfPage\":{\"@id\":\"https:\/\/mail.stretchhood.it\/fr\/industries\/aliments-et-boissons\/#primaryimage\"},\"image\":{\"@id\":\"https:\/\/mail.stretchhood.it\/fr\/industries\/aliments-et-boissons\/#primaryimage\"},\"thumbnailUrl\":\"https:\/\/mail.stretchhood.it\/wp-content\/uploads\/2021\/12\/banner-industries-food-and-beverages.jpg\",\"datePublished\":\"2021-11-30T13:17:50+00:00\",\"dateModified\":\"2021-12-30T12:01:41+00:00\",\"description\":\"La technologie de housseuse Bocedi c'est parfait pour l'industrie de l'emballage secondaire des aliments et des boissons.\",\"breadcrumb\":{\"@id\":\"https:\/\/mail.stretchhood.it\/fr\/industries\/aliments-et-boissons\/#breadcrumb\"},\"inLanguage\":\"fr-FR\",\"potentialAction\":[{\"@type\":\"ReadAction\",\"target\":[\"https:\/\/mail.stretchhood.it\/fr\/industries\/aliments-et-boissons\/\"]}]},{\"@type\":\"ImageObject\",\"inLanguage\":\"fr-FR\",\"@id\":\"https:\/\/mail.stretchhood.it\/fr\/industries\/aliments-et-boissons\/#primaryimage\",\"url\":\"https:\/\/mail.stretchhood.it\/wp-content\/uploads\/2021\/12\/banner-industries-food-and-beverages.jpg\",\"contentUrl\":\"https:\/\/mail.stretchhood.it\/wp-content\/uploads\/2021\/12\/banner-industries-food-and-beverages.jpg\",\"width\":1200,\"height\":800},{\"@type\":\"BreadcrumbList\",\"@id\":\"https:\/\/mail.stretchhood.it\/fr\/industries\/aliments-et-boissons\/#breadcrumb\",\"itemListElement\":[{\"@type\":\"ListItem\",\"position\":1,\"name\":\"Home\",\"item\":\"https:\/\/www.stretchhood.it\/fr\/\"},{\"@type\":\"ListItem\",\"position\":2,\"name\":\"Industries\",\"item\":\"https:\/\/mail.stretchhood.it\/fr\/industries\/\"},{\"@type\":\"ListItem\",\"position\":3,\"name\":\"Aliments et Boissons\"}]},{\"@type\":\"WebSite\",\"@id\":\"https:\/\/www.stretchhood.it\/#website\",\"url\":\"https:\/\/www.stretchhood.it\/\",\"name\":\"Bocedi srl\",\"description\":\"Pallet Packaging Systems\",\"publisher\":{\"@id\":\"https:\/\/www.stretchhood.it\/#organization\"},\"potentialAction\":[{\"@type\":\"SearchAction\",\"target\":{\"@type\":\"EntryPoint\",\"urlTemplate\":\"https:\/\/www.stretchhood.it\/?s={search_term_string}\"},\"query-input\":\"required name=search_term_string\"}],\"inLanguage\":\"fr-FR\"},{\"@type\":\"Organization\",\"@id\":\"https:\/\/www.stretchhood.it\/#organization\",\"name\":\"Bocedi srl\",\"url\":\"https:\/\/www.stretchhood.it\/\",\"logo\":{\"@type\":\"ImageObject\",\"inLanguage\":\"fr-FR\",\"@id\":\"https:\/\/www.stretchhood.it\/#\/schema\/logo\/image\/\",\"url\":\"https:\/\/www.bocedisrl.com\/wp-content\/uploads\/2021\/11\/logo-bocedi.png\",\"contentUrl\":\"https:\/\/www.bocedisrl.com\/wp-content\/uploads\/2021\/11\/logo-bocedi.png\",\"width\":800,\"height\":480,\"caption\":\"Bocedi srl\"},\"image\":{\"@id\":\"https:\/\/www.stretchhood.it\/#\/schema\/logo\/image\/\"}}]}<\/script>\n<!-- \/ Yoast SEO plugin. -->","yoast_head_json":{"title":"Aliments et Boissons - Bocedi srl","description":"La technologie de housseuse Bocedi c'est parfait pour l'industrie de l'emballage secondaire des aliments et des boissons.","robots":{"index":"index","follow":"follow","max-snippet":"max-snippet:-1","max-image-preview":"max-image-preview:large","max-video-preview":"max-video-preview:-1"},"canonical":"https:\/\/mail.stretchhood.it\/fr\/industries\/aliments-et-boissons\/","og_locale":"fr_FR","og_type":"article","og_title":"Aliments et Boissons - Bocedi srl","og_description":"La technologie de housseuse Bocedi c'est parfait pour l'industrie de l'emballage secondaire des aliments et des boissons.","og_url":"https:\/\/mail.stretchhood.it\/fr\/industries\/aliments-et-boissons\/","og_site_name":"Bocedi srl","article_modified_time":"2021-12-30T12:01:41+00:00","og_image":[{"width":1200,"height":800,"url":"https:\/\/mail.stretchhood.it\/wp-content\/uploads\/2021\/12\/banner-industries-food-and-beverages.jpg","type":"image\/jpeg"}],"twitter_card":"summary_large_image","twitter_misc":{"Dur\u00e9e de lecture estim\u00e9e":"1 minute"},"schema":{"@context":"https:\/\/schema.org","@graph":[{"@type":"WebPage","@id":"https:\/\/mail.stretchhood.it\/fr\/industries\/aliments-et-boissons\/","url":"https:\/\/mail.stretchhood.it\/fr\/industries\/aliments-et-boissons\/","name":"Aliments et Boissons - Bocedi srl","isPartOf":{"@id":"https:\/\/www.stretchhood.it\/#website"},"primaryImageOfPage":{"@id":"https:\/\/mail.stretchhood.it\/fr\/industries\/aliments-et-boissons\/#primaryimage"},"image":{"@id":"https:\/\/mail.stretchhood.it\/fr\/industries\/aliments-et-boissons\/#primaryimage"},"thumbnailUrl":"https:\/\/mail.stretchhood.it\/wp-content\/uploads\/2021\/12\/banner-industries-food-and-beverages.jpg","datePublished":"2021-11-30T13:17:50+00:00","dateModified":"2021-12-30T12:01:41+00:00","description":"La technologie de housseuse Bocedi c'est parfait pour l'industrie de l'emballage secondaire des aliments et des boissons.","breadcrumb":{"@id":"https:\/\/mail.stretchhood.it\/fr\/industries\/aliments-et-boissons\/#breadcrumb"},"inLanguage":"fr-FR","potentialAction":[{"@type":"ReadAction","target":["https:\/\/mail.stretchhood.it\/fr\/industries\/aliments-et-boissons\/"]}]},{"@type":"ImageObject","inLanguage":"fr-FR","@id":"https:\/\/mail.stretchhood.it\/fr\/industries\/aliments-et-boissons\/#primaryimage","url":"https:\/\/mail.stretchhood.it\/wp-content\/uploads\/2021\/12\/banner-industries-food-and-beverages.jpg","contentUrl":"https:\/\/mail.stretchhood.it\/wp-content\/uploads\/2021\/12\/banner-industries-food-and-beverages.jpg","width":1200,"height":800},{"@type":"BreadcrumbList","@id":"https:\/\/mail.stretchhood.it\/fr\/industries\/aliments-et-boissons\/#breadcrumb","itemListElement":[{"@type":"ListItem","position":1,"name":"Home","item":"https:\/\/www.stretchhood.it\/fr\/"},{"@type":"ListItem","position":2,"name":"Industries","item":"https:\/\/mail.stretchhood.it\/fr\/industries\/"},{"@type":"ListItem","position":3,"name":"Aliments et Boissons"}]},{"@type":"WebSite","@id":"https:\/\/www.stretchhood.it\/#website","url":"https:\/\/www.stretchhood.it\/","name":"Bocedi srl","description":"Pallet Packaging Systems","publisher":{"@id":"https:\/\/www.stretchhood.it\/#organization"},"potentialAction":[{"@type":"SearchAction","target":{"@type":"EntryPoint","urlTemplate":"https:\/\/www.stretchhood.it\/?s={search_term_string}"},"query-input":"required name=search_term_string"}],"inLanguage":"fr-FR"},{"@type":"Organization","@id":"https:\/\/www.stretchhood.it\/#organization","name":"Bocedi srl","url":"https:\/\/www.stretchhood.it\/","logo":{"@type":"ImageObject","inLanguage":"fr-FR","@id":"https:\/\/www.stretchhood.it\/#\/schema\/logo\/image\/","url":"https:\/\/www.bocedisrl.com\/wp-content\/uploads\/2021\/11\/logo-bocedi.png","contentUrl":"https:\/\/www.bocedisrl.com\/wp-content\/uploads\/2021\/11\/logo-bocedi.png","width":800,"height":480,"caption":"Bocedi srl"},"image":{"@id":"https:\/\/www.stretchhood.it\/#\/schema\/logo\/image\/"}}]}},"_links":{"self":[{"href":"https:\/\/mail.stretchhood.it\/fr\/wp-json\/wp\/v2\/pages\/4459"}],"collection":[{"href":"https:\/\/mail.stretchhood.it\/fr\/wp-json\/wp\/v2\/pages"}],"about":[{"href":"https:\/\/mail.stretchhood.it\/fr\/wp-json\/wp\/v2\/types\/page"}],"author":[{"embeddable":true,"href":"https:\/\/mail.stretchhood.it\/fr\/wp-json\/wp\/v2\/users\/1"}],"replies":[{"embeddable":true,"href":"https:\/\/mail.stretchhood.it\/fr\/wp-json\/wp\/v2\/comments?post=4459"}],"version-history":[{"count":3,"href":"https:\/\/mail.stretchhood.it\/fr\/wp-json\/wp\/v2\/pages\/4459\/revisions"}],"predecessor-version":[{"id":4470,"href":"https:\/\/mail.stretchhood.it\/fr\/wp-json\/wp\/v2\/pages\/4459\/revisions\/4470"}],"up":[{"embeddable":true,"href":"https:\/\/mail.stretchhood.it\/fr\/wp-json\/wp\/v2\/pages\/3988"}],"wp:featuredmedia":[{"embeddable":true,"href":"https:\/\/mail.stretchhood.it\/fr\/wp-json\/wp\/v2\/media\/2791"}],"wp:attachment":[{"href":"https:\/\/mail.stretchhood.it\/fr\/wp-json\/wp\/v2\/media?parent=4459"}],"curies":[{"name":"wp","href":"https:\/\/api.w.org\/{rel}","templated":true}]}}