{"id":4487,"date":"2021-11-30T14:18:46","date_gmt":"2021-11-30T13:18:46","guid":{"rendered":"https:\/\/www.stretchhood.it\/industries\/papier-et-carton\/"},"modified":"2021-12-30T13:05:40","modified_gmt":"2021-12-30T12:05:40","slug":"papier-et-carton","status":"publish","type":"page","link":"https:\/\/mail.stretchhood.it\/fr\/industries\/papier-et-carton\/","title":{"rendered":"Papier et Carton"},"content":{"rendered":"\n<div class=\"wp-block-group alternating-columns is-layout-flow wp-block-group-is-layout-flow\">\n<div class=\"wp-block-columns is-layout-flex wp-container-core-columns-is-layout-1 wp-block-columns-is-layout-flex\">\n<div class=\"wp-block-column is-layout-flow wp-block-column-is-layout-flow\"><div class=\"wp-block-getwid-images-slider has-arrows-inside has-dots-inside has-images-center has-cropped-images has-fixed-height\"><div class=\"wp-block-getwid-images-slider__wrapper\" data-effect=\"fade\" data-slides-show=\"1\" data-slides-show-laptop=\"1\" data-slides-show-tablet=\"1\" data-slides-show-mobile=\"1\" data-slides-scroll=\"1\" data-autoplay=\"true\" data-autoplay-speed=\"5000\" data-infinite=\"true\" data-animation-speed=\"800\" data-center-mode=\"false\" data-variable-width=\"false\" data-arrows=\"inside\" data-dots=\"inside\" data-spacing=\"none\"><div class=\"wp-block-getwid-images-slider__item\" style=\"height:350px\"><figure><img loading=\"lazy\" decoding=\"async\" width=\"1200\" height=\"800\" src=\"https:\/\/www.stretchhood.it\/wp-content\/uploads\/2021\/12\/image-industries-paper-and-cardboard-a-01.jpg\" data-id=\"2299\" data-link=\"https:\/\/www.stretchhood.it\/industries\/paper-and-cardboard\/attachment\/image-industries-paper-and-cardboard-a-01\/\" data-original-link=\"https:\/\/www.stretchhood.it\/wp-content\/uploads\/2021\/12\/image-industries-paper-and-cardboard-a-01.jpg\" class=\"wp-block-getwid-images-slider__image wp-image-2299\" srcset=\"https:\/\/www.stretchhood.it\/wp-content\/uploads\/2021\/12\/image-industries-paper-and-cardboard-a-01.jpg 1200w, https:\/\/www.stretchhood.it\/wp-content\/uploads\/2021\/12\/image-industries-paper-and-cardboard-a-01-980x653.jpg 980w, https:\/\/www.stretchhood.it\/wp-content\/uploads\/2021\/12\/image-industries-paper-and-cardboard-a-01-480x320.jpg 480w\" sizes=\"(min-width: 0px) and (max-width: 480px) 480px, (min-width: 481px) and (max-width: 980px) 980px, (min-width: 981px) 1200px, 100vw\" \/><\/figure><\/div><div class=\"wp-block-getwid-images-slider__item\" style=\"height:350px\"><figure><img loading=\"lazy\" decoding=\"async\" width=\"1200\" height=\"800\" src=\"https:\/\/www.stretchhood.it\/wp-content\/uploads\/2021\/12\/image-industries-paper-and-cardboard-a-02.jpg\" data-id=\"2300\" data-link=\"https:\/\/www.stretchhood.it\/industries\/paper-and-cardboard\/attachment\/image-industries-paper-and-cardboard-a-02\/\" data-original-link=\"https:\/\/www.stretchhood.it\/wp-content\/uploads\/2021\/12\/image-industries-paper-and-cardboard-a-02.jpg\" class=\"wp-block-getwid-images-slider__image wp-image-2300\" srcset=\"https:\/\/www.stretchhood.it\/wp-content\/uploads\/2021\/12\/image-industries-paper-and-cardboard-a-02.jpg 1200w, https:\/\/www.stretchhood.it\/wp-content\/uploads\/2021\/12\/image-industries-paper-and-cardboard-a-02-980x653.jpg 980w, https:\/\/www.stretchhood.it\/wp-content\/uploads\/2021\/12\/image-industries-paper-and-cardboard-a-02-480x320.jpg 480w\" sizes=\"(min-width: 0px) and (max-width: 480px) 480px, (min-width: 481px) and (max-width: 980px) 980px, (min-width: 981px) 1200px, 100vw\" \/><\/figure><\/div><div class=\"wp-block-getwid-images-slider__item\" style=\"height:350px\"><figure><img loading=\"lazy\" decoding=\"async\" width=\"1200\" height=\"800\" src=\"https:\/\/www.stretchhood.it\/wp-content\/uploads\/2021\/12\/image-industries-paper-and-cardboard-a-03.jpg\" data-id=\"2303\" data-link=\"https:\/\/www.stretchhood.it\/industries\/paper-and-cardboard\/attachment\/image-industries-paper-and-cardboard-a-03\/\" data-original-link=\"https:\/\/www.stretchhood.it\/wp-content\/uploads\/2021\/12\/image-industries-paper-and-cardboard-a-03.jpg\" class=\"wp-block-getwid-images-slider__image wp-image-2303\" srcset=\"https:\/\/www.stretchhood.it\/wp-content\/uploads\/2021\/12\/image-industries-paper-and-cardboard-a-03.jpg 1200w, https:\/\/www.stretchhood.it\/wp-content\/uploads\/2021\/12\/image-industries-paper-and-cardboard-a-03-980x653.jpg 980w, https:\/\/www.stretchhood.it\/wp-content\/uploads\/2021\/12\/image-industries-paper-and-cardboard-a-03-480x320.jpg 480w\" sizes=\"(min-width: 0px) and (max-width: 480px) 480px, (min-width: 481px) and (max-width: 980px) 980px, (min-width: 981px) 1200px, 100vw\" \/><\/figure><\/div><\/div><\/div>\r\n<\/div>\n\n\n\n<div class=\"wp-block-column is-layout-flow wp-block-column-is-layout-flow\">\n<h3 class=\"wp-block-heading\">Flexibilit\u00e9<\/h3>\n\n\n\n<p>4200 tailles de palettes diff\u00e9rentes? Pas de probl\u00e8mes, nous pouvons tous les g\u00e9rer avec une seule machine.<\/p>\n\n\n\n<p>La technologie de\u00a0<a href=\"\/fr\/systemes-d-emballage\/housseuse-a-housse-etirable\/\">houssage \u00e0 \u00e9tirement<\/a>\u00a0est la technologie gagnante pour r\u00e9pondre de la mani\u00e8re la plus comp\u00e9titive \u00e0 la grande vari\u00e9t\u00e9 de tailles de palettes \u00e0 conditionner. La housseuse sous housse \u00e9tirable Bocedi\u00a0<a href=\"\/fr\/systemes-d-emballage\/housseuse-a-housse-etirable\/fb2000\/\">FB2000<\/a>\u00a0peut \u00eatre \u00e9quip\u00e9e de 6 bobines de film diff\u00e9rentes; elle offre la possibilit\u00e9 de\u00a0conditionner plus de 4200 tailles de palettes avec une seule machine, ce qui permet de r\u00e9aliser des \u00e9conomies importantes en termes d&rsquo;\u00e9quipement et r\u00e9duction de l&rsquo;encombrement.<\/p>\n\n\n\n<p>La housse \u00e9tirable est \u00e9quip\u00e9e d&rsquo;un syst\u00e8me d&rsquo;identification automatique des palettes, qui adapte avec pr\u00e9cision la housse autour de chaque charge. Le dispositif joue un r\u00f4le important dans l&rsquo;environnement car il permet \u00e0 la machine de travailler avec le moins de mati\u00e8re plastique possible, \u00e9vitant ainsi tout gaspillage.<\/p>\n<\/div>\n<\/div>\n\n\n\n<div class=\"wp-block-columns is-layout-flex wp-container-core-columns-is-layout-2 wp-block-columns-is-layout-flex\">\n<div class=\"wp-block-column is-layout-flow wp-block-column-is-layout-flow\"><div class=\"wp-block-getwid-images-slider has-arrows-inside has-dots-inside has-images-center has-cropped-images has-fixed-height\"><div class=\"wp-block-getwid-images-slider__wrapper\" data-effect=\"fade\" data-slides-show=\"1\" data-slides-show-laptop=\"1\" data-slides-show-tablet=\"1\" data-slides-show-mobile=\"1\" data-slides-scroll=\"1\" data-autoplay=\"true\" data-autoplay-speed=\"5000\" data-infinite=\"true\" data-animation-speed=\"800\" data-center-mode=\"false\" data-variable-width=\"false\" data-arrows=\"inside\" data-dots=\"inside\" data-spacing=\"none\"><div class=\"wp-block-getwid-images-slider__item\" style=\"height:350px\"><figure><img loading=\"lazy\" decoding=\"async\" width=\"1200\" height=\"800\" src=\"https:\/\/www.stretchhood.it\/wp-content\/uploads\/2021\/12\/image-industries-paper-and-cardboard-b-01.jpg\" data-id=\"2304\" data-link=\"https:\/\/www.stretchhood.it\/industries\/paper-and-cardboard\/attachment\/image-industries-paper-and-cardboard-b-01\/\" data-original-link=\"https:\/\/www.stretchhood.it\/wp-content\/uploads\/2021\/12\/image-industries-paper-and-cardboard-b-01.jpg\" class=\"wp-block-getwid-images-slider__image wp-image-2304\" srcset=\"https:\/\/www.stretchhood.it\/wp-content\/uploads\/2021\/12\/image-industries-paper-and-cardboard-b-01.jpg 1200w, https:\/\/www.stretchhood.it\/wp-content\/uploads\/2021\/12\/image-industries-paper-and-cardboard-b-01-980x653.jpg 980w, https:\/\/www.stretchhood.it\/wp-content\/uploads\/2021\/12\/image-industries-paper-and-cardboard-b-01-480x320.jpg 480w\" sizes=\"(min-width: 0px) and (max-width: 480px) 480px, (min-width: 481px) and (max-width: 980px) 980px, (min-width: 981px) 1200px, 100vw\" \/><\/figure><\/div><div class=\"wp-block-getwid-images-slider__item\" style=\"height:350px\"><figure><img loading=\"lazy\" decoding=\"async\" width=\"1200\" height=\"800\" src=\"https:\/\/www.stretchhood.it\/wp-content\/uploads\/2021\/12\/image-industries-paper-and-cardboard-b-02.jpg\" data-id=\"2305\" data-link=\"https:\/\/www.stretchhood.it\/industries\/paper-and-cardboard\/attachment\/image-industries-paper-and-cardboard-b-02\/\" data-original-link=\"https:\/\/www.stretchhood.it\/wp-content\/uploads\/2021\/12\/image-industries-paper-and-cardboard-b-02.jpg\" class=\"wp-block-getwid-images-slider__image wp-image-2305\" srcset=\"https:\/\/www.stretchhood.it\/wp-content\/uploads\/2021\/12\/image-industries-paper-and-cardboard-b-02.jpg 1200w, https:\/\/www.stretchhood.it\/wp-content\/uploads\/2021\/12\/image-industries-paper-and-cardboard-b-02-980x653.jpg 980w, https:\/\/www.stretchhood.it\/wp-content\/uploads\/2021\/12\/image-industries-paper-and-cardboard-b-02-480x320.jpg 480w\" sizes=\"(min-width: 0px) and (max-width: 480px) 480px, (min-width: 481px) and (max-width: 980px) 980px, (min-width: 981px) 1200px, 100vw\" \/><\/figure><\/div><div class=\"wp-block-getwid-images-slider__item\" style=\"height:350px\"><figure><img loading=\"lazy\" decoding=\"async\" width=\"1200\" height=\"800\" src=\"https:\/\/www.stretchhood.it\/wp-content\/uploads\/2021\/12\/image-industries-paper-and-cardboard-b-03.jpg\" data-id=\"2306\" data-link=\"https:\/\/www.stretchhood.it\/industries\/paper-and-cardboard\/attachment\/image-industries-paper-and-cardboard-b-03\/\" data-original-link=\"https:\/\/www.stretchhood.it\/wp-content\/uploads\/2021\/12\/image-industries-paper-and-cardboard-b-03.jpg\" class=\"wp-block-getwid-images-slider__image wp-image-2306\" srcset=\"https:\/\/www.stretchhood.it\/wp-content\/uploads\/2021\/12\/image-industries-paper-and-cardboard-b-03.jpg 1200w, https:\/\/www.stretchhood.it\/wp-content\/uploads\/2021\/12\/image-industries-paper-and-cardboard-b-03-980x653.jpg 980w, https:\/\/www.stretchhood.it\/wp-content\/uploads\/2021\/12\/image-industries-paper-and-cardboard-b-03-480x320.jpg 480w\" sizes=\"(min-width: 0px) and (max-width: 480px) 480px, (min-width: 481px) and (max-width: 980px) 980px, (min-width: 981px) 1200px, 100vw\" \/><\/figure><\/div><div class=\"wp-block-getwid-images-slider__item\" style=\"height:350px\"><figure><img loading=\"lazy\" decoding=\"async\" width=\"1200\" height=\"800\" src=\"https:\/\/www.stretchhood.it\/wp-content\/uploads\/2021\/12\/image-industries-paper-and-cardboard-b-04.jpg\" data-id=\"2307\" data-link=\"https:\/\/www.stretchhood.it\/industries\/paper-and-cardboard\/attachment\/image-industries-paper-and-cardboard-b-04\/\" data-original-link=\"https:\/\/www.stretchhood.it\/wp-content\/uploads\/2021\/12\/image-industries-paper-and-cardboard-b-04.jpg\" class=\"wp-block-getwid-images-slider__image wp-image-2307\" srcset=\"https:\/\/www.stretchhood.it\/wp-content\/uploads\/2021\/12\/image-industries-paper-and-cardboard-b-04.jpg 1200w, https:\/\/www.stretchhood.it\/wp-content\/uploads\/2021\/12\/image-industries-paper-and-cardboard-b-04-980x653.jpg 980w, https:\/\/www.stretchhood.it\/wp-content\/uploads\/2021\/12\/image-industries-paper-and-cardboard-b-04-480x320.jpg 480w\" sizes=\"(min-width: 0px) and (max-width: 480px) 480px, (min-width: 481px) and (max-width: 980px) 980px, (min-width: 981px) 1200px, 100vw\" \/><\/figure><\/div><\/div><\/div>\r\n<\/div>\n\n\n\n<div class=\"wp-block-column is-layout-flow wp-block-column-is-layout-flow\">\n<h3 class=\"wp-block-heading\">Conditionnement \u00e9tanche \u00e0 l&rsquo;eau et \u00e0 la poussi\u00e8re<\/h3>\n\n\n\n<p>Le houssage est id\u00e9al pour les charges constitu\u00e9es de papier ou de carton, puisque la housse n&rsquo;alt\u00e8re pas la forme de la marchandise; en effet, aucune pression n&rsquo;est exerc\u00e9e et il n&rsquo;y a donc aucun risque d&rsquo;endommager la charge.<\/p>\n\n\n\n<p>La\u00a0<a href=\"\/fr\/systemes-d-emballage\/housseuse-a-housse-etirable\/\">technologie \u00e9prouv\u00e9e<\/a>\u00a0de Bocedi garantit une protection parfaite contre la poussi\u00e8re et l&rsquo;eau sur 5-6 c\u00f4t\u00e9s de la charge ainsi qu&rsquo;une grande stabilit\u00e9 de la palette. Les machines sont con\u00e7ues pour fonctionner avec des films fins et personnalisables.<\/p>\n\n\n\n<p>Un dispositif automatique d&rsquo;insertion de corni\u00e8res est disponible pour prot\u00e9ger davantage la charge.<\/p>\n<\/div>\n<\/div>\n<\/div>\n","protected":false},"excerpt":{"rendered":"<p>Flexibilit\u00e9 4200 tailles de palettes diff\u00e9rentes? Pas de probl\u00e8mes, nous pouvons tous les g\u00e9rer avec une seule machine. La technologie de\u00a0houssage \u00e0 \u00e9tirement\u00a0est la technologie gagnante pour r\u00e9pondre de la mani\u00e8re la plus comp\u00e9titive \u00e0 la grande vari\u00e9t\u00e9 de tailles de palettes \u00e0 conditionner. La housseuse sous housse \u00e9tirable Bocedi\u00a0FB2000\u00a0peut \u00eatre \u00e9quip\u00e9e de 6 bobines [&hellip;]<\/p>\n","protected":false},"author":1,"featured_media":2800,"parent":3988,"menu_order":0,"comment_status":"closed","ping_status":"closed","template":"","meta":{"_acf_changed":false,"_et_pb_use_builder":"","_et_pb_old_content":"","_et_gb_content_width":"","footnotes":""},"acf":[],"yoast_head":"<!-- This site is optimized with the Yoast SEO plugin v22.7 - https:\/\/yoast.com\/wordpress\/plugins\/seo\/ -->\n<title>Papier et Carton - Bocedi srl<\/title>\n<meta name=\"description\" content=\"La technologie de housseuse Bocedi c&#039;est parfait pour l&#039;industrie du papier et du carton: papier, presse, carton, carton ondul\u00e9 et plus encore...\" \/>\n<meta name=\"robots\" content=\"index, follow, max-snippet:-1, max-image-preview:large, max-video-preview:-1\" \/>\n<link rel=\"canonical\" href=\"https:\/\/mail.stretchhood.it\/fr\/industries\/papier-et-carton\/\" \/>\n<meta property=\"og:locale\" content=\"fr_FR\" \/>\n<meta property=\"og:type\" content=\"article\" \/>\n<meta property=\"og:title\" content=\"Papier et Carton - Bocedi srl\" \/>\n<meta property=\"og:description\" content=\"La technologie de housseuse Bocedi c&#039;est parfait pour l&#039;industrie du papier et du carton: papier, presse, carton, carton ondul\u00e9 et plus encore...\" \/>\n<meta property=\"og:url\" content=\"https:\/\/mail.stretchhood.it\/fr\/industries\/papier-et-carton\/\" \/>\n<meta property=\"og:site_name\" content=\"Bocedi srl\" \/>\n<meta property=\"article:modified_time\" content=\"2021-12-30T12:05:40+00:00\" \/>\n<meta property=\"og:image\" content=\"https:\/\/bocedisrl.com\/wp-content\/uploads\/2021\/12\/banner-industries-paper-and-cardboard.jpg\" \/>\n\t<meta property=\"og:image:width\" content=\"1200\" \/>\n\t<meta property=\"og:image:height\" content=\"800\" \/>\n\t<meta property=\"og:image:type\" content=\"image\/jpeg\" \/>\n<meta name=\"twitter:card\" content=\"summary_large_image\" \/>\n<meta name=\"twitter:label1\" content=\"Dur\u00e9e de lecture estim\u00e9e\" \/>\n\t<meta name=\"twitter:data1\" content=\"1 minute\" \/>\n<script type=\"application\/ld+json\" class=\"yoast-schema-graph\">{\"@context\":\"https:\/\/schema.org\",\"@graph\":[{\"@type\":\"WebPage\",\"@id\":\"https:\/\/mail.stretchhood.it\/fr\/industries\/papier-et-carton\/\",\"url\":\"https:\/\/mail.stretchhood.it\/fr\/industries\/papier-et-carton\/\",\"name\":\"Papier et Carton - Bocedi srl\",\"isPartOf\":{\"@id\":\"https:\/\/www.stretchhood.it\/#website\"},\"primaryImageOfPage\":{\"@id\":\"https:\/\/mail.stretchhood.it\/fr\/industries\/papier-et-carton\/#primaryimage\"},\"image\":{\"@id\":\"https:\/\/mail.stretchhood.it\/fr\/industries\/papier-et-carton\/#primaryimage\"},\"thumbnailUrl\":\"https:\/\/mail.stretchhood.it\/wp-content\/uploads\/2021\/12\/banner-industries-paper-and-cardboard.jpg\",\"datePublished\":\"2021-11-30T13:18:46+00:00\",\"dateModified\":\"2021-12-30T12:05:40+00:00\",\"description\":\"La technologie de housseuse Bocedi c'est parfait pour l'industrie du papier et du carton: papier, presse, carton, carton ondul\u00e9 et plus encore...\",\"breadcrumb\":{\"@id\":\"https:\/\/mail.stretchhood.it\/fr\/industries\/papier-et-carton\/#breadcrumb\"},\"inLanguage\":\"fr-FR\",\"potentialAction\":[{\"@type\":\"ReadAction\",\"target\":[\"https:\/\/mail.stretchhood.it\/fr\/industries\/papier-et-carton\/\"]}]},{\"@type\":\"ImageObject\",\"inLanguage\":\"fr-FR\",\"@id\":\"https:\/\/mail.stretchhood.it\/fr\/industries\/papier-et-carton\/#primaryimage\",\"url\":\"https:\/\/mail.stretchhood.it\/wp-content\/uploads\/2021\/12\/banner-industries-paper-and-cardboard.jpg\",\"contentUrl\":\"https:\/\/mail.stretchhood.it\/wp-content\/uploads\/2021\/12\/banner-industries-paper-and-cardboard.jpg\",\"width\":1200,\"height\":800},{\"@type\":\"BreadcrumbList\",\"@id\":\"https:\/\/mail.stretchhood.it\/fr\/industries\/papier-et-carton\/#breadcrumb\",\"itemListElement\":[{\"@type\":\"ListItem\",\"position\":1,\"name\":\"Home\",\"item\":\"https:\/\/www.stretchhood.it\/fr\/\"},{\"@type\":\"ListItem\",\"position\":2,\"name\":\"Industries\",\"item\":\"https:\/\/mail.stretchhood.it\/fr\/industries\/\"},{\"@type\":\"ListItem\",\"position\":3,\"name\":\"Papier et Carton\"}]},{\"@type\":\"WebSite\",\"@id\":\"https:\/\/www.stretchhood.it\/#website\",\"url\":\"https:\/\/www.stretchhood.it\/\",\"name\":\"Bocedi srl\",\"description\":\"Pallet Packaging Systems\",\"publisher\":{\"@id\":\"https:\/\/www.stretchhood.it\/#organization\"},\"potentialAction\":[{\"@type\":\"SearchAction\",\"target\":{\"@type\":\"EntryPoint\",\"urlTemplate\":\"https:\/\/www.stretchhood.it\/?s={search_term_string}\"},\"query-input\":\"required name=search_term_string\"}],\"inLanguage\":\"fr-FR\"},{\"@type\":\"Organization\",\"@id\":\"https:\/\/www.stretchhood.it\/#organization\",\"name\":\"Bocedi srl\",\"url\":\"https:\/\/www.stretchhood.it\/\",\"logo\":{\"@type\":\"ImageObject\",\"inLanguage\":\"fr-FR\",\"@id\":\"https:\/\/www.stretchhood.it\/#\/schema\/logo\/image\/\",\"url\":\"https:\/\/www.bocedisrl.com\/wp-content\/uploads\/2021\/11\/logo-bocedi.png\",\"contentUrl\":\"https:\/\/www.bocedisrl.com\/wp-content\/uploads\/2021\/11\/logo-bocedi.png\",\"width\":800,\"height\":480,\"caption\":\"Bocedi srl\"},\"image\":{\"@id\":\"https:\/\/www.stretchhood.it\/#\/schema\/logo\/image\/\"}}]}<\/script>\n<!-- \/ Yoast SEO plugin. -->","yoast_head_json":{"title":"Papier et Carton - Bocedi srl","description":"La technologie de housseuse Bocedi c'est parfait pour l'industrie du papier et du carton: papier, presse, carton, carton ondul\u00e9 et plus encore...","robots":{"index":"index","follow":"follow","max-snippet":"max-snippet:-1","max-image-preview":"max-image-preview:large","max-video-preview":"max-video-preview:-1"},"canonical":"https:\/\/mail.stretchhood.it\/fr\/industries\/papier-et-carton\/","og_locale":"fr_FR","og_type":"article","og_title":"Papier et Carton - Bocedi srl","og_description":"La technologie de housseuse Bocedi c'est parfait pour l'industrie du papier et du carton: papier, presse, carton, carton ondul\u00e9 et plus encore...","og_url":"https:\/\/mail.stretchhood.it\/fr\/industries\/papier-et-carton\/","og_site_name":"Bocedi srl","article_modified_time":"2021-12-30T12:05:40+00:00","og_image":[{"width":1200,"height":800,"url":"https:\/\/bocedisrl.com\/wp-content\/uploads\/2021\/12\/banner-industries-paper-and-cardboard.jpg","type":"image\/jpeg"}],"twitter_card":"summary_large_image","twitter_misc":{"Dur\u00e9e de lecture estim\u00e9e":"1 minute"},"schema":{"@context":"https:\/\/schema.org","@graph":[{"@type":"WebPage","@id":"https:\/\/mail.stretchhood.it\/fr\/industries\/papier-et-carton\/","url":"https:\/\/mail.stretchhood.it\/fr\/industries\/papier-et-carton\/","name":"Papier et Carton - Bocedi srl","isPartOf":{"@id":"https:\/\/www.stretchhood.it\/#website"},"primaryImageOfPage":{"@id":"https:\/\/mail.stretchhood.it\/fr\/industries\/papier-et-carton\/#primaryimage"},"image":{"@id":"https:\/\/mail.stretchhood.it\/fr\/industries\/papier-et-carton\/#primaryimage"},"thumbnailUrl":"https:\/\/mail.stretchhood.it\/wp-content\/uploads\/2021\/12\/banner-industries-paper-and-cardboard.jpg","datePublished":"2021-11-30T13:18:46+00:00","dateModified":"2021-12-30T12:05:40+00:00","description":"La technologie de housseuse Bocedi c'est parfait pour l'industrie du papier et du carton: papier, presse, carton, carton ondul\u00e9 et plus encore...","breadcrumb":{"@id":"https:\/\/mail.stretchhood.it\/fr\/industries\/papier-et-carton\/#breadcrumb"},"inLanguage":"fr-FR","potentialAction":[{"@type":"ReadAction","target":["https:\/\/mail.stretchhood.it\/fr\/industries\/papier-et-carton\/"]}]},{"@type":"ImageObject","inLanguage":"fr-FR","@id":"https:\/\/mail.stretchhood.it\/fr\/industries\/papier-et-carton\/#primaryimage","url":"https:\/\/mail.stretchhood.it\/wp-content\/uploads\/2021\/12\/banner-industries-paper-and-cardboard.jpg","contentUrl":"https:\/\/mail.stretchhood.it\/wp-content\/uploads\/2021\/12\/banner-industries-paper-and-cardboard.jpg","width":1200,"height":800},{"@type":"BreadcrumbList","@id":"https:\/\/mail.stretchhood.it\/fr\/industries\/papier-et-carton\/#breadcrumb","itemListElement":[{"@type":"ListItem","position":1,"name":"Home","item":"https:\/\/www.stretchhood.it\/fr\/"},{"@type":"ListItem","position":2,"name":"Industries","item":"https:\/\/mail.stretchhood.it\/fr\/industries\/"},{"@type":"ListItem","position":3,"name":"Papier et Carton"}]},{"@type":"WebSite","@id":"https:\/\/www.stretchhood.it\/#website","url":"https:\/\/www.stretchhood.it\/","name":"Bocedi srl","description":"Pallet Packaging Systems","publisher":{"@id":"https:\/\/www.stretchhood.it\/#organization"},"potentialAction":[{"@type":"SearchAction","target":{"@type":"EntryPoint","urlTemplate":"https:\/\/www.stretchhood.it\/?s={search_term_string}"},"query-input":"required name=search_term_string"}],"inLanguage":"fr-FR"},{"@type":"Organization","@id":"https:\/\/www.stretchhood.it\/#organization","name":"Bocedi srl","url":"https:\/\/www.stretchhood.it\/","logo":{"@type":"ImageObject","inLanguage":"fr-FR","@id":"https:\/\/www.stretchhood.it\/#\/schema\/logo\/image\/","url":"https:\/\/www.bocedisrl.com\/wp-content\/uploads\/2021\/11\/logo-bocedi.png","contentUrl":"https:\/\/www.bocedisrl.com\/wp-content\/uploads\/2021\/11\/logo-bocedi.png","width":800,"height":480,"caption":"Bocedi srl"},"image":{"@id":"https:\/\/www.stretchhood.it\/#\/schema\/logo\/image\/"}}]}},"_links":{"self":[{"href":"https:\/\/mail.stretchhood.it\/fr\/wp-json\/wp\/v2\/pages\/4487"}],"collection":[{"href":"https:\/\/mail.stretchhood.it\/fr\/wp-json\/wp\/v2\/pages"}],"about":[{"href":"https:\/\/mail.stretchhood.it\/fr\/wp-json\/wp\/v2\/types\/page"}],"author":[{"embeddable":true,"href":"https:\/\/mail.stretchhood.it\/fr\/wp-json\/wp\/v2\/users\/1"}],"replies":[{"embeddable":true,"href":"https:\/\/mail.stretchhood.it\/fr\/wp-json\/wp\/v2\/comments?post=4487"}],"version-history":[{"count":1,"href":"https:\/\/mail.stretchhood.it\/fr\/wp-json\/wp\/v2\/pages\/4487\/revisions"}],"predecessor-version":[{"id":4488,"href":"https:\/\/mail.stretchhood.it\/fr\/wp-json\/wp\/v2\/pages\/4487\/revisions\/4488"}],"up":[{"embeddable":true,"href":"https:\/\/mail.stretchhood.it\/fr\/wp-json\/wp\/v2\/pages\/3988"}],"wp:featuredmedia":[{"embeddable":true,"href":"https:\/\/mail.stretchhood.it\/fr\/wp-json\/wp\/v2\/media\/2800"}],"wp:attachment":[{"href":"https:\/\/mail.stretchhood.it\/fr\/wp-json\/wp\/v2\/media?parent=4487"}],"curies":[{"name":"wp","href":"https:\/\/api.w.org\/{rel}","templated":true}]}}