{"id":4396,"date":"2021-12-10T07:56:02","date_gmt":"2021-12-10T06:56:02","guid":{"rendered":"https:\/\/www.stretchhood.it\/sistemi-di-imballaggio\/termoretrazione\/ftb419\/"},"modified":"2021-12-30T12:26:56","modified_gmt":"2021-12-30T11:26:56","slug":"ftb419","status":"publish","type":"page","link":"https:\/\/mail.stretchhood.it\/it\/sistemi-di-imballaggio\/termoretrazione\/ftb419\/","title":{"rendered":"FTB419"},"content":{"rendered":"\n<div class=\"wp-block-columns is-layout-flex wp-container-core-columns-is-layout-1 wp-block-columns-is-layout-flex\">\n<div class=\"wp-block-column is-layout-flow wp-block-column-is-layout-flow\">\n<h3 class=\"wp-block-heading\">FTB419<\/h3>\n\n\n\n<p>La FT419 consente di effettuare l&#8217;intero processo di <a href=\"\/it\/sistemi-di-imballaggio\/termoretrazione\/incappucciatrici-termo\/\">incappucciamento<\/a>\u00a0e\u00a0<a href=\"\/it\/sistemi-di-imballaggio\/termoretrazione\/anelli-di-termoretrazione\/\">termoretrazione<\/a>\u00a0di carichi pallettizzati o palletless con un&#8217;unica macchina.<\/p>\n\n\n\n<h3 class=\"wp-block-heading\">Compatta<\/h3>\n\n\n\n<p>\u00c8 la soluzione perfetta quando gli spazi d&#8217;installazione sono limitati, la FT419 avendo entrambe le tecnologie in un&#8217;unica postazione ha una base estremamente compatta.<\/p>\n\n\n\n<p>La dimensione del carico viene identificata automaticamente permettendo al sistema di avanzamento film di preparare la plastica adatta, il cappuccio viene poi tagliato su misura del collo da ricoprire, riducendo cos\u00ec al minimo l&#8217;utilizzo della plastica necessaria.<\/p>\n\n\n\n<h3 class=\"wp-block-heading\">Sistema di ricircolo d&#8217;aria<\/h3>\n\n\n\n<p>Il processo di termoretrazione viene fatto per mezzo di un anello in acciaio inox che utilizza un sistema di aria calda parzialmente riciclata, che va a scaldare la plastica attorno al carico; il cappuccio plastico non entra in contatto con nessuna fiamma diretta; questo permette di mantenere intatta la resistenza e l&#8217;elasticit\u00e0 del film, e di ridurre i consumi energetici.<\/p>\n\n\n\n<h3 class=\"wp-block-heading\">Tecnologia all&#8217;avanguardia<\/h3>\n\n\n\n<p>La FT419 pu\u00f2 lavorare con qualsiasi tipo di gas a bassa pressione. La macchina \u00e8 disponibile anche in versione elettrica.<\/p>\n\n\n\n<p>Le incappucciatrici Bocedi sono conosciute per la loro velocit\u00e0 e flessibilit\u00e0; la FT419 rispecchia perfettamente gli standard aziendali. Pu\u00f2 essere configurata fino a sei bobine differenti di film e pu\u00f2 incappucciare fino a 100 pallet\/ora.<\/p>\n<\/div>\n\n\n\n<div class=\"wp-block-column is-layout-flow wp-block-column-is-layout-flow\"><div class=\"wp-block-getwid-images-slider has-arrows-inside has-dots-inside has-images-center has-cropped-images has-fixed-height\"><div class=\"wp-block-getwid-images-slider__wrapper\" data-effect=\"fade\" data-slides-show=\"1\" data-slides-show-laptop=\"1\" data-slides-show-tablet=\"1\" data-slides-show-mobile=\"1\" data-slides-scroll=\"1\" data-autoplay=\"true\" data-autoplay-speed=\"5000\" data-infinite=\"true\" data-animation-speed=\"800\" data-center-mode=\"false\" data-variable-width=\"false\" data-arrows=\"inside\" data-dots=\"inside\" data-spacing=\"none\"><div class=\"wp-block-getwid-images-slider__item\" style=\"height:350px\"><figure><img loading=\"lazy\" decoding=\"async\" width=\"1200\" height=\"800\" src=\"https:\/\/www.stretchhood.it\/wp-content\/uploads\/2021\/12\/image-ftb419-01.jpg\" data-id=\"2134\" data-link=\"https:\/\/www.stretchhood.it\/packaging-systems\/shrink-hood-machines\/ftb419\/attachment\/image-ftb419-01\/\" data-original-link=\"https:\/\/www.stretchhood.it\/wp-content\/uploads\/2021\/12\/image-ftb419-01.jpg\" class=\"wp-block-getwid-images-slider__image wp-image-2134\" srcset=\"https:\/\/www.stretchhood.it\/wp-content\/uploads\/2021\/12\/image-ftb419-01.jpg 1200w, https:\/\/www.stretchhood.it\/wp-content\/uploads\/2021\/12\/image-ftb419-01-980x653.jpg 980w, https:\/\/www.stretchhood.it\/wp-content\/uploads\/2021\/12\/image-ftb419-01-480x320.jpg 480w\" sizes=\"(min-width: 0px) and (max-width: 480px) 480px, (min-width: 481px) and (max-width: 980px) 980px, (min-width: 981px) 1200px, 100vw\" \/><\/figure><\/div><div class=\"wp-block-getwid-images-slider__item\" style=\"height:350px\"><figure><img loading=\"lazy\" decoding=\"async\" width=\"1200\" height=\"800\" src=\"https:\/\/www.stretchhood.it\/wp-content\/uploads\/2021\/12\/image-ftb419-02.jpg\" data-id=\"2135\" data-link=\"https:\/\/www.stretchhood.it\/packaging-systems\/shrink-hood-machines\/ftb419\/attachment\/image-ftb419-02\/\" data-original-link=\"https:\/\/www.stretchhood.it\/wp-content\/uploads\/2021\/12\/image-ftb419-02.jpg\" class=\"wp-block-getwid-images-slider__image wp-image-2135\" srcset=\"https:\/\/www.stretchhood.it\/wp-content\/uploads\/2021\/12\/image-ftb419-02.jpg 1200w, https:\/\/www.stretchhood.it\/wp-content\/uploads\/2021\/12\/image-ftb419-02-980x653.jpg 980w, https:\/\/www.stretchhood.it\/wp-content\/uploads\/2021\/12\/image-ftb419-02-480x320.jpg 480w\" sizes=\"(min-width: 0px) and (max-width: 480px) 480px, (min-width: 481px) and (max-width: 980px) 980px, (min-width: 981px) 1200px, 100vw\" \/><\/figure><\/div><div class=\"wp-block-getwid-images-slider__item\" style=\"height:350px\"><figure><img loading=\"lazy\" decoding=\"async\" width=\"1200\" height=\"800\" src=\"https:\/\/www.stretchhood.it\/wp-content\/uploads\/2021\/12\/image-ftb419-03.jpg\" data-id=\"2136\" data-link=\"https:\/\/www.stretchhood.it\/packaging-systems\/shrink-hood-machines\/ftb419\/attachment\/image-ftb419-03\/\" data-original-link=\"https:\/\/www.stretchhood.it\/wp-content\/uploads\/2021\/12\/image-ftb419-03.jpg\" class=\"wp-block-getwid-images-slider__image wp-image-2136\" srcset=\"https:\/\/www.stretchhood.it\/wp-content\/uploads\/2021\/12\/image-ftb419-03.jpg 1200w, https:\/\/www.stretchhood.it\/wp-content\/uploads\/2021\/12\/image-ftb419-03-980x653.jpg 980w, https:\/\/www.stretchhood.it\/wp-content\/uploads\/2021\/12\/image-ftb419-03-480x320.jpg 480w\" sizes=\"(min-width: 0px) and (max-width: 480px) 480px, (min-width: 481px) and (max-width: 980px) 980px, (min-width: 981px) 1200px, 100vw\" \/><\/figure><\/div><div class=\"wp-block-getwid-images-slider__item\" style=\"height:350px\"><figure><img loading=\"lazy\" decoding=\"async\" width=\"1200\" height=\"800\" src=\"https:\/\/www.stretchhood.it\/wp-content\/uploads\/2021\/12\/image-ftb419-04.jpg\" data-id=\"2137\" data-link=\"https:\/\/www.stretchhood.it\/packaging-systems\/shrink-hood-machines\/ftb419\/attachment\/image-ftb419-04\/\" data-original-link=\"https:\/\/www.stretchhood.it\/wp-content\/uploads\/2021\/12\/image-ftb419-04.jpg\" class=\"wp-block-getwid-images-slider__image wp-image-2137\" srcset=\"https:\/\/www.stretchhood.it\/wp-content\/uploads\/2021\/12\/image-ftb419-04.jpg 1200w, https:\/\/www.stretchhood.it\/wp-content\/uploads\/2021\/12\/image-ftb419-04-980x653.jpg 980w, https:\/\/www.stretchhood.it\/wp-content\/uploads\/2021\/12\/image-ftb419-04-480x320.jpg 480w\" sizes=\"(min-width: 0px) and (max-width: 480px) 480px, (min-width: 481px) and (max-width: 980px) 980px, (min-width: 981px) 1200px, 100vw\" \/><\/figure><\/div><div class=\"wp-block-getwid-images-slider__item\" style=\"height:350px\"><figure><img loading=\"lazy\" decoding=\"async\" width=\"1200\" height=\"800\" src=\"https:\/\/www.stretchhood.it\/wp-content\/uploads\/2021\/12\/image-ftb419-05.jpg\" data-id=\"2138\" data-link=\"https:\/\/www.stretchhood.it\/packaging-systems\/shrink-hood-machines\/ftb419\/attachment\/image-ftb419-05\/\" data-original-link=\"https:\/\/www.stretchhood.it\/wp-content\/uploads\/2021\/12\/image-ftb419-05.jpg\" class=\"wp-block-getwid-images-slider__image wp-image-2138\" srcset=\"https:\/\/www.stretchhood.it\/wp-content\/uploads\/2021\/12\/image-ftb419-05.jpg 1200w, https:\/\/www.stretchhood.it\/wp-content\/uploads\/2021\/12\/image-ftb419-05-980x653.jpg 980w, https:\/\/www.stretchhood.it\/wp-content\/uploads\/2021\/12\/image-ftb419-05-480x320.jpg 480w\" sizes=\"(min-width: 0px) and (max-width: 480px) 480px, (min-width: 481px) and (max-width: 980px) 980px, (min-width: 981px) 1200px, 100vw\" \/><\/figure><\/div><\/div><\/div>\r\n\n\n\n<h3 class=\"wp-block-heading\">Dati tecnici<\/h3>\n\n\n\n<figure class=\"wp-block-table is-style-stripes\"><table class=\"has-fixed-layout\"><tbody><tr><td>Capacit\u00e0<\/td><td>100\u00a0pallet\/ora<\/td><\/tr><tr><td>Dimensioni minime pallet<\/td><td>600&#215;800\u00a0mm<\/td><\/tr><tr><td>Dimensioni massime pallet<\/td><td>Su richiesta<\/td><\/tr><\/tbody><\/table><\/figure>\n\n\n\n<h3 class=\"wp-block-heading\">Finitura pallet<\/h3>\n\n\n<div class=\"wp-block-getwid-images-slider has-arrows-none has-dots-outside has-captions captions-underneath is-carousel has-slides-gap-normal has-images-top\"><div class=\"wp-block-getwid-images-slider__wrapper\" data-effect=\"slide\" data-slides-show=\"2\" data-slides-show-laptop=\"1\" data-slides-show-tablet=\"1\" data-slides-show-mobile=\"1\" data-slides-scroll=\"1\" data-autoplay=\"true\" data-autoplay-speed=\"5000\" data-infinite=\"false\" data-animation-speed=\"300\" data-center-mode=\"false\" data-variable-width=\"false\" data-arrows=\"none\" data-dots=\"outside\" data-spacing=\"normal\"><div class=\"wp-block-getwid-images-slider__item\"><figure><img loading=\"lazy\" decoding=\"async\" width=\"300\" height=\"300\" src=\"https:\/\/www.stretchhood.it\/wp-content\/uploads\/2021\/12\/sequence-pallet-finish-04.png\" data-id=\"1524\" data-link=\"https:\/\/www.stretchhood.it\/packaging-systems\/stretch-hood-machines\/fb1000\/attachment\/sequence-pallet-finish-04\/\" data-original-link=\"https:\/\/www.stretchhood.it\/wp-content\/uploads\/2021\/12\/sequence-pallet-finish-04.png\" class=\"wp-block-getwid-images-slider__image wp-image-1524\" srcset=\"https:\/\/mail.stretchhood.it\/wp-content\/uploads\/2021\/12\/sequence-pallet-finish-04.png 300w, https:\/\/mail.stretchhood.it\/wp-content\/uploads\/2021\/12\/sequence-pallet-finish-04-150x150.png 150w\" sizes=\"(max-width: 300px) 100vw, 300px\" \/><\/figure><\/div><div class=\"wp-block-getwid-images-slider__item\"><figure><img loading=\"lazy\" decoding=\"async\" width=\"300\" height=\"300\" src=\"https:\/\/www.stretchhood.it\/wp-content\/uploads\/2021\/12\/sequence-pallet-finish-05.png\" data-id=\"1525\" data-link=\"https:\/\/www.stretchhood.it\/packaging-systems\/stretch-hood-machines\/fb1000\/attachment\/sequence-pallet-finish-05\/\" data-original-link=\"https:\/\/www.stretchhood.it\/wp-content\/uploads\/2021\/12\/sequence-pallet-finish-05.png\" class=\"wp-block-getwid-images-slider__image wp-image-1525\" srcset=\"https:\/\/mail.stretchhood.it\/wp-content\/uploads\/2021\/12\/sequence-pallet-finish-05.png 300w, https:\/\/mail.stretchhood.it\/wp-content\/uploads\/2021\/12\/sequence-pallet-finish-05-150x150.png 150w\" sizes=\"(max-width: 300px) 100vw, 300px\" \/><\/figure><\/div><div class=\"wp-block-getwid-images-slider__item\"><figure><img loading=\"lazy\" decoding=\"async\" width=\"300\" height=\"300\" src=\"https:\/\/www.stretchhood.it\/wp-content\/uploads\/2021\/12\/sequence-pallet-finish-07.png\" data-id=\"1527\" data-link=\"https:\/\/www.stretchhood.it\/packaging-systems\/stretch-hood-machines\/fb1000\/attachment\/sequence-pallet-finish-07\/\" data-original-link=\"https:\/\/www.stretchhood.it\/wp-content\/uploads\/2021\/12\/sequence-pallet-finish-07.png\" class=\"wp-block-getwid-images-slider__image wp-image-1527\" srcset=\"https:\/\/mail.stretchhood.it\/wp-content\/uploads\/2021\/12\/sequence-pallet-finish-07.png 300w, https:\/\/mail.stretchhood.it\/wp-content\/uploads\/2021\/12\/sequence-pallet-finish-07-150x150.png 150w\" sizes=\"(max-width: 300px) 100vw, 300px\" \/><\/figure><\/div><div class=\"wp-block-getwid-images-slider__item\"><figure><img loading=\"lazy\" decoding=\"async\" width=\"300\" height=\"300\" src=\"https:\/\/www.stretchhood.it\/wp-content\/uploads\/2021\/12\/sequence-pallet-finish-09.png\" data-id=\"1529\" data-link=\"https:\/\/www.stretchhood.it\/packaging-systems\/stretch-hood-machines\/fb1000\/attachment\/sequence-pallet-finish-09\/\" data-original-link=\"https:\/\/www.stretchhood.it\/wp-content\/uploads\/2021\/12\/sequence-pallet-finish-09.png\" class=\"wp-block-getwid-images-slider__image wp-image-1529\" srcset=\"https:\/\/mail.stretchhood.it\/wp-content\/uploads\/2021\/12\/sequence-pallet-finish-09.png 300w, https:\/\/mail.stretchhood.it\/wp-content\/uploads\/2021\/12\/sequence-pallet-finish-09-150x150.png 150w\" sizes=\"(max-width: 300px) 100vw, 300px\" \/><\/figure><\/div><\/div><\/div>\r\n\n\n\n<div class=\"wp-block-buttons is-layout-flex wp-block-buttons-is-layout-flex\">\n<div class=\"wp-block-button button-quotation\"><a class=\"wp-block-button__link\" href=\"\/it\/contatti\/\">Richiedi un Preventivo<\/a><\/div>\n\n\n\n<div class=\"wp-block-button button-pdf\"><a class=\"wp-block-button__link\">Scarica Catalogo<\/a><\/div>\n\n\n\n<div class=\"wp-block-button button-video\"><a class=\"wp-block-button__link\">Guarda il Video<\/a><\/div>\n<\/div>\n\n\n\n<figure class=\"wp-block-video watch-video\"><video controls=\"\" poster=\"https:\/\/www.stretchhood.it\/wp-content\/uploads\/2021\/12\/video-thumb.jpg\" src=\"\/wp-content\/uploads\/video\/video-ftb419.mp4\"><\/video><\/figure>\n<\/div>\n<\/div>\n","protected":false},"excerpt":{"rendered":"<p>FTB419 La FT419 consente di effettuare l&#8217;intero processo di incappucciamento\u00a0e\u00a0termoretrazione\u00a0di carichi pallettizzati o palletless con un&#8217;unica macchina. Compatta \u00c8 la soluzione perfetta quando gli spazi d&#8217;installazione sono limitati, la FT419 avendo entrambe le tecnologie in un&#8217;unica postazione ha una base estremamente compatta. La dimensione del carico viene identificata automaticamente permettendo al sistema di avanzamento film [&hellip;]<\/p>\n","protected":false},"author":1,"featured_media":2888,"parent":4169,"menu_order":0,"comment_status":"closed","ping_status":"closed","template":"","meta":{"_acf_changed":false,"_et_pb_use_builder":"off","_et_pb_old_content":"","_et_gb_content_width":"","footnotes":""},"acf":[],"yoast_head":"<!-- This site is optimized with the Yoast SEO plugin v22.7 - https:\/\/yoast.com\/wordpress\/plugins\/seo\/ -->\n<title>FTB419 - Bocedi srl<\/title>\n<meta name=\"description\" content=\"La Bocedi FTB419 consente di effettuare incappucciamento e termoretrazione in un unico luogo. Max 100 pallet\/ora e dimensione su richiesta.\" \/>\n<meta name=\"robots\" content=\"index, follow, max-snippet:-1, max-image-preview:large, max-video-preview:-1\" \/>\n<link rel=\"canonical\" href=\"https:\/\/mail.stretchhood.it\/it\/sistemi-di-imballaggio\/termoretrazione\/ftb419\/\" \/>\n<meta property=\"og:locale\" content=\"it_IT\" \/>\n<meta property=\"og:type\" content=\"article\" \/>\n<meta property=\"og:title\" content=\"FTB419 - Bocedi srl\" \/>\n<meta property=\"og:description\" content=\"La Bocedi FTB419 consente di effettuare incappucciamento e termoretrazione in un unico luogo. Max 100 pallet\/ora e dimensione su richiesta.\" \/>\n<meta property=\"og:url\" content=\"https:\/\/mail.stretchhood.it\/it\/sistemi-di-imballaggio\/termoretrazione\/ftb419\/\" \/>\n<meta property=\"og:site_name\" content=\"Bocedi srl\" \/>\n<meta property=\"article:modified_time\" content=\"2021-12-30T11:26:56+00:00\" \/>\n<meta property=\"og:image\" content=\"https:\/\/www.stretchhood.it\/wp-content\/uploads\/2021\/12\/3d-ftb419.jpg\" \/>\n\t<meta property=\"og:image:width\" content=\"1200\" \/>\n\t<meta property=\"og:image:height\" content=\"800\" \/>\n\t<meta property=\"og:image:type\" content=\"image\/jpeg\" \/>\n<meta name=\"twitter:card\" content=\"summary_large_image\" \/>\n<meta name=\"twitter:label1\" content=\"Tempo di lettura stimato\" \/>\n\t<meta name=\"twitter:data1\" content=\"1 minuto\" \/>\n<script type=\"application\/ld+json\" class=\"yoast-schema-graph\">{\"@context\":\"https:\/\/schema.org\",\"@graph\":[{\"@type\":\"WebPage\",\"@id\":\"https:\/\/mail.stretchhood.it\/it\/sistemi-di-imballaggio\/termoretrazione\/ftb419\/\",\"url\":\"https:\/\/mail.stretchhood.it\/it\/sistemi-di-imballaggio\/termoretrazione\/ftb419\/\",\"name\":\"FTB419 - Bocedi srl\",\"isPartOf\":{\"@id\":\"https:\/\/www.stretchhood.it\/#website\"},\"primaryImageOfPage\":{\"@id\":\"https:\/\/mail.stretchhood.it\/it\/sistemi-di-imballaggio\/termoretrazione\/ftb419\/#primaryimage\"},\"image\":{\"@id\":\"https:\/\/mail.stretchhood.it\/it\/sistemi-di-imballaggio\/termoretrazione\/ftb419\/#primaryimage\"},\"thumbnailUrl\":\"https:\/\/mail.stretchhood.it\/wp-content\/uploads\/2021\/12\/3d-ftb419.jpg\",\"datePublished\":\"2021-12-10T06:56:02+00:00\",\"dateModified\":\"2021-12-30T11:26:56+00:00\",\"description\":\"La Bocedi FTB419 consente di effettuare incappucciamento e termoretrazione in un unico luogo. Max 100 pallet\/ora e dimensione su richiesta.\",\"breadcrumb\":{\"@id\":\"https:\/\/mail.stretchhood.it\/it\/sistemi-di-imballaggio\/termoretrazione\/ftb419\/#breadcrumb\"},\"inLanguage\":\"it-IT\",\"potentialAction\":[{\"@type\":\"ReadAction\",\"target\":[\"https:\/\/mail.stretchhood.it\/it\/sistemi-di-imballaggio\/termoretrazione\/ftb419\/\"]}]},{\"@type\":\"ImageObject\",\"inLanguage\":\"it-IT\",\"@id\":\"https:\/\/mail.stretchhood.it\/it\/sistemi-di-imballaggio\/termoretrazione\/ftb419\/#primaryimage\",\"url\":\"https:\/\/mail.stretchhood.it\/wp-content\/uploads\/2021\/12\/3d-ftb419.jpg\",\"contentUrl\":\"https:\/\/mail.stretchhood.it\/wp-content\/uploads\/2021\/12\/3d-ftb419.jpg\",\"width\":1200,\"height\":800},{\"@type\":\"BreadcrumbList\",\"@id\":\"https:\/\/mail.stretchhood.it\/it\/sistemi-di-imballaggio\/termoretrazione\/ftb419\/#breadcrumb\",\"itemListElement\":[{\"@type\":\"ListItem\",\"position\":1,\"name\":\"Home\",\"item\":\"https:\/\/www.stretchhood.it\/it\/\"},{\"@type\":\"ListItem\",\"position\":2,\"name\":\"Sistemi di Imballaggio\",\"item\":\"https:\/\/www.stretchhood.it\/it\/sistemi-di-imballaggio\/\"},{\"@type\":\"ListItem\",\"position\":3,\"name\":\"Termo\u00ad&shy;retrazione\",\"item\":\"https:\/\/mail.stretchhood.it\/it\/sistemi-di-imballaggio\/termoretrazione\/\"},{\"@type\":\"ListItem\",\"position\":4,\"name\":\"FTB419\"}]},{\"@type\":\"WebSite\",\"@id\":\"https:\/\/www.stretchhood.it\/#website\",\"url\":\"https:\/\/www.stretchhood.it\/\",\"name\":\"Bocedi srl\",\"description\":\"Pallet Packaging Systems\",\"publisher\":{\"@id\":\"https:\/\/www.stretchhood.it\/#organization\"},\"potentialAction\":[{\"@type\":\"SearchAction\",\"target\":{\"@type\":\"EntryPoint\",\"urlTemplate\":\"https:\/\/www.stretchhood.it\/?s={search_term_string}\"},\"query-input\":\"required name=search_term_string\"}],\"inLanguage\":\"it-IT\"},{\"@type\":\"Organization\",\"@id\":\"https:\/\/www.stretchhood.it\/#organization\",\"name\":\"Bocedi srl\",\"url\":\"https:\/\/www.stretchhood.it\/\",\"logo\":{\"@type\":\"ImageObject\",\"inLanguage\":\"it-IT\",\"@id\":\"https:\/\/www.stretchhood.it\/#\/schema\/logo\/image\/\",\"url\":\"https:\/\/www.bocedisrl.com\/wp-content\/uploads\/2021\/11\/logo-bocedi.png\",\"contentUrl\":\"https:\/\/www.bocedisrl.com\/wp-content\/uploads\/2021\/11\/logo-bocedi.png\",\"width\":800,\"height\":480,\"caption\":\"Bocedi srl\"},\"image\":{\"@id\":\"https:\/\/www.stretchhood.it\/#\/schema\/logo\/image\/\"}}]}<\/script>\n<!-- \/ Yoast SEO plugin. -->","yoast_head_json":{"title":"FTB419 - Bocedi srl","description":"La Bocedi FTB419 consente di effettuare incappucciamento e termoretrazione in un unico luogo. Max 100 pallet\/ora e dimensione su richiesta.","robots":{"index":"index","follow":"follow","max-snippet":"max-snippet:-1","max-image-preview":"max-image-preview:large","max-video-preview":"max-video-preview:-1"},"canonical":"https:\/\/mail.stretchhood.it\/it\/sistemi-di-imballaggio\/termoretrazione\/ftb419\/","og_locale":"it_IT","og_type":"article","og_title":"FTB419 - Bocedi srl","og_description":"La Bocedi FTB419 consente di effettuare incappucciamento e termoretrazione in un unico luogo. Max 100 pallet\/ora e dimensione su richiesta.","og_url":"https:\/\/mail.stretchhood.it\/it\/sistemi-di-imballaggio\/termoretrazione\/ftb419\/","og_site_name":"Bocedi srl","article_modified_time":"2021-12-30T11:26:56+00:00","og_image":[{"width":1200,"height":800,"url":"https:\/\/www.stretchhood.it\/wp-content\/uploads\/2021\/12\/3d-ftb419.jpg","type":"image\/jpeg"}],"twitter_card":"summary_large_image","twitter_misc":{"Tempo di lettura stimato":"1 minuto"},"schema":{"@context":"https:\/\/schema.org","@graph":[{"@type":"WebPage","@id":"https:\/\/mail.stretchhood.it\/it\/sistemi-di-imballaggio\/termoretrazione\/ftb419\/","url":"https:\/\/mail.stretchhood.it\/it\/sistemi-di-imballaggio\/termoretrazione\/ftb419\/","name":"FTB419 - Bocedi srl","isPartOf":{"@id":"https:\/\/www.stretchhood.it\/#website"},"primaryImageOfPage":{"@id":"https:\/\/mail.stretchhood.it\/it\/sistemi-di-imballaggio\/termoretrazione\/ftb419\/#primaryimage"},"image":{"@id":"https:\/\/mail.stretchhood.it\/it\/sistemi-di-imballaggio\/termoretrazione\/ftb419\/#primaryimage"},"thumbnailUrl":"https:\/\/mail.stretchhood.it\/wp-content\/uploads\/2021\/12\/3d-ftb419.jpg","datePublished":"2021-12-10T06:56:02+00:00","dateModified":"2021-12-30T11:26:56+00:00","description":"La Bocedi FTB419 consente di effettuare incappucciamento e termoretrazione in un unico luogo. Max 100 pallet\/ora e dimensione su richiesta.","breadcrumb":{"@id":"https:\/\/mail.stretchhood.it\/it\/sistemi-di-imballaggio\/termoretrazione\/ftb419\/#breadcrumb"},"inLanguage":"it-IT","potentialAction":[{"@type":"ReadAction","target":["https:\/\/mail.stretchhood.it\/it\/sistemi-di-imballaggio\/termoretrazione\/ftb419\/"]}]},{"@type":"ImageObject","inLanguage":"it-IT","@id":"https:\/\/mail.stretchhood.it\/it\/sistemi-di-imballaggio\/termoretrazione\/ftb419\/#primaryimage","url":"https:\/\/mail.stretchhood.it\/wp-content\/uploads\/2021\/12\/3d-ftb419.jpg","contentUrl":"https:\/\/mail.stretchhood.it\/wp-content\/uploads\/2021\/12\/3d-ftb419.jpg","width":1200,"height":800},{"@type":"BreadcrumbList","@id":"https:\/\/mail.stretchhood.it\/it\/sistemi-di-imballaggio\/termoretrazione\/ftb419\/#breadcrumb","itemListElement":[{"@type":"ListItem","position":1,"name":"Home","item":"https:\/\/www.stretchhood.it\/it\/"},{"@type":"ListItem","position":2,"name":"Sistemi di Imballaggio","item":"https:\/\/www.stretchhood.it\/it\/sistemi-di-imballaggio\/"},{"@type":"ListItem","position":3,"name":"Termo\u00ad&shy;retrazione","item":"https:\/\/mail.stretchhood.it\/it\/sistemi-di-imballaggio\/termoretrazione\/"},{"@type":"ListItem","position":4,"name":"FTB419"}]},{"@type":"WebSite","@id":"https:\/\/www.stretchhood.it\/#website","url":"https:\/\/www.stretchhood.it\/","name":"Bocedi srl","description":"Pallet Packaging Systems","publisher":{"@id":"https:\/\/www.stretchhood.it\/#organization"},"potentialAction":[{"@type":"SearchAction","target":{"@type":"EntryPoint","urlTemplate":"https:\/\/www.stretchhood.it\/?s={search_term_string}"},"query-input":"required name=search_term_string"}],"inLanguage":"it-IT"},{"@type":"Organization","@id":"https:\/\/www.stretchhood.it\/#organization","name":"Bocedi srl","url":"https:\/\/www.stretchhood.it\/","logo":{"@type":"ImageObject","inLanguage":"it-IT","@id":"https:\/\/www.stretchhood.it\/#\/schema\/logo\/image\/","url":"https:\/\/www.bocedisrl.com\/wp-content\/uploads\/2021\/11\/logo-bocedi.png","contentUrl":"https:\/\/www.bocedisrl.com\/wp-content\/uploads\/2021\/11\/logo-bocedi.png","width":800,"height":480,"caption":"Bocedi srl"},"image":{"@id":"https:\/\/www.stretchhood.it\/#\/schema\/logo\/image\/"}}]}},"_links":{"self":[{"href":"https:\/\/mail.stretchhood.it\/it\/wp-json\/wp\/v2\/pages\/4396"}],"collection":[{"href":"https:\/\/mail.stretchhood.it\/it\/wp-json\/wp\/v2\/pages"}],"about":[{"href":"https:\/\/mail.stretchhood.it\/it\/wp-json\/wp\/v2\/types\/page"}],"author":[{"embeddable":true,"href":"https:\/\/mail.stretchhood.it\/it\/wp-json\/wp\/v2\/users\/1"}],"replies":[{"embeddable":true,"href":"https:\/\/mail.stretchhood.it\/it\/wp-json\/wp\/v2\/comments?post=4396"}],"version-history":[{"count":3,"href":"https:\/\/mail.stretchhood.it\/it\/wp-json\/wp\/v2\/pages\/4396\/revisions"}],"predecessor-version":[{"id":4885,"href":"https:\/\/mail.stretchhood.it\/it\/wp-json\/wp\/v2\/pages\/4396\/revisions\/4885"}],"up":[{"embeddable":true,"href":"https:\/\/mail.stretchhood.it\/it\/wp-json\/wp\/v2\/pages\/4169"}],"wp:featuredmedia":[{"embeddable":true,"href":"https:\/\/mail.stretchhood.it\/it\/wp-json\/wp\/v2\/media\/2888"}],"wp:attachment":[{"href":"https:\/\/mail.stretchhood.it\/it\/wp-json\/wp\/v2\/media?parent=4396"}],"curies":[{"name":"wp","href":"https:\/\/api.w.org\/{rel}","templated":true}]}}