{"id":4420,"date":"2021-11-29T10:39:25","date_gmt":"2021-11-29T09:39:25","guid":{"rendered":"https:\/\/www.stretchhood.it\/servizi\/"},"modified":"2021-12-30T12:30:47","modified_gmt":"2021-12-30T11:30:47","slug":"servizi","status":"publish","type":"page","link":"https:\/\/mail.stretchhood.it\/it\/servizi\/","title":{"rendered":"Servizi"},"content":{"rendered":"\n<div class=\"wp-block-group alternating-columns is-layout-flow wp-block-group-is-layout-flow\">\n<div class=\"wp-block-columns is-layout-flex wp-container-core-columns-is-layout-1 wp-block-columns-is-layout-flex\" id=\"01\">\n<div class=\"wp-block-column is-layout-flow wp-block-column-is-layout-flow\"><div class=\"wp-block-getwid-images-slider has-arrows-inside has-dots-inside has-images-center has-cropped-images has-fixed-height\"><div class=\"wp-block-getwid-images-slider__wrapper\" data-effect=\"fade\" data-slides-show=\"1\" data-slides-show-laptop=\"1\" data-slides-show-tablet=\"1\" data-slides-show-mobile=\"1\" data-slides-scroll=\"1\" data-autoplay=\"true\" data-autoplay-speed=\"5000\" data-infinite=\"true\" data-animation-speed=\"800\" data-center-mode=\"false\" data-variable-width=\"false\" data-arrows=\"inside\" data-dots=\"inside\" data-spacing=\"none\"><div class=\"wp-block-getwid-images-slider__item\" style=\"height:350px\"><figure><img loading=\"lazy\" decoding=\"async\" width=\"1200\" height=\"800\" src=\"https:\/\/www.stretchhood.it\/wp-content\/uploads\/2021\/12\/image-services-01.jpg\" data-id=\"2035\" data-link=\"https:\/\/www.stretchhood.it\/services\/attachment\/image-services-01\/\" data-original-link=\"https:\/\/www.stretchhood.it\/wp-content\/uploads\/2021\/12\/image-services-01.jpg\" class=\"wp-block-getwid-images-slider__image wp-image-2035\" srcset=\"https:\/\/www.stretchhood.it\/wp-content\/uploads\/2021\/12\/image-services-01.jpg 1200w, https:\/\/www.stretchhood.it\/wp-content\/uploads\/2021\/12\/image-services-01-980x653.jpg 980w, https:\/\/www.stretchhood.it\/wp-content\/uploads\/2021\/12\/image-services-01-480x320.jpg 480w\" sizes=\"(min-width: 0px) and (max-width: 480px) 480px, (min-width: 481px) and (max-width: 980px) 980px, (min-width: 981px) 1200px, 100vw\" \/><\/figure><\/div><\/div><\/div>\r\n<\/div>\n\n\n\n<div class=\"wp-block-column is-layout-flow wp-block-column-is-layout-flow\">\n<h3 class=\"wp-block-heading\">Fatti su misura<\/h3>\n\n\n\n<p>Bocedi produce\u00a0<a href=\"\/it\/sistemi-di-imballaggio\/\">soluzioni per l&#8217;imballaggio<\/a>\u00a0di fine linea costruite attorno ai requisiti della propria clientela.<\/p>\n\n\n\n<p>Tutte le configurazioni d&#8217;impianto diventano standard in Bocedi quando riescono a soddisfare i bisogni dei clienti.<\/p>\n\n\n\n<p>Il team tecnico dedicato analizzer\u00e0 le specifiche richieste di ogni cliente e proporr\u00e0 la miglior soluzione scegliendo dalla gamma completa e modulare di macchine e accessori.<\/p>\n<\/div>\n<\/div>\n\n\n\n<div class=\"wp-block-columns is-layout-flex wp-container-core-columns-is-layout-2 wp-block-columns-is-layout-flex\" id=\"02\">\n<div class=\"wp-block-column is-layout-flow wp-block-column-is-layout-flow\"><div class=\"wp-block-getwid-images-slider has-arrows-inside has-dots-inside has-images-center has-cropped-images has-fixed-height\"><div class=\"wp-block-getwid-images-slider__wrapper\" data-effect=\"fade\" data-slides-show=\"1\" data-slides-show-laptop=\"1\" data-slides-show-tablet=\"1\" data-slides-show-mobile=\"1\" data-slides-scroll=\"1\" data-autoplay=\"true\" data-autoplay-speed=\"5000\" data-infinite=\"true\" data-animation-speed=\"800\" data-center-mode=\"false\" data-variable-width=\"false\" data-arrows=\"inside\" data-dots=\"inside\" data-spacing=\"none\"><div class=\"wp-block-getwid-images-slider__item\" style=\"height:350px\"><figure><img loading=\"lazy\" decoding=\"async\" width=\"1200\" height=\"800\" src=\"https:\/\/www.stretchhood.it\/wp-content\/uploads\/2021\/12\/image-services-02.jpg\" data-id=\"2036\" data-link=\"https:\/\/www.stretchhood.it\/services\/attachment\/image-services-02\/\" data-original-link=\"https:\/\/www.stretchhood.it\/wp-content\/uploads\/2021\/12\/image-services-02.jpg\" class=\"wp-block-getwid-images-slider__image wp-image-2036\" srcset=\"https:\/\/www.stretchhood.it\/wp-content\/uploads\/2021\/12\/image-services-02.jpg 1200w, https:\/\/www.stretchhood.it\/wp-content\/uploads\/2021\/12\/image-services-02-980x653.jpg 980w, https:\/\/www.stretchhood.it\/wp-content\/uploads\/2021\/12\/image-services-02-480x320.jpg 480w\" sizes=\"(min-width: 0px) and (max-width: 480px) 480px, (min-width: 481px) and (max-width: 980px) 980px, (min-width: 981px) 1200px, 100vw\" \/><\/figure><\/div><\/div><\/div>\r\n<\/div>\n\n\n\n<div class=\"wp-block-column is-layout-flow wp-block-column-is-layout-flow\">\n<h3 class=\"wp-block-heading\">Test d&#8217;imballo<\/h3>\n\n\n\n<p>Non c&#8217;\u00e8 spazio per gli errori. Inviando una campionatura da Bocedi, un team dedicato far\u00e0 tutti i test d&#8217;imballo necessari per trovare la miglior soluzione di packaging.<\/p>\n\n\n\n<p>Insieme al cliente, il reparto di ricerca e sviluppo Bocedi, trover\u00e0 la soluzione per soddisfare tutti i requisiti di sicurezza e stabilit\u00e0 per la merce.<\/p>\n<\/div>\n<\/div>\n\n\n\n<div class=\"wp-block-columns is-layout-flex wp-container-core-columns-is-layout-3 wp-block-columns-is-layout-flex\" id=\"03\">\n<div class=\"wp-block-column is-layout-flow wp-block-column-is-layout-flow\"><div class=\"wp-block-getwid-images-slider has-arrows-inside has-dots-inside has-images-center has-cropped-images has-fixed-height\"><div class=\"wp-block-getwid-images-slider__wrapper\" data-effect=\"fade\" data-slides-show=\"1\" data-slides-show-laptop=\"1\" data-slides-show-tablet=\"1\" data-slides-show-mobile=\"1\" data-slides-scroll=\"1\" data-autoplay=\"true\" data-autoplay-speed=\"5000\" data-infinite=\"true\" data-animation-speed=\"800\" data-center-mode=\"false\" data-variable-width=\"false\" data-arrows=\"inside\" data-dots=\"inside\" data-spacing=\"none\"><div class=\"wp-block-getwid-images-slider__item\" style=\"height:350px\"><figure><img loading=\"lazy\" decoding=\"async\" width=\"1200\" height=\"800\" src=\"https:\/\/www.stretchhood.it\/wp-content\/uploads\/2021\/12\/image-services-03.jpg\" data-id=\"2037\" data-link=\"https:\/\/www.stretchhood.it\/services\/attachment\/image-services-03\/\" data-original-link=\"https:\/\/www.stretchhood.it\/wp-content\/uploads\/2021\/12\/image-services-03.jpg\" class=\"wp-block-getwid-images-slider__image wp-image-2037\" srcset=\"https:\/\/www.stretchhood.it\/wp-content\/uploads\/2021\/12\/image-services-03.jpg 1200w, https:\/\/www.stretchhood.it\/wp-content\/uploads\/2021\/12\/image-services-03-980x653.jpg 980w, https:\/\/www.stretchhood.it\/wp-content\/uploads\/2021\/12\/image-services-03-480x320.jpg 480w\" sizes=\"(min-width: 0px) and (max-width: 480px) 480px, (min-width: 481px) and (max-width: 980px) 980px, (min-width: 981px) 1200px, 100vw\" \/><\/figure><\/div><\/div><\/div>\r\n<\/div>\n\n\n\n<div class=\"wp-block-column is-layout-flow wp-block-column-is-layout-flow\">\n<h3 class=\"wp-block-heading\">Installazione ed avviamento<\/h3>\n\n\n\n<p>Per offrire soluzioni sicure ed affidabili, il team Bocedi sottopone tutti i macchinari a test rigorosi prima della loro spedizione.<\/p>\n\n\n\n<p>Una squadra completa di tecnici esperti e qualificati segue poi le macchine in tutto il mondo, per l&#8217;installazione e l&#8217;avviamento dell&#8217;impianto, controllando tutti i settaggi in loco e offrendo al cliente una soluzione chiavi in mano.<\/p>\n\n\n\n<p>Il team tecnico Bocedi organizza inoltre corsi di formazione in tutto il mondo.<\/p>\n<\/div>\n<\/div>\n\n\n\n<div class=\"wp-block-columns is-layout-flex wp-container-core-columns-is-layout-4 wp-block-columns-is-layout-flex\" id=\"04\">\n<div class=\"wp-block-column is-layout-flow wp-block-column-is-layout-flow\"><div class=\"wp-block-getwid-images-slider has-arrows-inside has-dots-inside has-images-center has-cropped-images has-fixed-height\"><div class=\"wp-block-getwid-images-slider__wrapper\" data-effect=\"fade\" data-slides-show=\"1\" data-slides-show-laptop=\"1\" data-slides-show-tablet=\"1\" data-slides-show-mobile=\"1\" data-slides-scroll=\"1\" data-autoplay=\"true\" data-autoplay-speed=\"5000\" data-infinite=\"true\" data-animation-speed=\"800\" data-center-mode=\"false\" data-variable-width=\"false\" data-arrows=\"inside\" data-dots=\"inside\" data-spacing=\"none\"><div class=\"wp-block-getwid-images-slider__item\" style=\"height:350px\"><figure><img loading=\"lazy\" decoding=\"async\" width=\"1200\" height=\"800\" src=\"https:\/\/www.stretchhood.it\/wp-content\/uploads\/2021\/12\/image-services-04.jpg\" data-id=\"2038\" data-link=\"https:\/\/www.stretchhood.it\/services\/attachment\/image-services-04\/\" data-original-link=\"https:\/\/www.stretchhood.it\/wp-content\/uploads\/2021\/12\/image-services-04.jpg\" class=\"wp-block-getwid-images-slider__image wp-image-2038\" srcset=\"https:\/\/www.stretchhood.it\/wp-content\/uploads\/2021\/12\/image-services-04.jpg 1200w, https:\/\/www.stretchhood.it\/wp-content\/uploads\/2021\/12\/image-services-04-980x653.jpg 980w, https:\/\/www.stretchhood.it\/wp-content\/uploads\/2021\/12\/image-services-04-480x320.jpg 480w\" sizes=\"(min-width: 0px) and (max-width: 480px) 480px, (min-width: 481px) and (max-width: 980px) 980px, (min-width: 981px) 1200px, 100vw\" \/><\/figure><\/div><\/div><\/div>\r\n<\/div>\n\n\n\n<div class=\"wp-block-column is-layout-flow wp-block-column-is-layout-flow\">\n<h3 class=\"wp-block-heading\">Ricambi<\/h3>\n\n\n\n<p>Un team specializzato offre assistenza per il post vendita e per tutta la ricambistica.<\/p>\n\n\n\n<p>Revisioni, aggiornamenti e modifiche d&#8217;impianto, kit di manutenzione e servizio. Tutto facilmente reperibile e con ottime tempistiche.<\/p>\n\n\n\n<p>L&#8217;efficienza del team \u00e8 supportata anche dai magazzini automatici strategicamente dedicati alle parti di ricambio e al materiale di alto consumo.<\/p>\n\n\n\n<p>Contatta <a href=\"mailto:spare@bocedisrl.com\">spare@bocedisrl.com<\/a>.<\/p>\n<\/div>\n<\/div>\n\n\n\n<div class=\"wp-block-columns is-layout-flex wp-container-core-columns-is-layout-5 wp-block-columns-is-layout-flex\" id=\"05\">\n<div class=\"wp-block-column is-layout-flow wp-block-column-is-layout-flow\"><div class=\"wp-block-getwid-images-slider has-arrows-inside has-dots-inside has-images-center has-cropped-images has-fixed-height\"><div class=\"wp-block-getwid-images-slider__wrapper\" data-effect=\"fade\" data-slides-show=\"1\" data-slides-show-laptop=\"1\" data-slides-show-tablet=\"1\" data-slides-show-mobile=\"1\" data-slides-scroll=\"1\" data-autoplay=\"true\" data-autoplay-speed=\"5000\" data-infinite=\"true\" data-animation-speed=\"800\" data-center-mode=\"false\" data-variable-width=\"false\" data-arrows=\"inside\" data-dots=\"inside\" data-spacing=\"none\"><div class=\"wp-block-getwid-images-slider__item\" style=\"height:350px\"><figure><img loading=\"lazy\" decoding=\"async\" width=\"1200\" height=\"800\" src=\"https:\/\/www.stretchhood.it\/wp-content\/uploads\/2021\/12\/image-services-05.jpg\" data-id=\"2039\" data-link=\"https:\/\/www.stretchhood.it\/services\/attachment\/image-services-05\/\" data-original-link=\"https:\/\/www.stretchhood.it\/wp-content\/uploads\/2021\/12\/image-services-05.jpg\" class=\"wp-block-getwid-images-slider__image wp-image-2039\" srcset=\"https:\/\/www.stretchhood.it\/wp-content\/uploads\/2021\/12\/image-services-05.jpg 1200w, https:\/\/www.stretchhood.it\/wp-content\/uploads\/2021\/12\/image-services-05-980x653.jpg 980w, https:\/\/www.stretchhood.it\/wp-content\/uploads\/2021\/12\/image-services-05-480x320.jpg 480w\" sizes=\"(min-width: 0px) and (max-width: 480px) 480px, (min-width: 481px) and (max-width: 980px) 980px, (min-width: 981px) 1200px, 100vw\" \/><\/figure><\/div><\/div><\/div>\r\n<\/div>\n\n\n\n<div class=\"wp-block-column is-layout-flow wp-block-column-is-layout-flow\">\n<h3 class=\"wp-block-heading\">Diagnostica remota<\/h3>\n\n\n\n<p>Un riscontro in tempo reale \u00e8 importante per garantire continuit\u00e0 produttiva all&#8217;impianto, azzerandone i tempi di fermo. Bocedi offre la possibilit\u00e0 di accesso remoto su tutte le proprie installazioni in qualsiasi parte del mondo: un riscontro veloce ed immediato da parte di un tecnico qualificato che ti possa guidare nella comprensione delle funzionalit\u00e0 della macchina e nella risoluzione dei relativi allarmi.<\/p>\n<\/div>\n<\/div>\n<\/div>\n","protected":false},"excerpt":{"rendered":"<p>Fatti su misura Bocedi produce\u00a0soluzioni per l&#8217;imballaggio\u00a0di fine linea costruite attorno ai requisiti della propria clientela. Tutte le configurazioni d&#8217;impianto diventano standard in Bocedi quando riescono a soddisfare i bisogni dei clienti. Il team tecnico dedicato analizzer\u00e0 le specifiche richieste di ogni cliente e proporr\u00e0 la miglior soluzione scegliendo dalla gamma completa e modulare di [&hellip;]<\/p>\n","protected":false},"author":1,"featured_media":2909,"parent":0,"menu_order":0,"comment_status":"closed","ping_status":"closed","template":"","meta":{"_acf_changed":false,"_et_pb_use_builder":"off","_et_pb_old_content":"","_et_gb_content_width":"","footnotes":""},"acf":[],"yoast_head":"<!-- This site is optimized with the Yoast SEO plugin v22.7 - https:\/\/yoast.com\/wordpress\/plugins\/seo\/ -->\n<title>Servizi - Bocedi srl<\/title>\n<meta name=\"description\" content=\"Bocedi offre molto di pi\u00f9 che semplici macchine: soluzioni su misura, test d&#039;imballo, installazione ed avviamento, ricambi, diagnostica remota.\" \/>\n<meta name=\"robots\" content=\"index, follow, max-snippet:-1, max-image-preview:large, max-video-preview:-1\" \/>\n<link rel=\"canonical\" href=\"https:\/\/mail.stretchhood.it\/it\/servizi\/\" \/>\n<meta property=\"og:locale\" content=\"it_IT\" \/>\n<meta property=\"og:type\" content=\"article\" \/>\n<meta property=\"og:title\" content=\"Servizi - Bocedi srl\" \/>\n<meta property=\"og:description\" content=\"Bocedi offre molto di pi\u00f9 che semplici macchine: soluzioni su misura, test d&#039;imballo, installazione ed avviamento, ricambi, diagnostica remota.\" \/>\n<meta property=\"og:url\" content=\"https:\/\/mail.stretchhood.it\/it\/servizi\/\" \/>\n<meta property=\"og:site_name\" content=\"Bocedi srl\" \/>\n<meta property=\"article:modified_time\" content=\"2021-12-30T11:30:47+00:00\" \/>\n<meta property=\"og:image\" content=\"https:\/\/www.bocedisrl.com\/wp-content\/uploads\/2021\/12\/banner-services.jpg\" \/>\n\t<meta property=\"og:image:width\" content=\"1200\" \/>\n\t<meta property=\"og:image:height\" content=\"800\" \/>\n\t<meta property=\"og:image:type\" content=\"image\/jpeg\" \/>\n<meta name=\"twitter:card\" content=\"summary_large_image\" \/>\n<meta name=\"twitter:label1\" content=\"Tempo di lettura stimato\" \/>\n\t<meta name=\"twitter:data1\" content=\"2 minuti\" \/>\n<script type=\"application\/ld+json\" class=\"yoast-schema-graph\">{\"@context\":\"https:\/\/schema.org\",\"@graph\":[{\"@type\":\"WebPage\",\"@id\":\"https:\/\/mail.stretchhood.it\/it\/servizi\/\",\"url\":\"https:\/\/mail.stretchhood.it\/it\/servizi\/\",\"name\":\"Servizi - Bocedi srl\",\"isPartOf\":{\"@id\":\"https:\/\/mail.stretchhood.it\/it\/#website\"},\"primaryImageOfPage\":{\"@id\":\"https:\/\/mail.stretchhood.it\/it\/servizi\/#primaryimage\"},\"image\":{\"@id\":\"https:\/\/mail.stretchhood.it\/it\/servizi\/#primaryimage\"},\"thumbnailUrl\":\"https:\/\/mail.stretchhood.it\/wp-content\/uploads\/2021\/12\/banner-services.jpg\",\"datePublished\":\"2021-11-29T09:39:25+00:00\",\"dateModified\":\"2021-12-30T11:30:47+00:00\",\"description\":\"Bocedi offre molto di pi\u00f9 che semplici macchine: soluzioni su misura, test d'imballo, installazione ed avviamento, ricambi, diagnostica remota.\",\"breadcrumb\":{\"@id\":\"https:\/\/mail.stretchhood.it\/it\/servizi\/#breadcrumb\"},\"inLanguage\":\"it-IT\",\"potentialAction\":[{\"@type\":\"ReadAction\",\"target\":[\"https:\/\/mail.stretchhood.it\/it\/servizi\/\"]}]},{\"@type\":\"ImageObject\",\"inLanguage\":\"it-IT\",\"@id\":\"https:\/\/mail.stretchhood.it\/it\/servizi\/#primaryimage\",\"url\":\"https:\/\/mail.stretchhood.it\/wp-content\/uploads\/2021\/12\/banner-services.jpg\",\"contentUrl\":\"https:\/\/mail.stretchhood.it\/wp-content\/uploads\/2021\/12\/banner-services.jpg\",\"width\":1200,\"height\":800},{\"@type\":\"BreadcrumbList\",\"@id\":\"https:\/\/mail.stretchhood.it\/it\/servizi\/#breadcrumb\",\"itemListElement\":[{\"@type\":\"ListItem\",\"position\":1,\"name\":\"Home\",\"item\":\"https:\/\/mail.stretchhood.it\/it\/\"},{\"@type\":\"ListItem\",\"position\":2,\"name\":\"Servizi\"}]},{\"@type\":\"WebSite\",\"@id\":\"https:\/\/mail.stretchhood.it\/it\/#website\",\"url\":\"https:\/\/mail.stretchhood.it\/it\/\",\"name\":\"Bocedi srl\",\"description\":\"Pallet Packaging Systems\",\"publisher\":{\"@id\":\"https:\/\/mail.stretchhood.it\/it\/#organization\"},\"potentialAction\":[{\"@type\":\"SearchAction\",\"target\":{\"@type\":\"EntryPoint\",\"urlTemplate\":\"https:\/\/mail.stretchhood.it\/it\/?s={search_term_string}\"},\"query-input\":\"required name=search_term_string\"}],\"inLanguage\":\"it-IT\"},{\"@type\":\"Organization\",\"@id\":\"https:\/\/mail.stretchhood.it\/it\/#organization\",\"name\":\"Bocedi srl\",\"url\":\"https:\/\/mail.stretchhood.it\/it\/\",\"logo\":{\"@type\":\"ImageObject\",\"inLanguage\":\"it-IT\",\"@id\":\"https:\/\/mail.stretchhood.it\/it\/#\/schema\/logo\/image\/\",\"url\":\"https:\/\/www.bocedisrl.com\/wp-content\/uploads\/2021\/11\/logo-bocedi.png\",\"contentUrl\":\"https:\/\/www.bocedisrl.com\/wp-content\/uploads\/2021\/11\/logo-bocedi.png\",\"width\":800,\"height\":480,\"caption\":\"Bocedi srl\"},\"image\":{\"@id\":\"https:\/\/mail.stretchhood.it\/it\/#\/schema\/logo\/image\/\"}}]}<\/script>\n<!-- \/ Yoast SEO plugin. -->","yoast_head_json":{"title":"Servizi - Bocedi srl","description":"Bocedi offre molto di pi\u00f9 che semplici macchine: soluzioni su misura, test d'imballo, installazione ed avviamento, ricambi, diagnostica remota.","robots":{"index":"index","follow":"follow","max-snippet":"max-snippet:-1","max-image-preview":"max-image-preview:large","max-video-preview":"max-video-preview:-1"},"canonical":"https:\/\/mail.stretchhood.it\/it\/servizi\/","og_locale":"it_IT","og_type":"article","og_title":"Servizi - Bocedi srl","og_description":"Bocedi offre molto di pi\u00f9 che semplici macchine: soluzioni su misura, test d'imballo, installazione ed avviamento, ricambi, diagnostica remota.","og_url":"https:\/\/mail.stretchhood.it\/it\/servizi\/","og_site_name":"Bocedi srl","article_modified_time":"2021-12-30T11:30:47+00:00","og_image":[{"width":1200,"height":800,"url":"https:\/\/www.bocedisrl.com\/wp-content\/uploads\/2021\/12\/banner-services.jpg","type":"image\/jpeg"}],"twitter_card":"summary_large_image","twitter_misc":{"Tempo di lettura stimato":"2 minuti"},"schema":{"@context":"https:\/\/schema.org","@graph":[{"@type":"WebPage","@id":"https:\/\/mail.stretchhood.it\/it\/servizi\/","url":"https:\/\/mail.stretchhood.it\/it\/servizi\/","name":"Servizi - Bocedi srl","isPartOf":{"@id":"https:\/\/mail.stretchhood.it\/it\/#website"},"primaryImageOfPage":{"@id":"https:\/\/mail.stretchhood.it\/it\/servizi\/#primaryimage"},"image":{"@id":"https:\/\/mail.stretchhood.it\/it\/servizi\/#primaryimage"},"thumbnailUrl":"https:\/\/mail.stretchhood.it\/wp-content\/uploads\/2021\/12\/banner-services.jpg","datePublished":"2021-11-29T09:39:25+00:00","dateModified":"2021-12-30T11:30:47+00:00","description":"Bocedi offre molto di pi\u00f9 che semplici macchine: soluzioni su misura, test d'imballo, installazione ed avviamento, ricambi, diagnostica remota.","breadcrumb":{"@id":"https:\/\/mail.stretchhood.it\/it\/servizi\/#breadcrumb"},"inLanguage":"it-IT","potentialAction":[{"@type":"ReadAction","target":["https:\/\/mail.stretchhood.it\/it\/servizi\/"]}]},{"@type":"ImageObject","inLanguage":"it-IT","@id":"https:\/\/mail.stretchhood.it\/it\/servizi\/#primaryimage","url":"https:\/\/mail.stretchhood.it\/wp-content\/uploads\/2021\/12\/banner-services.jpg","contentUrl":"https:\/\/mail.stretchhood.it\/wp-content\/uploads\/2021\/12\/banner-services.jpg","width":1200,"height":800},{"@type":"BreadcrumbList","@id":"https:\/\/mail.stretchhood.it\/it\/servizi\/#breadcrumb","itemListElement":[{"@type":"ListItem","position":1,"name":"Home","item":"https:\/\/mail.stretchhood.it\/it\/"},{"@type":"ListItem","position":2,"name":"Servizi"}]},{"@type":"WebSite","@id":"https:\/\/mail.stretchhood.it\/it\/#website","url":"https:\/\/mail.stretchhood.it\/it\/","name":"Bocedi srl","description":"Pallet Packaging Systems","publisher":{"@id":"https:\/\/mail.stretchhood.it\/it\/#organization"},"potentialAction":[{"@type":"SearchAction","target":{"@type":"EntryPoint","urlTemplate":"https:\/\/mail.stretchhood.it\/it\/?s={search_term_string}"},"query-input":"required name=search_term_string"}],"inLanguage":"it-IT"},{"@type":"Organization","@id":"https:\/\/mail.stretchhood.it\/it\/#organization","name":"Bocedi srl","url":"https:\/\/mail.stretchhood.it\/it\/","logo":{"@type":"ImageObject","inLanguage":"it-IT","@id":"https:\/\/mail.stretchhood.it\/it\/#\/schema\/logo\/image\/","url":"https:\/\/www.bocedisrl.com\/wp-content\/uploads\/2021\/11\/logo-bocedi.png","contentUrl":"https:\/\/www.bocedisrl.com\/wp-content\/uploads\/2021\/11\/logo-bocedi.png","width":800,"height":480,"caption":"Bocedi srl"},"image":{"@id":"https:\/\/mail.stretchhood.it\/it\/#\/schema\/logo\/image\/"}}]}},"_links":{"self":[{"href":"https:\/\/mail.stretchhood.it\/it\/wp-json\/wp\/v2\/pages\/4420"}],"collection":[{"href":"https:\/\/mail.stretchhood.it\/it\/wp-json\/wp\/v2\/pages"}],"about":[{"href":"https:\/\/mail.stretchhood.it\/it\/wp-json\/wp\/v2\/types\/page"}],"author":[{"embeddable":true,"href":"https:\/\/mail.stretchhood.it\/it\/wp-json\/wp\/v2\/users\/1"}],"replies":[{"embeddable":true,"href":"https:\/\/mail.stretchhood.it\/it\/wp-json\/wp\/v2\/comments?post=4420"}],"version-history":[{"count":2,"href":"https:\/\/mail.stretchhood.it\/it\/wp-json\/wp\/v2\/pages\/4420\/revisions"}],"predecessor-version":[{"id":4425,"href":"https:\/\/mail.stretchhood.it\/it\/wp-json\/wp\/v2\/pages\/4420\/revisions\/4425"}],"wp:featuredmedia":[{"embeddable":true,"href":"https:\/\/mail.stretchhood.it\/it\/wp-json\/wp\/v2\/media\/2909"}],"wp:attachment":[{"href":"https:\/\/mail.stretchhood.it\/it\/wp-json\/wp\/v2\/media?parent=4420"}],"curies":[{"name":"wp","href":"https:\/\/api.w.org\/{rel}","templated":true}]}}